{"id":6458,"date":"2023-01-28T20:23:36","date_gmt":"2023-01-28T20:23:36","guid":{"rendered":"https:\/\/tavapy.gov.py\/biblioteca\/?post_type=product&#038;p=6458"},"modified":"2023-01-28T20:23:37","modified_gmt":"2023-01-28T20:23:37","slug":"el-sindrome-de-ulises","status":"publish","type":"product","link":"https:\/\/tavapy.gov.py\/biblioteca\/product\/el-sindrome-de-ulises\/","title":{"rendered":"EL S\u00cdNDROME DE ULISES."},"content":{"rendered":"","protected":false},"excerpt":{"rendered":"<p>El protagonista de la Odisea, al cual alude el t\u00edtulo de este libro, deambul\u00f3 durante diez a\u00f1os antes de poder volver a su hogar. Este sentimiento de desesperada a\u00f1oranza por la tierra natal, la cuna de los afectos y de la propia historia, es la emoci\u00f3n que consume al protagonista de esta novela apasionante.<\/p>\n<p>Se trata de un escritor joven que ha recorrido diversos pa\u00edses de Asia y \u00c1frica desempe\u00f1ando los oficios m\u00e1s humildes para lograr sobrevivir. Entretanto, transita por los reductos miserables donde se hacinan otros inmigrantes como \u00e9l, quienes a pesar de las diferencias de idioma y origen est\u00e1n hermanados por el mismo sentimiento: todos han sido condenados a padecer el s\u00edndrome de Ulises, la a\u00f1oranza dolorosa e imposible de la tierra que alg\u00fan d\u00eda los vio nacer.<\/p>\n<p>La obra El s\u00edndrome de Ulises fue publicada en el 2.005.<\/p>\n<p><a href=\"https:\/\/tavapy.gov.py\/biblioteca\/wp-content\/uploads\/2023\/01\/GamboaS-El-sindrome-de-Ulises.pdf\" target=\"_blank\" rel=\"attachment noopener wp-att-6421\"><img loading=\"lazy\" decoding=\"async\" class=\"size-full wp-image-6421 alignleft\" src=\"https:\/\/tavapy.gov.py\/biblioteca\/wp-content\/uploads\/2023\/01\/icono-PDF-copia-2-3.png\" alt=\"\" width=\"121\" height=\"140\" \/><\/a><\/p>\n","protected":false},"featured_media":6335,"comment_status":"open","ping_status":"closed","template":"","meta":{"spay_email":""},"product_cat":[777],"product_tag":[],"class_list":{"0":"post-6458","1":"product","2":"type-product","3":"status-publish","4":"has-post-thumbnail","6":"book_author-santiago-gamboa","7":"product_cat-novela-contemporanea","8":"entry"},"_links":{"self":[{"href":"https:\/\/tavapy.gov.py\/biblioteca\/wp-json\/wp\/v2\/product\/6458","targetHints":{"allow":["GET"]}}],"collection":[{"href":"https:\/\/tavapy.gov.py\/biblioteca\/wp-json\/wp\/v2\/product"}],"about":[{"href":"https:\/\/tavapy.gov.py\/biblioteca\/wp-json\/wp\/v2\/types\/product"}],"replies":[{"embeddable":true,"href":"https:\/\/tavapy.gov.py\/biblioteca\/wp-json\/wp\/v2\/comments?post=6458"}],"wp:featuredmedia":[{"embeddable":true,"href":"https:\/\/tavapy.gov.py\/biblioteca\/wp-json\/wp\/v2\/media\/6335"}],"wp:attachment":[{"href":"https:\/\/tavapy.gov.py\/biblioteca\/wp-json\/wp\/v2\/media?parent=6458"}],"wp:term":[{"taxonomy":"product_cat","embeddable":true,"href":"https:\/\/tavapy.gov.py\/biblioteca\/wp-json\/wp\/v2\/product_cat?post=6458"},{"taxonomy":"product_tag","embeddable":true,"href":"https:\/\/tavapy.gov.py\/biblioteca\/wp-json\/wp\/v2\/product_tag?post=6458"}],"curies":[{"name":"wp","href":"https:\/\/api.w.org\/{rel}","templated":true}]}}