{"id":6460,"date":"2023-01-28T20:33:03","date_gmt":"2023-01-28T20:33:03","guid":{"rendered":"https:\/\/tavapy.gov.py\/biblioteca\/?post_type=product&#038;p=6460"},"modified":"2023-01-28T20:33:04","modified_gmt":"2023-01-28T20:33:04","slug":"sera-larga-la-noche","status":"publish","type":"product","link":"https:\/\/tavapy.gov.py\/biblioteca\/product\/sera-larga-la-noche\/","title":{"rendered":"SER\u00c1 LARGA LA NOCHE."},"content":{"rendered":"","protected":false},"excerpt":{"rendered":"<p>\u00abDesde donde estaba el ni\u00f1o, el aire era un tejido de centellas y fogonazos.\u00bb<\/p>\n<p>Un ni\u00f1o es testigo de un brutal enfrentamiento en una carretera perdida en el departamento del Cauca, en Colombia. Nadie en el pueblo m\u00e1s cercano dice haber o\u00eddo nada, pero una denuncia an\u00f3nima del hecho llega a manos del fiscal Jutsi\u00f1amuy, en Bogot\u00e1.<\/p>\n<p>En compa\u00f1\u00eda de dos entra\u00f1ables hero\u00ednas, la periodista Julieta Lezama y su asistente Johana, exguerrillera de las FARC, el fiscal se embarcar\u00e1 en una peligrosa investigaci\u00f3n que si bien apunta a sospechosos de toda \u00edndole, terminar\u00e1 por hallar unos culpables inesperados, tan peligrosos como los m\u00e1s.<\/p>\n<p>Ser\u00e1 larga la noche es una historia vertiginosa salpicada de notables momentos de humor y de dolor; una novela que descubre la desigualdad y la violencia que no dan tregua en Colombia.<\/p>\n<p>La obra Ser\u00e1 larga la noche fue publicada en el 2.019.<\/p>\n<p><a href=\"https:\/\/tavapy.gov.py\/biblioteca\/wp-content\/uploads\/2023\/01\/GamboaS-Sera-larga-la-noche.pdf\" target=\"_blank\" rel=\"attachment noopener wp-att-6421\"><img loading=\"lazy\" decoding=\"async\" class=\"size-full wp-image-6421 alignleft\" src=\"https:\/\/tavapy.gov.py\/biblioteca\/wp-content\/uploads\/2023\/01\/icono-PDF-copia-2-3.png\" alt=\"\" width=\"121\" height=\"140\" \/><\/a><\/p>\n","protected":false},"featured_media":6340,"comment_status":"open","ping_status":"closed","template":"","meta":{"spay_email":""},"product_cat":[777],"product_tag":[],"class_list":{"0":"post-6460","1":"product","2":"type-product","3":"status-publish","4":"has-post-thumbnail","6":"book_author-santiago-gamboa","7":"product_cat-novela-contemporanea","8":"entry"},"_links":{"self":[{"href":"https:\/\/tavapy.gov.py\/biblioteca\/wp-json\/wp\/v2\/product\/6460","targetHints":{"allow":["GET"]}}],"collection":[{"href":"https:\/\/tavapy.gov.py\/biblioteca\/wp-json\/wp\/v2\/product"}],"about":[{"href":"https:\/\/tavapy.gov.py\/biblioteca\/wp-json\/wp\/v2\/types\/product"}],"replies":[{"embeddable":true,"href":"https:\/\/tavapy.gov.py\/biblioteca\/wp-json\/wp\/v2\/comments?post=6460"}],"wp:featuredmedia":[{"embeddable":true,"href":"https:\/\/tavapy.gov.py\/biblioteca\/wp-json\/wp\/v2\/media\/6340"}],"wp:attachment":[{"href":"https:\/\/tavapy.gov.py\/biblioteca\/wp-json\/wp\/v2\/media?parent=6460"}],"wp:term":[{"taxonomy":"product_cat","embeddable":true,"href":"https:\/\/tavapy.gov.py\/biblioteca\/wp-json\/wp\/v2\/product_cat?post=6460"},{"taxonomy":"product_tag","embeddable":true,"href":"https:\/\/tavapy.gov.py\/biblioteca\/wp-json\/wp\/v2\/product_tag?post=6460"}],"curies":[{"name":"wp","href":"https:\/\/api.w.org\/{rel}","templated":true}]}}