{"id":6461,"date":"2023-01-28T20:39:45","date_gmt":"2023-01-28T20:39:45","guid":{"rendered":"https:\/\/tavapy.gov.py\/biblioteca\/?post_type=product&#038;p=6461"},"modified":"2024-05-13T19:03:53","modified_gmt":"2024-05-13T19:03:53","slug":"la-meta-secreta-de-los-templarios-el-ocultismo-de-la-orden-al-descubierto","status":"publish","type":"product","link":"https:\/\/tavapy.gov.py\/biblioteca\/product\/la-meta-secreta-de-los-templarios-el-ocultismo-de-la-orden-al-descubierto\/","title":{"rendered":"LA META SECRETA DE LOS TEMPLARIOS: EL OCULTISMO DE LA ORDEN AL DESCUBIERTO."},"content":{"rendered":"","protected":false},"excerpt":{"rendered":"<p>\u00bfQui\u00e9nes eran realmente estos caballeros? \u00bfQu\u00e9 buscaban al elegir tan rigurosamente el emplazamiento de sus castillos? \u00bfQu\u00e9 ocultaban tan afanosamente? \u00bfCu\u00e1l era su misi\u00f3n? &#8230; Aut\u00e9nticos motores de la evoluci\u00f3n espiritual de la Edad Media y antecedentes ocultos de una arquitectura m\u00e1gica: el g\u00f3tico, los templarios son el eslab\u00f3n fundamental de un intrigante proceso que empieza en la noche de los tiempos y llega hasta nuestros d\u00edas.<\/p>\n<p>La meta secreta de los templarios es un completo ensayo de investigaci\u00f3n sobre la aventura templaria medieval espa\u00f1ola. Juan G. Atienza, gran especialista en la materia y uno de los autores m\u00e1s le\u00eddos de Espa\u00f1a en este campo, recupera una historia, hoy en pleno auge, a partir de la escasa informaci\u00f3n existente sobre esta misteriosa Orden.<\/p>\n<p>Esta obra publicada en 1.979 es imprescindible para conocer todos los secretos de los guardianes de una tradici\u00f3n remota cuyos vestigios materiales se han perdido, pero cuyo recuerdo se mantiene latente en la memoria de los pueblos.<\/p>\n<p><a href=\"https:\/\/tavapy.gov.py\/biblioteca\/wp-content\/uploads\/2023\/01\/Garcia-AtienzaJ-La-meta-secreta-de-los-templarios.pdf\" target=\"_blank\" rel=\"attachment noopener wp-att-6421\"><img loading=\"lazy\" decoding=\"async\" class=\"size-full wp-image-6421 alignleft\" src=\"https:\/\/tavapy.gov.py\/biblioteca\/wp-content\/uploads\/2023\/01\/icono-PDF-copia-2-3.png\" alt=\"\" width=\"121\" height=\"140\" \/><\/a><\/p>\n","protected":false},"featured_media":6342,"comment_status":"open","ping_status":"closed","template":"","meta":{"spay_email":""},"product_cat":[792],"product_tag":[],"class_list":{"0":"post-6461","1":"product","2":"type-product","3":"status-publish","4":"has-post-thumbnail","6":"book_author-juan-garcia-atienza","7":"product_cat-historia-cristianismo-esoterismo","8":"entry"},"_links":{"self":[{"href":"https:\/\/tavapy.gov.py\/biblioteca\/wp-json\/wp\/v2\/product\/6461","targetHints":{"allow":["GET"]}}],"collection":[{"href":"https:\/\/tavapy.gov.py\/biblioteca\/wp-json\/wp\/v2\/product"}],"about":[{"href":"https:\/\/tavapy.gov.py\/biblioteca\/wp-json\/wp\/v2\/types\/product"}],"replies":[{"embeddable":true,"href":"https:\/\/tavapy.gov.py\/biblioteca\/wp-json\/wp\/v2\/comments?post=6461"}],"wp:featuredmedia":[{"embeddable":true,"href":"https:\/\/tavapy.gov.py\/biblioteca\/wp-json\/wp\/v2\/media\/6342"}],"wp:attachment":[{"href":"https:\/\/tavapy.gov.py\/biblioteca\/wp-json\/wp\/v2\/media?parent=6461"}],"wp:term":[{"taxonomy":"product_cat","embeddable":true,"href":"https:\/\/tavapy.gov.py\/biblioteca\/wp-json\/wp\/v2\/product_cat?post=6461"},{"taxonomy":"product_tag","embeddable":true,"href":"https:\/\/tavapy.gov.py\/biblioteca\/wp-json\/wp\/v2\/product_tag?post=6461"}],"curies":[{"name":"wp","href":"https:\/\/api.w.org\/{rel}","templated":true}]}}