{"id":6465,"date":"2023-01-28T21:03:21","date_gmt":"2023-01-28T21:03:21","guid":{"rendered":"https:\/\/tavapy.gov.py\/biblioteca\/?post_type=product&#038;p=6465"},"modified":"2023-01-28T21:03:21","modified_gmt":"2023-01-28T21:03:21","slug":"mas-fuerte-que-el-odio","status":"publish","type":"product","link":"https:\/\/tavapy.gov.py\/biblioteca\/product\/mas-fuerte-que-el-odio\/","title":{"rendered":"M\u00c1S FUERTE QUE EL ODIO."},"content":{"rendered":"","protected":false},"excerpt":{"rendered":"<p>El esperanzador testimonio de Tim Gu\u00e9nard ha causado una enorme conmoci\u00f3n en Francia, donde se han vendido m\u00e1s de 300.000 ejemplares de su libro. Su nombre es Tim Gu\u00e9nard y este libro es el relato de su vida. Ha necesitado a\u00f1os de silencio y de amor para poder decirlo casi todo. Ha vivido lo que cuenta en estas p\u00e1ginas.<\/p>\n<p>Este libro publicado en 1.999 no es pues una novela, sino el vigoroso testimonio \u2013crudo, enternecedor- de una vida herida por un destino terrible. Tim fue un ni\u00f1o con el coraz\u00f3n y el rostro destrozados. Un patito feo. A los 3 a\u00f1os, su madre le ata a un poste de la electricidad y lo abandona en medio del bosque. A los 5, su padre le propina una brutal paliza, que lo desfigura. Atendido en el hospital en el que ha ingresado para iniciar una larga reeducaci\u00f3n, apenas sabe hablar.<\/p>\n<p>A los siete a\u00f1os, entra en un orfanato, sufre el maltrato institucional, el desprecio, el aislamiento afectivo y acaba en la \u00abcasa de los locos\u00bb. En el reformatorio, aprende a pelearse. En un mundo gobernado por la humillaci\u00f3n, su violencia se convertir\u00e1 en su \u00fanico orgullo; la venganza, en su \u00fanica dignidad. S\u00f3lo el odio le mantiene en pie.<\/p>\n<p>Tiene doce a\u00f1os&#8230;, y la fatalidad le arrastrar\u00e1 a la fuga, al robo, a la pelea, a la violaci\u00f3n y a la prostituci\u00f3n. Carne de ca\u00f1\u00f3n. Sin embargo, diversos factores determinantes de la resiliencia \u2013el encuentro con algunas personas con las que establece un fuerte v\u00ednculo afectivo, la sensibilidad art\u00edstica y una innata capacidad de superaci\u00f3n, el amor y el perd\u00f3n- detendr\u00e1n la rueda de este viaje en ca\u00edda libre hacia la nada.<\/p>\n<p><a href=\"https:\/\/tavapy.gov.py\/biblioteca\/wp-content\/uploads\/2023\/01\/GuenardT-Mas-fuerte-que-el-odio.pdf\" target=\"_blank\" rel=\"attachment noopener wp-att-6421\"><img loading=\"lazy\" decoding=\"async\" class=\"size-full wp-image-6421 alignleft\" src=\"https:\/\/tavapy.gov.py\/biblioteca\/wp-content\/uploads\/2023\/01\/icono-PDF-copia-2-3.png\" alt=\"\" width=\"121\" height=\"140\" \/><\/a><\/p>\n","protected":false},"featured_media":6352,"comment_status":"open","ping_status":"closed","template":"","meta":{"spay_email":""},"product_cat":[770],"product_tag":[],"class_list":{"0":"post-6465","1":"product","2":"type-product","3":"status-publish","4":"has-post-thumbnail","6":"book_author-tim-guenard","7":"product_cat-historia-biografia","8":"entry"},"_links":{"self":[{"href":"https:\/\/tavapy.gov.py\/biblioteca\/wp-json\/wp\/v2\/product\/6465","targetHints":{"allow":["GET"]}}],"collection":[{"href":"https:\/\/tavapy.gov.py\/biblioteca\/wp-json\/wp\/v2\/product"}],"about":[{"href":"https:\/\/tavapy.gov.py\/biblioteca\/wp-json\/wp\/v2\/types\/product"}],"replies":[{"embeddable":true,"href":"https:\/\/tavapy.gov.py\/biblioteca\/wp-json\/wp\/v2\/comments?post=6465"}],"wp:featuredmedia":[{"embeddable":true,"href":"https:\/\/tavapy.gov.py\/biblioteca\/wp-json\/wp\/v2\/media\/6352"}],"wp:attachment":[{"href":"https:\/\/tavapy.gov.py\/biblioteca\/wp-json\/wp\/v2\/media?parent=6465"}],"wp:term":[{"taxonomy":"product_cat","embeddable":true,"href":"https:\/\/tavapy.gov.py\/biblioteca\/wp-json\/wp\/v2\/product_cat?post=6465"},{"taxonomy":"product_tag","embeddable":true,"href":"https:\/\/tavapy.gov.py\/biblioteca\/wp-json\/wp\/v2\/product_tag?post=6465"}],"curies":[{"name":"wp","href":"https:\/\/api.w.org\/{rel}","templated":true}]}}