{"id":6467,"date":"2023-01-28T21:11:14","date_gmt":"2023-01-28T21:11:14","guid":{"rendered":"https:\/\/tavapy.gov.py\/biblioteca\/?post_type=product&#038;p=6467"},"modified":"2023-01-28T21:11:14","modified_gmt":"2023-01-28T21:11:14","slug":"el-gaucho-martin-fierro","status":"publish","type":"product","link":"https:\/\/tavapy.gov.py\/biblioteca\/product\/el-gaucho-martin-fierro\/","title":{"rendered":"EL GAUCHO MART\u00cdN FIERRO."},"content":{"rendered":"","protected":false},"excerpt":{"rendered":"<p>Traducido a 70 idiomas, es la obra m\u00e1xima de la literatura gauchesca. El \u00abMart\u00edn Fierro\u00bb est\u00e1 incorporado a la cotidianeidad del ser argentino por sus ense\u00f1anzas, sus descripciones, sus consejos, y su decir sencillo y sin medias tintas.<\/p>\n<p>Una inspiraci\u00f3n \u00fanica e irrepetible de Jos\u00e9 Hern\u00e1ndez, militar, periodista, poeta y pol\u00edtico argentino, que tuvo en esta creaci\u00f3n el momento cumbre de su paso por la escena social de este pa\u00eds, hacia fines del siglo XIX.<\/p>\n<p>El poema publicado en 1.872 es, en parte, una protesta en contra de la pol\u00edtica del presidente Domingo Faustino Sarmiento de reclutar forzosamente a los gauchos para ir a la frontera contra el indio.<\/p>\n<p><a href=\"https:\/\/tavapy.gov.py\/biblioteca\/wp-content\/uploads\/2023\/01\/HernandezJ-El-gaucho-Martin-Fierro.pdf\" target=\"_blank\" rel=\"attachment noopener wp-att-6421\"><img loading=\"lazy\" decoding=\"async\" class=\"size-full wp-image-6421 alignleft\" src=\"https:\/\/tavapy.gov.py\/biblioteca\/wp-content\/uploads\/2023\/01\/icono-PDF-copia-2-3.png\" alt=\"\" width=\"121\" height=\"140\" \/><\/a><\/p>\n","protected":false},"featured_media":6355,"comment_status":"open","ping_status":"closed","template":"","meta":{"spay_email":""},"product_cat":[796],"product_tag":[],"class_list":{"0":"post-6467","1":"product","2":"type-product","3":"status-publish","4":"has-post-thumbnail","6":"book_author-jose-hernandez","7":"product_cat-poema-popular","8":"entry"},"_links":{"self":[{"href":"https:\/\/tavapy.gov.py\/biblioteca\/wp-json\/wp\/v2\/product\/6467","targetHints":{"allow":["GET"]}}],"collection":[{"href":"https:\/\/tavapy.gov.py\/biblioteca\/wp-json\/wp\/v2\/product"}],"about":[{"href":"https:\/\/tavapy.gov.py\/biblioteca\/wp-json\/wp\/v2\/types\/product"}],"replies":[{"embeddable":true,"href":"https:\/\/tavapy.gov.py\/biblioteca\/wp-json\/wp\/v2\/comments?post=6467"}],"wp:featuredmedia":[{"embeddable":true,"href":"https:\/\/tavapy.gov.py\/biblioteca\/wp-json\/wp\/v2\/media\/6355"}],"wp:attachment":[{"href":"https:\/\/tavapy.gov.py\/biblioteca\/wp-json\/wp\/v2\/media?parent=6467"}],"wp:term":[{"taxonomy":"product_cat","embeddable":true,"href":"https:\/\/tavapy.gov.py\/biblioteca\/wp-json\/wp\/v2\/product_cat?post=6467"},{"taxonomy":"product_tag","embeddable":true,"href":"https:\/\/tavapy.gov.py\/biblioteca\/wp-json\/wp\/v2\/product_tag?post=6467"}],"curies":[{"name":"wp","href":"https:\/\/api.w.org\/{rel}","templated":true}]}}