{"id":6468,"date":"2023-01-28T21:28:23","date_gmt":"2023-01-28T21:28:23","guid":{"rendered":"https:\/\/tavapy.gov.py\/biblioteca\/?post_type=product&#038;p=6468"},"modified":"2023-01-28T21:28:24","modified_gmt":"2023-01-28T21:28:24","slug":"el-arte-de-la-buena-vida-un-camino-hacia-la-alegria-estoica","status":"publish","type":"product","link":"https:\/\/tavapy.gov.py\/biblioteca\/product\/el-arte-de-la-buena-vida-un-camino-hacia-la-alegria-estoica\/","title":{"rendered":"EL ARTE DE LA BUENA VIDA: UN CAMINO HACIA LA ALEGR\u00cdA ESTOICA."},"content":{"rendered":"","protected":false},"excerpt":{"rendered":"<p>Uno de los grandes temores al que muchos de nosotros nos enfrentamos es descubrir al final que hemos desperdiciado nuestra vida, a pesar de todos nuestros esfuerzos. En El arte de la buena vida, obra publicada en el 2.008, William B. Irvine explora la sabidur\u00eda de la filosof\u00eda estoica, una de las escuelas de pensamiento m\u00e1s populares y exitosas de la antigua Roma, y muestra c\u00f3mo sus ideas y consejos a\u00fan pueden aplicarse hoy en d\u00eda.<\/p>\n<p>Utilizando los conocimientos psicol\u00f3gicos y las t\u00e9cnicas pr\u00e1cticas de los estoicos, Irvine ofrece una hoja de ruta para quienes buscan evitar los sentimientos de insatisfacci\u00f3n cr\u00f3nica que nos aquejan. Los lectores aprender\u00e1n c\u00f3mo minimizar sus preocupaciones, c\u00f3mo dejar de lado el pasado y centrar sus esfuerzos en las cosas que podemos controlar, y c\u00f3mo lidiar con los insultos, el dolor, la vejez y las tentaciones que distraen como la fama y la fortuna.<\/p>\n<p>Aprenderemos de Marco Aurelio la importancia de valorar solo cosas de verdadero valor, y de Ep\u00edcteto a estar m\u00e1s contentos con lo que tenemos.<\/p>\n<p>Si nos observamos a nosotros mismos en nuestro trabajo diario y luego reflexionamos sobre lo que vivimos, podremos identificar mejor las fuentes de angustia y evitar el dolor. Solo as\u00ed, pensaron los estoicos, podremos esperar alcanzar una vida verdaderamente feliz.<\/p>\n<p><a href=\"https:\/\/tavapy.gov.py\/biblioteca\/wp-content\/uploads\/2023\/01\/IrvineW-El-arte-de-la-buena-vida.-Un-camino-hacia-la-alegria-estoica.pdf\" target=\"_blank\" rel=\"attachment noopener wp-att-6421\"><img loading=\"lazy\" decoding=\"async\" class=\"size-full wp-image-6421 alignleft\" src=\"https:\/\/tavapy.gov.py\/biblioteca\/wp-content\/uploads\/2023\/01\/icono-PDF-copia-2-3.png\" alt=\"\" width=\"121\" height=\"140\" \/><\/a><\/p>\n","protected":false},"featured_media":6358,"comment_status":"open","ping_status":"closed","template":"","meta":{"spay_email":""},"product_cat":[616],"product_tag":[],"class_list":{"0":"post-6468","1":"product","2":"type-product","3":"status-publish","4":"has-post-thumbnail","6":"book_author-william-irvine","7":"product_cat-filosofia-antigua","8":"entry"},"_links":{"self":[{"href":"https:\/\/tavapy.gov.py\/biblioteca\/wp-json\/wp\/v2\/product\/6468","targetHints":{"allow":["GET"]}}],"collection":[{"href":"https:\/\/tavapy.gov.py\/biblioteca\/wp-json\/wp\/v2\/product"}],"about":[{"href":"https:\/\/tavapy.gov.py\/biblioteca\/wp-json\/wp\/v2\/types\/product"}],"replies":[{"embeddable":true,"href":"https:\/\/tavapy.gov.py\/biblioteca\/wp-json\/wp\/v2\/comments?post=6468"}],"wp:featuredmedia":[{"embeddable":true,"href":"https:\/\/tavapy.gov.py\/biblioteca\/wp-json\/wp\/v2\/media\/6358"}],"wp:attachment":[{"href":"https:\/\/tavapy.gov.py\/biblioteca\/wp-json\/wp\/v2\/media?parent=6468"}],"wp:term":[{"taxonomy":"product_cat","embeddable":true,"href":"https:\/\/tavapy.gov.py\/biblioteca\/wp-json\/wp\/v2\/product_cat?post=6468"},{"taxonomy":"product_tag","embeddable":true,"href":"https:\/\/tavapy.gov.py\/biblioteca\/wp-json\/wp\/v2\/product_tag?post=6468"}],"curies":[{"name":"wp","href":"https:\/\/api.w.org\/{rel}","templated":true}]}}