{"id":6469,"date":"2023-01-28T21:36:11","date_gmt":"2023-01-28T21:36:11","guid":{"rendered":"https:\/\/tavapy.gov.py\/biblioteca\/?post_type=product&#038;p=6469"},"modified":"2023-01-28T21:36:11","modified_gmt":"2023-01-28T21:36:11","slug":"la-salvacion-de-los-templarios","status":"publish","type":"product","link":"https:\/\/tavapy.gov.py\/biblioteca\/product\/la-salvacion-de-los-templarios\/","title":{"rendered":"LA SALVACI\u00d3N DE LOS TEMPLARIOS."},"content":{"rendered":"","protected":false},"excerpt":{"rendered":"<p>El autor de La orden del Temple vuelve a los templarios para desvelar el secreto mejor guardado de la Historia.<\/p>\n<p>Constantinopla, 1203. Mientras la armada de la Cuarta Cruzada sitia la ciudad, varios templarios logran infiltrarse en la librer\u00eda imperial dispuestos a recuperar unos documentos que han ca\u00eddo en las manos equivocadas.<\/p>\n<p>Ciudad del Vaticano, \u00e9poca actual. El agente del FBI Sean Reilly accede a los archivos secretos sobre la Inquisici\u00f3n. Su amante ha sido secuestrada, y la clave para su libertad reside en una historia secreta de los templarios que podr\u00e1 desvelar el enigma mejor guardado de la Historia. Pero nadie estar\u00e1 a salvo&#8230;<\/p>\n<p>La obra La salvaci\u00f3n de los templarios fue publicada en el 2.010.<\/p>\n<p><a href=\"https:\/\/tavapy.gov.py\/biblioteca\/wp-content\/uploads\/2023\/01\/KhouryR-La-salvacion-de-los-Templarios.pdf\" target=\"_blank\" rel=\"attachment noopener wp-att-6421\"><img loading=\"lazy\" decoding=\"async\" class=\"size-full wp-image-6421 alignleft\" src=\"https:\/\/tavapy.gov.py\/biblioteca\/wp-content\/uploads\/2023\/01\/icono-PDF-copia-2-3.png\" alt=\"\" width=\"121\" height=\"140\" \/><\/a><\/p>\n","protected":false},"featured_media":6361,"comment_status":"open","ping_status":"closed","template":"","meta":{"spay_email":""},"product_cat":[296],"product_tag":[],"class_list":{"0":"post-6469","1":"product","2":"type-product","3":"status-publish","4":"has-post-thumbnail","6":"book_author-raymond-khoury","7":"product_cat-novela-historica","8":"entry"},"_links":{"self":[{"href":"https:\/\/tavapy.gov.py\/biblioteca\/wp-json\/wp\/v2\/product\/6469","targetHints":{"allow":["GET"]}}],"collection":[{"href":"https:\/\/tavapy.gov.py\/biblioteca\/wp-json\/wp\/v2\/product"}],"about":[{"href":"https:\/\/tavapy.gov.py\/biblioteca\/wp-json\/wp\/v2\/types\/product"}],"replies":[{"embeddable":true,"href":"https:\/\/tavapy.gov.py\/biblioteca\/wp-json\/wp\/v2\/comments?post=6469"}],"wp:featuredmedia":[{"embeddable":true,"href":"https:\/\/tavapy.gov.py\/biblioteca\/wp-json\/wp\/v2\/media\/6361"}],"wp:attachment":[{"href":"https:\/\/tavapy.gov.py\/biblioteca\/wp-json\/wp\/v2\/media?parent=6469"}],"wp:term":[{"taxonomy":"product_cat","embeddable":true,"href":"https:\/\/tavapy.gov.py\/biblioteca\/wp-json\/wp\/v2\/product_cat?post=6469"},{"taxonomy":"product_tag","embeddable":true,"href":"https:\/\/tavapy.gov.py\/biblioteca\/wp-json\/wp\/v2\/product_tag?post=6469"}],"curies":[{"name":"wp","href":"https:\/\/api.w.org\/{rel}","templated":true}]}}