{"id":6470,"date":"2023-01-28T21:41:14","date_gmt":"2023-01-28T21:41:14","guid":{"rendered":"https:\/\/tavapy.gov.py\/biblioteca\/?post_type=product&#038;p=6470"},"modified":"2023-01-28T21:41:14","modified_gmt":"2023-01-28T21:41:14","slug":"amar-para-siempre","status":"publish","type":"product","link":"https:\/\/tavapy.gov.py\/biblioteca\/product\/amar-para-siempre\/","title":{"rendered":"AMAR PARA SIEMPRE."},"content":{"rendered":"","protected":false},"excerpt":{"rendered":"<p>Apasionante novela en la que Kleypas ofrece sobradas muestras de su capacidad para crear personajes memorables y atrapar al lector desde la primera p\u00e1gina.<\/p>\n<p>Durante una partida de caza en los alrededores de la mansi\u00f3n de un noble ingl\u00e9s, Alex Falkner, duque de Stafford, conoce a la joven Mireille Germain, una joven y educada francesa a quien el rico y maduro anfitri\u00f3n presenta como su amante.<\/p>\n<p>Alex y Mireille &#8211; conocida como Mira &#8211; se sienten irremediablemente atra\u00eddos el uno por el otro. Alex quiere saberlo todo acerca de ella, pero Mireille est\u00e1 decidida a mantener ocultos sus or\u00edgenes, as\u00ed como la verdadera naturaleza de su relaci\u00f3n con Sackville.<\/p>\n<p>Amar para siempre, obra publicada en 1.988 es una de las novelas tempranas de Lisa Kleypas, tiene algunos personajes en com\u00fan con la anterior, Donde la pasi\u00f3n nos lleve, aunque se puede leer de forma independiente.<\/p>\n<p><a href=\"https:\/\/tavapy.gov.py\/biblioteca\/wp-content\/uploads\/2023\/01\/KleypasL-Amar-para-siempre.pdf\" target=\"_blank\" rel=\"attachment noopener wp-att-6421\"><img loading=\"lazy\" decoding=\"async\" class=\"size-full wp-image-6421 alignleft\" src=\"https:\/\/tavapy.gov.py\/biblioteca\/wp-content\/uploads\/2023\/01\/icono-PDF-copia-2-3.png\" alt=\"\" width=\"121\" height=\"140\" \/><\/a><\/p>\n","protected":false},"featured_media":6364,"comment_status":"open","ping_status":"closed","template":"","meta":{"spay_email":""},"product_cat":[783],"product_tag":[],"class_list":{"0":"post-6470","1":"product","2":"type-product","3":"status-publish","4":"has-post-thumbnail","6":"book_author-lisa-kleypas","7":"product_cat-novela-romantica","8":"entry"},"_links":{"self":[{"href":"https:\/\/tavapy.gov.py\/biblioteca\/wp-json\/wp\/v2\/product\/6470","targetHints":{"allow":["GET"]}}],"collection":[{"href":"https:\/\/tavapy.gov.py\/biblioteca\/wp-json\/wp\/v2\/product"}],"about":[{"href":"https:\/\/tavapy.gov.py\/biblioteca\/wp-json\/wp\/v2\/types\/product"}],"replies":[{"embeddable":true,"href":"https:\/\/tavapy.gov.py\/biblioteca\/wp-json\/wp\/v2\/comments?post=6470"}],"wp:featuredmedia":[{"embeddable":true,"href":"https:\/\/tavapy.gov.py\/biblioteca\/wp-json\/wp\/v2\/media\/6364"}],"wp:attachment":[{"href":"https:\/\/tavapy.gov.py\/biblioteca\/wp-json\/wp\/v2\/media?parent=6470"}],"wp:term":[{"taxonomy":"product_cat","embeddable":true,"href":"https:\/\/tavapy.gov.py\/biblioteca\/wp-json\/wp\/v2\/product_cat?post=6470"},{"taxonomy":"product_tag","embeddable":true,"href":"https:\/\/tavapy.gov.py\/biblioteca\/wp-json\/wp\/v2\/product_tag?post=6470"}],"curies":[{"name":"wp","href":"https:\/\/api.w.org\/{rel}","templated":true}]}}