{"id":6471,"date":"2023-01-28T21:47:46","date_gmt":"2023-01-28T21:47:46","guid":{"rendered":"https:\/\/tavapy.gov.py\/biblioteca\/?post_type=product&#038;p=6471"},"modified":"2023-01-28T21:47:47","modified_gmt":"2023-01-28T21:47:47","slug":"la-otra-historia-de-los-templarios","status":"publish","type":"product","link":"https:\/\/tavapy.gov.py\/biblioteca\/product\/la-otra-historia-de-los-templarios\/","title":{"rendered":"LA OTRA HISTORIA DE LOS TEMPLARIOS."},"content":{"rendered":"","protected":false},"excerpt":{"rendered":"<p>\u00bfQui\u00e9n custodia el fabuloso tesoro de los Templarios? \u00bfEn qu\u00e9 consist\u00eda el culto de las cabezas cortadas? \u00bfExistieron realmente los rituales inici\u00e1ticos sangrientos y las ceremonias sexuales? \u00bfQu\u00e9 hay de cierto en la trama her\u00e9tica contra la Iglesia romana? \u00bfFue Napole\u00f3n uno de los herederos de los conocimientos de la Orden?<\/p>\n<p>La otra historia de los Templarios, obra publicada en 1.999, busca la verdad, alej\u00e1ndose de los t\u00f3picos, para esclarecer el origen y evoluci\u00f3n del colosal poder pol\u00edtico y econ\u00f3mico de la Orden del Temple. Indaga en el complot urdido por la Iglesia para exterminarlos y apoderarse de sus riquezas e influencias.<\/p>\n<p><a href=\"https:\/\/tavapy.gov.py\/biblioteca\/wp-content\/uploads\/2023\/01\/LamyM-La-otra-historia-de-los-templarios-michel-lamy.pdf\" target=\"_blank\" rel=\"attachment noopener wp-att-6421\"><img loading=\"lazy\" decoding=\"async\" class=\"size-full wp-image-6421 alignleft\" src=\"https:\/\/tavapy.gov.py\/biblioteca\/wp-content\/uploads\/2023\/01\/icono-PDF-copia-2-3.png\" alt=\"\" width=\"121\" height=\"140\" \/><\/a><\/p>\n","protected":false},"featured_media":6367,"comment_status":"open","ping_status":"closed","template":"","meta":{"spay_email":""},"product_cat":[801],"product_tag":[],"class_list":{"0":"post-6471","1":"product","2":"type-product","3":"status-publish","4":"has-post-thumbnail","6":"book_author-michel-lamy","7":"product_cat-historia-medieval","8":"entry"},"_links":{"self":[{"href":"https:\/\/tavapy.gov.py\/biblioteca\/wp-json\/wp\/v2\/product\/6471","targetHints":{"allow":["GET"]}}],"collection":[{"href":"https:\/\/tavapy.gov.py\/biblioteca\/wp-json\/wp\/v2\/product"}],"about":[{"href":"https:\/\/tavapy.gov.py\/biblioteca\/wp-json\/wp\/v2\/types\/product"}],"replies":[{"embeddable":true,"href":"https:\/\/tavapy.gov.py\/biblioteca\/wp-json\/wp\/v2\/comments?post=6471"}],"wp:featuredmedia":[{"embeddable":true,"href":"https:\/\/tavapy.gov.py\/biblioteca\/wp-json\/wp\/v2\/media\/6367"}],"wp:attachment":[{"href":"https:\/\/tavapy.gov.py\/biblioteca\/wp-json\/wp\/v2\/media?parent=6471"}],"wp:term":[{"taxonomy":"product_cat","embeddable":true,"href":"https:\/\/tavapy.gov.py\/biblioteca\/wp-json\/wp\/v2\/product_cat?post=6471"},{"taxonomy":"product_tag","embeddable":true,"href":"https:\/\/tavapy.gov.py\/biblioteca\/wp-json\/wp\/v2\/product_tag?post=6471"}],"curies":[{"name":"wp","href":"https:\/\/api.w.org\/{rel}","templated":true}]}}