{"id":6472,"date":"2023-01-28T21:55:04","date_gmt":"2023-01-28T21:55:04","guid":{"rendered":"https:\/\/tavapy.gov.py\/biblioteca\/?post_type=product&#038;p=6472"},"modified":"2023-01-28T21:55:04","modified_gmt":"2023-01-28T21:55:04","slug":"el-arte-de-ser-feliz","status":"publish","type":"product","link":"https:\/\/tavapy.gov.py\/biblioteca\/product\/el-arte-de-ser-feliz\/","title":{"rendered":"EL ARTE DE SER FELIZ."},"content":{"rendered":"","protected":false},"excerpt":{"rendered":"<p>Si fu\u00e9ramos capaces tan s\u00f3lo de entreabrir las puertas de cada intimidad, no encontrar\u00edamos un solo coraz\u00f3n donde no habite la tristeza, el temor o la desolaci\u00f3n. Sufre el pobre por ser pobre, sufre el rico por ser rico; sufre el joven por ser joven y sufre tambi\u00e9n el anciano. \u00a1Sufrir!: He aqu\u00ed el manjar que nunca falta en el convite de la vida.<\/p>\n<p>El arte de ser feliz, del capuchino Ignacio Larra\u00f1aga y publicado en el 2.002, no pretende el sue\u00f1o imposible de eliminar de ra\u00edz las penas de la vida, pero s\u00ed mitigarlas, arrancar algunas espinas, sanar algunas heridas y enjugar algunas l\u00e1grimas para que el lector pueda sentarse por fin a la sombra fresca de la arboleda para respirar, dormir y so\u00f1ar en paz. Este libro no le defraudar\u00e1.<\/p>\n<p><a href=\"https:\/\/tavapy.gov.py\/biblioteca\/wp-content\/uploads\/2023\/01\/LarranagaI-El.arte-de-ser-feliz.pdf\" target=\"_blank\" rel=\"attachment noopener wp-att-6421\"><img loading=\"lazy\" decoding=\"async\" class=\"size-full wp-image-6421 alignleft\" src=\"https:\/\/tavapy.gov.py\/biblioteca\/wp-content\/uploads\/2023\/01\/icono-PDF-copia-2-3.png\" alt=\"\" width=\"121\" height=\"140\" \/><\/a><\/p>\n","protected":false},"featured_media":6369,"comment_status":"open","ping_status":"closed","template":"","meta":{"spay_email":""},"product_cat":[803],"product_tag":[],"class_list":{"0":"post-6472","1":"product","2":"type-product","3":"status-publish","4":"has-post-thumbnail","6":"book_author-ignacio-larranaga","7":"product_cat-autoayuda-espiritualidad-cristianismo","8":"entry"},"_links":{"self":[{"href":"https:\/\/tavapy.gov.py\/biblioteca\/wp-json\/wp\/v2\/product\/6472","targetHints":{"allow":["GET"]}}],"collection":[{"href":"https:\/\/tavapy.gov.py\/biblioteca\/wp-json\/wp\/v2\/product"}],"about":[{"href":"https:\/\/tavapy.gov.py\/biblioteca\/wp-json\/wp\/v2\/types\/product"}],"replies":[{"embeddable":true,"href":"https:\/\/tavapy.gov.py\/biblioteca\/wp-json\/wp\/v2\/comments?post=6472"}],"wp:featuredmedia":[{"embeddable":true,"href":"https:\/\/tavapy.gov.py\/biblioteca\/wp-json\/wp\/v2\/media\/6369"}],"wp:attachment":[{"href":"https:\/\/tavapy.gov.py\/biblioteca\/wp-json\/wp\/v2\/media?parent=6472"}],"wp:term":[{"taxonomy":"product_cat","embeddable":true,"href":"https:\/\/tavapy.gov.py\/biblioteca\/wp-json\/wp\/v2\/product_cat?post=6472"},{"taxonomy":"product_tag","embeddable":true,"href":"https:\/\/tavapy.gov.py\/biblioteca\/wp-json\/wp\/v2\/product_tag?post=6472"}],"curies":[{"name":"wp","href":"https:\/\/api.w.org\/{rel}","templated":true}]}}