{"id":6473,"date":"2023-01-28T22:05:55","date_gmt":"2023-01-28T22:05:55","guid":{"rendered":"https:\/\/tavapy.gov.py\/biblioteca\/?post_type=product&#038;p=6473"},"modified":"2023-01-28T22:05:55","modified_gmt":"2023-01-28T22:05:55","slug":"la-rosa-y-el-fuego","status":"publish","type":"product","link":"https:\/\/tavapy.gov.py\/biblioteca\/product\/la-rosa-y-el-fuego\/","title":{"rendered":"LA ROSA Y EL FUEGO."},"content":{"rendered":"","protected":false},"excerpt":{"rendered":"<p>Un recorrido por la experiencia personal de un hombre dedicado enteramente a Dios.<\/p>\n<p>Esta obra ofrece el panorama de la vida y la obra de un hombre que, a trav\u00e9s de su fe y de su oraci\u00f3n, ha conseguido crear y extender un modo de encontrarse con Dios a trav\u00e9s del silencio, de la oraci\u00f3n, del conocimiento personal, de la relaci\u00f3n y del contacto con los otros. Su labor fue reconocida y apoyada por el Vaticano con la aprobaci\u00f3n de sus Talleres de Vida y Oraci\u00f3n, otorgada en octubre de 1997.<\/p>\n<p>La obra La rosa y el fuego fue publicada en 1.998.<\/p>\n<p><a href=\"https:\/\/tavapy.gov.py\/biblioteca\/wp-content\/uploads\/2023\/01\/LarranagaI-La-rosa-y-el-fuego.pdf\" target=\"_blank\" rel=\"attachment noopener wp-att-6421\"><img loading=\"lazy\" decoding=\"async\" class=\"size-full wp-image-6421 alignleft\" src=\"https:\/\/tavapy.gov.py\/biblioteca\/wp-content\/uploads\/2023\/01\/icono-PDF-copia-2-3.png\" alt=\"\" width=\"121\" height=\"140\" \/><\/a><\/p>\n","protected":false},"featured_media":6372,"comment_status":"open","ping_status":"closed","template":"","meta":{"spay_email":""},"product_cat":[214],"product_tag":[],"class_list":{"0":"post-6473","1":"product","2":"type-product","3":"status-publish","4":"has-post-thumbnail","6":"book_author-ignacio-larranaga","7":"product_cat-autobiografia-memorias","8":"entry"},"_links":{"self":[{"href":"https:\/\/tavapy.gov.py\/biblioteca\/wp-json\/wp\/v2\/product\/6473","targetHints":{"allow":["GET"]}}],"collection":[{"href":"https:\/\/tavapy.gov.py\/biblioteca\/wp-json\/wp\/v2\/product"}],"about":[{"href":"https:\/\/tavapy.gov.py\/biblioteca\/wp-json\/wp\/v2\/types\/product"}],"replies":[{"embeddable":true,"href":"https:\/\/tavapy.gov.py\/biblioteca\/wp-json\/wp\/v2\/comments?post=6473"}],"wp:featuredmedia":[{"embeddable":true,"href":"https:\/\/tavapy.gov.py\/biblioteca\/wp-json\/wp\/v2\/media\/6372"}],"wp:attachment":[{"href":"https:\/\/tavapy.gov.py\/biblioteca\/wp-json\/wp\/v2\/media?parent=6473"}],"wp:term":[{"taxonomy":"product_cat","embeddable":true,"href":"https:\/\/tavapy.gov.py\/biblioteca\/wp-json\/wp\/v2\/product_cat?post=6473"},{"taxonomy":"product_tag","embeddable":true,"href":"https:\/\/tavapy.gov.py\/biblioteca\/wp-json\/wp\/v2\/product_tag?post=6473"}],"curies":[{"name":"wp","href":"https:\/\/api.w.org\/{rel}","templated":true}]}}