{"id":6474,"date":"2023-01-28T22:12:07","date_gmt":"2023-01-28T22:12:07","guid":{"rendered":"https:\/\/tavapy.gov.py\/biblioteca\/?post_type=product&#038;p=6474"},"modified":"2023-01-28T22:12:07","modified_gmt":"2023-01-28T22:12:07","slug":"antropologia-del-dolor","status":"publish","type":"product","link":"https:\/\/tavapy.gov.py\/biblioteca\/product\/antropologia-del-dolor\/","title":{"rendered":"ANTROPOLOG\u00cdA DEL DOLOR."},"content":{"rendered":"","protected":false},"excerpt":{"rendered":"<p>No hay presunci\u00f3n vanidosa ni entusiasta alegr\u00eda que no pueda derrumbarse estrepitosamente con la imprevisible llegada del dolor. Encrucijada dram\u00e1tica para todas las convicciones humanas y lamento igualitario que humilla a todos los cuerpos por igual; el dolor es al mismo tiempo, el gran t estigo de la fragilidad humana y la proclamaci\u00f3n de un poder cuya inminencia no lo hace menos extra\u00f1o y temido.<\/p>\n<p>La reflexi\u00f3n sobre el dolor, siempre postergada y finalmente impuesta, puede anticiparse a la resignaci\u00f3n o a la desesperaci\u00f3n. Aunque cada tradici\u00f3n cultural ense\u00f1a a entenderlo, intentando as\u00ed gobernar su significado, aqu\u00e9l acaba por imponer al cuerpo una realidad nueva, y genera as\u00ed un estado que altera radicalmente la identidad y la conciencia.<\/p>\n<p>La minuciosa aproximaci\u00f3n a la g\u00e9nesis cultural del dolor nos desvela las limitaciones del organismo humano y su pobreza de recursos ante una de las inevitables citas de la vida. Las suposiciones de la medicina, los consejos de la tradici\u00f3n, las investigaciones del psicoan\u00e1lisis, las instrucciones de la religi\u00f3n, se re\u00fanen en este volumen como el sumario de lo que conviene saber para descifrar la naturaleza del sufrimiento y sus infinitas variedades.<\/p>\n<p>\u00abLe Breton nos conduce en su nueva obra a una mirada distinta sobre el dolor, un cuestionamiento nuevo, lejos de las meras preocupaciones de la medicina. Se esboza aqu\u00ed una nueva visi\u00f3n distinta de comprensi\u00f3n de los \u00abuniversos terap\u00e9uticos\u00bb&#8230; El dolor es siempre una apertura al mundo y el libro de David Le Breton nos lo muestra de modo claro y pertinente.<\/p>\n<p>La obra Antropolog\u00eda del dolor fue publicada en 1.995.<\/p>\n<p><a href=\"https:\/\/tavapy.gov.py\/biblioteca\/wp-content\/uploads\/2023\/01\/Le-BretonD-Antropologia-del-dolor.pdf\" target=\"_blank\" rel=\"attachment noopener wp-att-6421\"><img loading=\"lazy\" decoding=\"async\" class=\"size-full wp-image-6421 alignleft\" src=\"https:\/\/tavapy.gov.py\/biblioteca\/wp-content\/uploads\/2023\/01\/icono-PDF-copia-2-3.png\" alt=\"\" width=\"121\" height=\"140\" \/><\/a><\/p>\n","protected":false},"featured_media":6374,"comment_status":"open","ping_status":"closed","template":"","meta":{"spay_email":""},"product_cat":[116],"product_tag":[],"class_list":{"0":"post-6474","1":"product","2":"type-product","3":"status-publish","4":"has-post-thumbnail","6":"book_author-david-le-breton","7":"product_cat-antropologia-socio-cultural","8":"entry"},"_links":{"self":[{"href":"https:\/\/tavapy.gov.py\/biblioteca\/wp-json\/wp\/v2\/product\/6474","targetHints":{"allow":["GET"]}}],"collection":[{"href":"https:\/\/tavapy.gov.py\/biblioteca\/wp-json\/wp\/v2\/product"}],"about":[{"href":"https:\/\/tavapy.gov.py\/biblioteca\/wp-json\/wp\/v2\/types\/product"}],"replies":[{"embeddable":true,"href":"https:\/\/tavapy.gov.py\/biblioteca\/wp-json\/wp\/v2\/comments?post=6474"}],"wp:featuredmedia":[{"embeddable":true,"href":"https:\/\/tavapy.gov.py\/biblioteca\/wp-json\/wp\/v2\/media\/6374"}],"wp:attachment":[{"href":"https:\/\/tavapy.gov.py\/biblioteca\/wp-json\/wp\/v2\/media?parent=6474"}],"wp:term":[{"taxonomy":"product_cat","embeddable":true,"href":"https:\/\/tavapy.gov.py\/biblioteca\/wp-json\/wp\/v2\/product_cat?post=6474"},{"taxonomy":"product_tag","embeddable":true,"href":"https:\/\/tavapy.gov.py\/biblioteca\/wp-json\/wp\/v2\/product_tag?post=6474"}],"curies":[{"name":"wp","href":"https:\/\/api.w.org\/{rel}","templated":true}]}}