{"id":6475,"date":"2023-01-28T22:20:16","date_gmt":"2023-01-28T22:20:16","guid":{"rendered":"https:\/\/tavapy.gov.py\/biblioteca\/?post_type=product&#038;p=6475"},"modified":"2023-01-28T22:20:17","modified_gmt":"2023-01-28T22:20:17","slug":"antropologia-del-cuerpo-y-modernidad","status":"publish","type":"product","link":"https:\/\/tavapy.gov.py\/biblioteca\/product\/antropologia-del-cuerpo-y-modernidad\/","title":{"rendered":"ANTROPOLOG\u00cdA DEL CUERPO Y MODERNIDAD."},"content":{"rendered":"","protected":false},"excerpt":{"rendered":"<p>El campo de estudio de la sociolog\u00eda del cuerpo es la corporeidad humana como fen\u00f3meno social y cultural, materia de s\u00edmbolo y objeto de representaciones y de los imaginarios. Las acciones que tejen la trama de la vida cotidiana, desde las m\u00e1s banales e inadvertidas hasta las que se producen en la escena p\u00fablica, implican la intervenci\u00f3n de la corporeidad.<\/p>\n<p>El cuerpo, moldeado por el contexto social y cultural en el que se sumerge el actor, es ese vector sem\u00e1ntico por medio del cual se construye la evidencia de la relaci\u00f3n con el mundo.<\/p>\n<p>La obra Antropolog\u00eda del cuerpo y modernidad en 1.990.<\/p>\n<p><a href=\"https:\/\/tavapy.gov.py\/biblioteca\/wp-content\/uploads\/2023\/01\/Le-BretonD-Antropologia-del-cuerpo-y-modernidad.pdf\" target=\"_blank\" rel=\"attachment noopener wp-att-6421\"><img loading=\"lazy\" decoding=\"async\" class=\"size-full wp-image-6421 alignleft\" src=\"https:\/\/tavapy.gov.py\/biblioteca\/wp-content\/uploads\/2023\/01\/icono-PDF-copia-2-3.png\" alt=\"\" width=\"121\" height=\"140\" \/><\/a><\/p>\n","protected":false},"featured_media":6377,"comment_status":"open","ping_status":"closed","template":"","meta":{"spay_email":""},"product_cat":[116],"product_tag":[],"class_list":{"0":"post-6475","1":"product","2":"type-product","3":"status-publish","4":"has-post-thumbnail","6":"book_author-david-le-breton","7":"product_cat-antropologia-socio-cultural","8":"entry"},"_links":{"self":[{"href":"https:\/\/tavapy.gov.py\/biblioteca\/wp-json\/wp\/v2\/product\/6475","targetHints":{"allow":["GET"]}}],"collection":[{"href":"https:\/\/tavapy.gov.py\/biblioteca\/wp-json\/wp\/v2\/product"}],"about":[{"href":"https:\/\/tavapy.gov.py\/biblioteca\/wp-json\/wp\/v2\/types\/product"}],"replies":[{"embeddable":true,"href":"https:\/\/tavapy.gov.py\/biblioteca\/wp-json\/wp\/v2\/comments?post=6475"}],"wp:featuredmedia":[{"embeddable":true,"href":"https:\/\/tavapy.gov.py\/biblioteca\/wp-json\/wp\/v2\/media\/6377"}],"wp:attachment":[{"href":"https:\/\/tavapy.gov.py\/biblioteca\/wp-json\/wp\/v2\/media?parent=6475"}],"wp:term":[{"taxonomy":"product_cat","embeddable":true,"href":"https:\/\/tavapy.gov.py\/biblioteca\/wp-json\/wp\/v2\/product_cat?post=6475"},{"taxonomy":"product_tag","embeddable":true,"href":"https:\/\/tavapy.gov.py\/biblioteca\/wp-json\/wp\/v2\/product_tag?post=6475"}],"curies":[{"name":"wp","href":"https:\/\/api.w.org\/{rel}","templated":true}]}}