{"id":6476,"date":"2023-01-28T22:25:07","date_gmt":"2023-01-28T22:25:07","guid":{"rendered":"https:\/\/tavapy.gov.py\/biblioteca\/?post_type=product&#038;p=6476"},"modified":"2023-01-28T22:25:07","modified_gmt":"2023-01-28T22:25:07","slug":"elogio-del-caminar","status":"publish","type":"product","link":"https:\/\/tavapy.gov.py\/biblioteca\/product\/elogio-del-caminar\/","title":{"rendered":"ELOGIO DEL CAMINAR."},"content":{"rendered":"","protected":false},"excerpt":{"rendered":"<p>Caminar es una evasi\u00f3n de la modernidad, una forma de burlarse de ella, de dejarla plantada, un atajo en el ritmo desenfrenado de nuestra vida y un modo de distanciarse, de aguzar los sentidos.<\/p>\n<p>David Le Breton mezcla en Elogio del caminar a Pierre Sansot y a Patrick Leigh Fermor, pero tambi\u00e9n hace que Bash\u00f4 y Stevenson dialoguen sin preocuparse por el rigor hist\u00f3rico, pues el prop\u00f3sito de este exquisito libro publicado en el 2.000 no radica ah\u00ed, se trata solamente de caminar juntos, de intercambiar impresiones, como si estuvi\u00e9ramos en torno a una mesa en un albergue al borde del camino, por la tarde, cuando el cansancio y el vino nos hacen hablar.<\/p>\n<p><a href=\"https:\/\/tavapy.gov.py\/biblioteca\/wp-content\/uploads\/2023\/01\/Le-Breton-Elogio-del-caminar.pdf\" target=\"_blank\" rel=\"attachment noopener wp-att-6421\"><img loading=\"lazy\" decoding=\"async\" class=\"size-full wp-image-6421 alignleft\" src=\"https:\/\/tavapy.gov.py\/biblioteca\/wp-content\/uploads\/2023\/01\/icono-PDF-copia-2-3.png\" alt=\"\" width=\"121\" height=\"140\" \/><\/a><\/p>\n","protected":false},"featured_media":6379,"comment_status":"open","ping_status":"closed","template":"","meta":{"spay_email":""},"product_cat":[59],"product_tag":[],"class_list":{"0":"post-6476","1":"product","2":"type-product","3":"status-publish","4":"has-post-thumbnail","6":"book_author-david-le-breton","7":"product_cat-filosofia","8":"entry"},"_links":{"self":[{"href":"https:\/\/tavapy.gov.py\/biblioteca\/wp-json\/wp\/v2\/product\/6476","targetHints":{"allow":["GET"]}}],"collection":[{"href":"https:\/\/tavapy.gov.py\/biblioteca\/wp-json\/wp\/v2\/product"}],"about":[{"href":"https:\/\/tavapy.gov.py\/biblioteca\/wp-json\/wp\/v2\/types\/product"}],"replies":[{"embeddable":true,"href":"https:\/\/tavapy.gov.py\/biblioteca\/wp-json\/wp\/v2\/comments?post=6476"}],"wp:featuredmedia":[{"embeddable":true,"href":"https:\/\/tavapy.gov.py\/biblioteca\/wp-json\/wp\/v2\/media\/6379"}],"wp:attachment":[{"href":"https:\/\/tavapy.gov.py\/biblioteca\/wp-json\/wp\/v2\/media?parent=6476"}],"wp:term":[{"taxonomy":"product_cat","embeddable":true,"href":"https:\/\/tavapy.gov.py\/biblioteca\/wp-json\/wp\/v2\/product_cat?post=6476"},{"taxonomy":"product_tag","embeddable":true,"href":"https:\/\/tavapy.gov.py\/biblioteca\/wp-json\/wp\/v2\/product_tag?post=6476"}],"curies":[{"name":"wp","href":"https:\/\/api.w.org\/{rel}","templated":true}]}}