{"id":6477,"date":"2023-01-28T22:35:35","date_gmt":"2023-01-28T22:35:35","guid":{"rendered":"https:\/\/tavapy.gov.py\/biblioteca\/?post_type=product&#038;p=6477"},"modified":"2023-01-28T22:35:35","modified_gmt":"2023-01-28T22:35:35","slug":"insight-un-estudio-sobre-la-comprension-humana","status":"publish","type":"product","link":"https:\/\/tavapy.gov.py\/biblioteca\/product\/insight-un-estudio-sobre-la-comprension-humana\/","title":{"rendered":"INSIGHT: UN ESTUDIO SOBRE LA COMPRENSI\u00d3N HUMANA."},"content":{"rendered":"","protected":false},"excerpt":{"rendered":"<p>Insight es la obra maestra de Bernard Lonergan. Su prop\u00f3sito es llevar al lector a comprender lo que es comprender, en particular destaca el momento en que uno gozosamente descubre que por fin algo se hace claro, que uno entiende.<\/p>\n<p>Aunque se ocupa de los grandes debates de la epistemolog\u00eda, no propone una \u00abteor\u00eda del conocimiento\u00bb. Lonergan escribe desde otro punto de vista: trata de llevar al lector a mucho m\u00e1s que a una acumulaci\u00f3n de conceptos acertados o err\u00f3neos sobre el conocimiento humano; busca el autodescubrimiento de las capacidades cognoscitivas.<\/p>\n<p>Para Lonergan, un acto de intelecci\u00f3n (insight) sobre lo que es un acto de intelecci\u00f3n es la fuente de las ideas claras y distintas. Este insight a\u00f1ade a lo meramente dado una unificaci\u00f3n explicativa u organizaci\u00f3n, una filosof\u00eda. M\u00e1s a\u00fan, nos permite unificar y organizar lo que es conocido en las matem\u00e1ticas, en las ciencias y en el sentido com\u00fan; es, por tanto, la base de una metaf\u00edsica verificable.<\/p>\n<p>Con este libro publicado en 1.957 Lonergan adquiri\u00f3 una gran autoridad epistemol\u00f3gica.<\/p>\n<p><a href=\"https:\/\/tavapy.gov.py\/biblioteca\/wp-content\/uploads\/2023\/01\/LonerganB-insight-1.pdf\" target=\"_blank\" rel=\"attachment noopener wp-att-6421\"><img loading=\"lazy\" decoding=\"async\" class=\"size-full wp-image-6421 alignleft\" src=\"https:\/\/tavapy.gov.py\/biblioteca\/wp-content\/uploads\/2023\/01\/icono-PDF-copia-2-3.png\" alt=\"\" width=\"121\" height=\"140\" \/><\/a><\/p>\n","protected":false},"featured_media":6381,"comment_status":"open","ping_status":"closed","template":"","meta":{"spay_email":""},"product_cat":[806],"product_tag":[],"class_list":{"0":"post-6477","1":"product","2":"type-product","3":"status-publish","4":"has-post-thumbnail","6":"book_author-bernard-lonergan","7":"product_cat-filosofia-teoria-del-conocimiento","8":"entry"},"_links":{"self":[{"href":"https:\/\/tavapy.gov.py\/biblioteca\/wp-json\/wp\/v2\/product\/6477","targetHints":{"allow":["GET"]}}],"collection":[{"href":"https:\/\/tavapy.gov.py\/biblioteca\/wp-json\/wp\/v2\/product"}],"about":[{"href":"https:\/\/tavapy.gov.py\/biblioteca\/wp-json\/wp\/v2\/types\/product"}],"replies":[{"embeddable":true,"href":"https:\/\/tavapy.gov.py\/biblioteca\/wp-json\/wp\/v2\/comments?post=6477"}],"wp:featuredmedia":[{"embeddable":true,"href":"https:\/\/tavapy.gov.py\/biblioteca\/wp-json\/wp\/v2\/media\/6381"}],"wp:attachment":[{"href":"https:\/\/tavapy.gov.py\/biblioteca\/wp-json\/wp\/v2\/media?parent=6477"}],"wp:term":[{"taxonomy":"product_cat","embeddable":true,"href":"https:\/\/tavapy.gov.py\/biblioteca\/wp-json\/wp\/v2\/product_cat?post=6477"},{"taxonomy":"product_tag","embeddable":true,"href":"https:\/\/tavapy.gov.py\/biblioteca\/wp-json\/wp\/v2\/product_tag?post=6477"}],"curies":[{"name":"wp","href":"https:\/\/api.w.org\/{rel}","templated":true}]}}