{"id":6478,"date":"2023-01-28T22:41:39","date_gmt":"2023-01-28T22:41:39","guid":{"rendered":"https:\/\/tavapy.gov.py\/biblioteca\/?post_type=product&#038;p=6478"},"modified":"2023-01-28T22:43:24","modified_gmt":"2023-01-28T22:43:24","slug":"la-condicion-humana-2","status":"publish","type":"product","link":"https:\/\/tavapy.gov.py\/biblioteca\/product\/la-condicion-humana-2\/","title":{"rendered":"LA CONDICI\u00d3N HUMANA."},"content":{"rendered":"","protected":false},"excerpt":{"rendered":"<p>Ambientada en Shanghai en 1928, en el curso de la lucha que opuso a los comunistas a Chiang-Kai-shek, La condici\u00f3n humana es una obra coral llena de recovecos y de profundidades que aborda la historia de un grupo de personajes, la mayor\u00eda de ellos comunistas, cuyos diversos destinos los han llevado a coincidir en extra\u00f1as circunstancias de violencia y de terror. El escenario perfecto de las m\u00e1s turbias pasiones humanas.<\/p>\n<p>La obra La condici\u00f3n humana fue publicada en 1.933.<\/p>\n<p><a href=\"https:\/\/tavapy.gov.py\/biblioteca\/wp-content\/uploads\/2023\/01\/MalrauxA-La-condicion-humana.pdf\" target=\"_blank\" rel=\"attachment noopener wp-att-6421\"><img loading=\"lazy\" decoding=\"async\" class=\"size-full wp-image-6421 alignleft\" src=\"https:\/\/tavapy.gov.py\/biblioteca\/wp-content\/uploads\/2023\/01\/icono-PDF-copia-2-3.png\" alt=\"\" width=\"121\" height=\"140\" \/><\/a><\/p>\n","protected":false},"featured_media":6385,"comment_status":"open","ping_status":"closed","template":"","meta":{"spay_email":""},"product_cat":[808],"product_tag":[],"class_list":{"0":"post-6478","1":"product","2":"type-product","3":"status-publish","4":"has-post-thumbnail","6":"book_author-andre-malraux","7":"product_cat-novela-de-ficcion","8":"entry"},"_links":{"self":[{"href":"https:\/\/tavapy.gov.py\/biblioteca\/wp-json\/wp\/v2\/product\/6478","targetHints":{"allow":["GET"]}}],"collection":[{"href":"https:\/\/tavapy.gov.py\/biblioteca\/wp-json\/wp\/v2\/product"}],"about":[{"href":"https:\/\/tavapy.gov.py\/biblioteca\/wp-json\/wp\/v2\/types\/product"}],"replies":[{"embeddable":true,"href":"https:\/\/tavapy.gov.py\/biblioteca\/wp-json\/wp\/v2\/comments?post=6478"}],"wp:featuredmedia":[{"embeddable":true,"href":"https:\/\/tavapy.gov.py\/biblioteca\/wp-json\/wp\/v2\/media\/6385"}],"wp:attachment":[{"href":"https:\/\/tavapy.gov.py\/biblioteca\/wp-json\/wp\/v2\/media?parent=6478"}],"wp:term":[{"taxonomy":"product_cat","embeddable":true,"href":"https:\/\/tavapy.gov.py\/biblioteca\/wp-json\/wp\/v2\/product_cat?post=6478"},{"taxonomy":"product_tag","embeddable":true,"href":"https:\/\/tavapy.gov.py\/biblioteca\/wp-json\/wp\/v2\/product_tag?post=6478"}],"curies":[{"name":"wp","href":"https:\/\/api.w.org\/{rel}","templated":true}]}}