{"id":6479,"date":"2023-01-28T22:48:39","date_gmt":"2023-01-28T22:48:39","guid":{"rendered":"https:\/\/tavapy.gov.py\/biblioteca\/?post_type=product&#038;p=6479"},"modified":"2023-01-28T22:48:39","modified_gmt":"2023-01-28T22:48:39","slug":"del-arte-de-la-guerra","status":"publish","type":"product","link":"https:\/\/tavapy.gov.py\/biblioteca\/product\/del-arte-de-la-guerra\/","title":{"rendered":"DEL ARTE DE LA GUERRA."},"content":{"rendered":"","protected":false},"excerpt":{"rendered":"<p>El libro \u00abDel arte de la guerra\u00bb, redactado por Maquiavelo en torno a 1520, contiene y desarrolla, siguiendo el t\u00edpico esquema formal del tratado renacentista dialogado, las reflexiones del gran autor florentino sobre la milicia y la guerra. A lo largo de los siete cap\u00edtulos en los que est\u00e1 dividido, se van afrontando y desgranando de forma homog\u00e9nea aspectos como el del reclutamiento, la relaci\u00f3n infanter\u00eda-caballer\u00eda y la instrucci\u00f3n y adiestramiento de los soldados, el orden de combate, la moral del combatiente, el reconocimiento y la observaci\u00f3n del campo enemigo, el acuartelamiento y el r\u00e9gimen disciplinario y, por \u00faltimo, los sistemas de fortificaci\u00f3n y defensa.<\/p>\n<p>Aun siendo excesivamente cr\u00edtico con el arte militar de su tiempo y demasiado idealizador con respecto al antiguo, y pese a la validez puramente especulativa que puede atribuirse a la mayor\u00eda de sus propuestas, \u00abDel arte de la guerra\u00bb es una genial exhibici\u00f3n de teorizaci\u00f3n pol\u00edtica y militar que, por su concepci\u00f3n, plante\u00f3 en su \u00e9poca el problema de la socializaci\u00f3n de la virt\u00fa, lo que es lo mismo que decir las cualidades pol\u00edticas que hacen del soldado un ciudadano democr\u00e1tico.<\/p>\n<p>De este modo, como se\u00f1ala John Pocock se recupera un Maquiavelo cuya principal ambici\u00f3n es presentar la asociaci\u00f3n indisoluble que en el Estado democr\u00e1tico informa la relaci\u00f3n milicia-Rep\u00fablica.<\/p>\n<p>La obra Del arte de la guerra fue publicada en 1.521.<\/p>\n<p><a href=\"https:\/\/tavapy.gov.py\/biblioteca\/wp-content\/uploads\/2023\/01\/Maquiavelo-Del-arte-de-la-guerra.pdf\" target=\"_blank\" rel=\"attachment noopener wp-att-6421\"><img loading=\"lazy\" decoding=\"async\" class=\"size-full wp-image-6421 alignleft\" src=\"https:\/\/tavapy.gov.py\/biblioteca\/wp-content\/uploads\/2023\/01\/icono-PDF-copia-2-3.png\" alt=\"\" width=\"121\" height=\"140\" \/><\/a><\/p>\n","protected":false},"featured_media":6388,"comment_status":"open","ping_status":"closed","template":"","meta":{"spay_email":""},"product_cat":[810],"product_tag":[],"class_list":{"0":"post-6479","1":"product","2":"type-product","3":"status-publish","4":"has-post-thumbnail","6":"book_author-nicolas-maquiavelo","7":"product_cat-tratado-filosofia","8":"entry"},"_links":{"self":[{"href":"https:\/\/tavapy.gov.py\/biblioteca\/wp-json\/wp\/v2\/product\/6479","targetHints":{"allow":["GET"]}}],"collection":[{"href":"https:\/\/tavapy.gov.py\/biblioteca\/wp-json\/wp\/v2\/product"}],"about":[{"href":"https:\/\/tavapy.gov.py\/biblioteca\/wp-json\/wp\/v2\/types\/product"}],"replies":[{"embeddable":true,"href":"https:\/\/tavapy.gov.py\/biblioteca\/wp-json\/wp\/v2\/comments?post=6479"}],"wp:featuredmedia":[{"embeddable":true,"href":"https:\/\/tavapy.gov.py\/biblioteca\/wp-json\/wp\/v2\/media\/6388"}],"wp:attachment":[{"href":"https:\/\/tavapy.gov.py\/biblioteca\/wp-json\/wp\/v2\/media?parent=6479"}],"wp:term":[{"taxonomy":"product_cat","embeddable":true,"href":"https:\/\/tavapy.gov.py\/biblioteca\/wp-json\/wp\/v2\/product_cat?post=6479"},{"taxonomy":"product_tag","embeddable":true,"href":"https:\/\/tavapy.gov.py\/biblioteca\/wp-json\/wp\/v2\/product_tag?post=6479"}],"curies":[{"name":"wp","href":"https:\/\/api.w.org\/{rel}","templated":true}]}}