{"id":6480,"date":"2023-01-28T22:53:15","date_gmt":"2023-01-28T22:53:15","guid":{"rendered":"https:\/\/tavapy.gov.py\/biblioteca\/?post_type=product&#038;p=6480"},"modified":"2023-01-28T22:53:15","modified_gmt":"2023-01-28T22:53:15","slug":"celos-claves-para-comprenderlos-y-superarlos","status":"publish","type":"product","link":"https:\/\/tavapy.gov.py\/biblioteca\/product\/celos-claves-para-comprenderlos-y-superarlos\/","title":{"rendered":"CELOS: CLAVES PARA COMPRENDERLOS Y SUPERARLOS."},"content":{"rendered":"","protected":false},"excerpt":{"rendered":"<p>\u00bfTe consideras una persona celosa? \u00bfConoces a alguna persona muy celosa?, \u00bfSon inevitables los celos?<\/p>\n<p>Los celos, \u00abel monstruo de los ojos verdes\u00bb como los llaman los anglosajones, son un tema universal de la literatura, desde Shakespeare y Cervantes hasta Proust, y una de las mayores causas de sufrimiento amoroso.<\/p>\n<p>Dirigido a los celosos, que sufren por su culpa, a sus parejas, a quienes hacen sufrir como consecuencia de su conducta celosa, y a todas las personas que quieren conocer mejor los variados sentimientos que gobiernan nuestra vida afectiva, este libro es un instrumento para comprender qu\u00e9 les ocurre a los celosos.<\/p>\n<p>Hay otros tipos de celos, por ejemplo los que surgen entre amigos, entre hermanos u otros parientes que no son pareja amorosa y tambi\u00e9n celos hacia compa\u00f1eros de trabajo y profesi\u00f3n. Todos ellos poseen algunas caracter\u00edsticas comunes, pero este libro se centra en los celos que se dan en las relaciones sentimentales.<\/p>\n<p>Basado en las m\u00e1s recientes investigaciones psicol\u00f3gicas y psiqui\u00e1tricas sobre los celos, Mart\u00ednez Selva recoge innumerables casos reales y testimonios que nos ayudar\u00e1n a comprender la psicolog\u00eda de los celos en toda su complejidad, tanto por lo que se refiere a las principales formas y conductas en las que \u00e9stos se manifiestan, as\u00ed como a sus causas y posibles formas de superarlos.<\/p>\n<p>La obra Celos: claves para comprenderlos y superarlos fue publicada en el 2.013.<\/p>\n<p><a href=\"https:\/\/tavapy.gov.py\/biblioteca\/wp-content\/uploads\/2023\/01\/Martinez-SelvaJ-Celos-Claves-para-comprenderlos-y-superarlos.pdf\" target=\"_blank\" rel=\"attachment noopener wp-att-6421\"><img loading=\"lazy\" decoding=\"async\" class=\"size-full wp-image-6421 alignleft\" src=\"https:\/\/tavapy.gov.py\/biblioteca\/wp-content\/uploads\/2023\/01\/icono-PDF-copia-2-3.png\" alt=\"\" width=\"121\" height=\"140\" \/><\/a><\/p>\n","protected":false},"featured_media":6390,"comment_status":"open","ping_status":"closed","template":"","meta":{"spay_email":""},"product_cat":[631],"product_tag":[],"class_list":{"0":"post-6480","1":"product","2":"type-product","3":"status-publish","4":"has-post-thumbnail","6":"book_author-jose-maria-martinez-selva","7":"product_cat-autoayuda-psicologia","8":"entry"},"_links":{"self":[{"href":"https:\/\/tavapy.gov.py\/biblioteca\/wp-json\/wp\/v2\/product\/6480","targetHints":{"allow":["GET"]}}],"collection":[{"href":"https:\/\/tavapy.gov.py\/biblioteca\/wp-json\/wp\/v2\/product"}],"about":[{"href":"https:\/\/tavapy.gov.py\/biblioteca\/wp-json\/wp\/v2\/types\/product"}],"replies":[{"embeddable":true,"href":"https:\/\/tavapy.gov.py\/biblioteca\/wp-json\/wp\/v2\/comments?post=6480"}],"wp:featuredmedia":[{"embeddable":true,"href":"https:\/\/tavapy.gov.py\/biblioteca\/wp-json\/wp\/v2\/media\/6390"}],"wp:attachment":[{"href":"https:\/\/tavapy.gov.py\/biblioteca\/wp-json\/wp\/v2\/media?parent=6480"}],"wp:term":[{"taxonomy":"product_cat","embeddable":true,"href":"https:\/\/tavapy.gov.py\/biblioteca\/wp-json\/wp\/v2\/product_cat?post=6480"},{"taxonomy":"product_tag","embeddable":true,"href":"https:\/\/tavapy.gov.py\/biblioteca\/wp-json\/wp\/v2\/product_tag?post=6480"}],"curies":[{"name":"wp","href":"https:\/\/api.w.org\/{rel}","templated":true}]}}