{"id":6481,"date":"2023-01-28T22:58:21","date_gmt":"2023-01-28T22:58:21","guid":{"rendered":"https:\/\/tavapy.gov.py\/biblioteca\/?post_type=product&#038;p=6481"},"modified":"2023-01-28T23:00:16","modified_gmt":"2023-01-28T23:00:16","slug":"decision-de-amor","status":"publish","type":"product","link":"https:\/\/tavapy.gov.py\/biblioteca\/product\/decision-de-amor\/","title":{"rendered":"DECISI\u00d3N DE AMOR."},"content":{"rendered":"","protected":false},"excerpt":{"rendered":"<p>Brooke Nichols se hab\u00eda pasado la infancia saltando de una ciudad a otra, cambiando de colegio y viviendo lo que sus padres consideraban \u00abaventuras\u00bb. Pero por fin hab\u00eda encontrado la estabilidad.<\/p>\n<p>Prometida a un hombre de negocios que siempre la llamaba cuando dec\u00eda que iba a hacerlo, Brooke estaba deseando echar ra\u00edces. Sin sorpresas. Desde luego, nunca tendr\u00eda una relaci\u00f3n con alguien como el mejor amigo de su prometido, el bombero Jake McBride, que era todo lo que su novio no era: salvaje, espont\u00e1neo y apasionado.<\/p>\n<p>Pero la pasi\u00f3n no lo era todo\u2026 \u00bfverdad? Jake segu\u00eda traspasando los l\u00edmites y poni\u00e9ndola a prueba, y tal vez la chica que odiaba las sorpresas terminara sorprendiendo a todo el mundo, especialmente a s\u00ed misma.<\/p>\n<p>La obra Decisi\u00f3n de amor fue publicada en el 2.010.<\/p>\n<p><a href=\"https:\/\/tavapy.gov.py\/biblioteca\/wp-content\/uploads\/2023\/01\/MichaelsT-Decision-de-amor.pdf\" target=\"_blank\" rel=\"attachment noopener wp-att-6421\"><img loading=\"lazy\" decoding=\"async\" class=\"size-full wp-image-6421 alignleft\" src=\"https:\/\/tavapy.gov.py\/biblioteca\/wp-content\/uploads\/2023\/01\/icono-PDF-copia-2-3.png\" alt=\"\" width=\"121\" height=\"140\" \/><\/a><\/p>\n","protected":false},"featured_media":6394,"comment_status":"open","ping_status":"closed","template":"","meta":{"spay_email":""},"product_cat":[783],"product_tag":[],"class_list":{"0":"post-6481","1":"product","2":"type-product","3":"status-publish","4":"has-post-thumbnail","6":"book_author-tanya-michaels","7":"product_cat-novela-romantica","8":"entry"},"_links":{"self":[{"href":"https:\/\/tavapy.gov.py\/biblioteca\/wp-json\/wp\/v2\/product\/6481","targetHints":{"allow":["GET"]}}],"collection":[{"href":"https:\/\/tavapy.gov.py\/biblioteca\/wp-json\/wp\/v2\/product"}],"about":[{"href":"https:\/\/tavapy.gov.py\/biblioteca\/wp-json\/wp\/v2\/types\/product"}],"replies":[{"embeddable":true,"href":"https:\/\/tavapy.gov.py\/biblioteca\/wp-json\/wp\/v2\/comments?post=6481"}],"wp:featuredmedia":[{"embeddable":true,"href":"https:\/\/tavapy.gov.py\/biblioteca\/wp-json\/wp\/v2\/media\/6394"}],"wp:attachment":[{"href":"https:\/\/tavapy.gov.py\/biblioteca\/wp-json\/wp\/v2\/media?parent=6481"}],"wp:term":[{"taxonomy":"product_cat","embeddable":true,"href":"https:\/\/tavapy.gov.py\/biblioteca\/wp-json\/wp\/v2\/product_cat?post=6481"},{"taxonomy":"product_tag","embeddable":true,"href":"https:\/\/tavapy.gov.py\/biblioteca\/wp-json\/wp\/v2\/product_tag?post=6481"}],"curies":[{"name":"wp","href":"https:\/\/api.w.org\/{rel}","templated":true}]}}