{"id":6482,"date":"2023-01-28T23:06:16","date_gmt":"2023-01-28T23:06:16","guid":{"rendered":"https:\/\/tavapy.gov.py\/biblioteca\/?post_type=product&#038;p=6482"},"modified":"2023-01-28T23:06:16","modified_gmt":"2023-01-28T23:06:16","slug":"lo-que-queda-de-nosotros","status":"publish","type":"product","link":"https:\/\/tavapy.gov.py\/biblioteca\/product\/lo-que-queda-de-nosotros\/","title":{"rendered":"LO QUE QUEDA DE NOSOTROS."},"content":{"rendered":"","protected":false},"excerpt":{"rendered":"<p>\u00bfCu\u00e1ntos pasos hay entre el odio y el amor? \u00bfY cu\u00e1ntos entre lo que siempre has detestado y aquello que, de repente, deseas con todas tus ganas? Pocos, en realidad, si te llamas Alexander Reevs, eres el capit\u00e1n del equipo de f\u00fatbol americano del instituto y tu vecina es la se\u00f1orita Perfeccionista, alias Olivia Williams.<\/p>\n<p>Alex es el t\u00edpico rey del instituto. Sus ojos azules, una mirada cautivadora y una dosis de osad\u00eda le han convertido en una estrella, pero detr\u00e1s de la fachada de quarterback y de robacorazones curtido se esconde otra cosa, algo que nadie conoce.<\/p>\n<p>Olivia es su ant\u00edtesis, lo m\u00e1s lejano a sus fantas\u00edas. La mejor amiga de su hermana es demasiado meticulosa e irritante como para aguantarla, siempre est\u00e1 molestando y que sea la novia del running back del equipo supone otro agravante m\u00e1s.<\/p>\n<p>Alex Reevs y Olivia Williams son dos planetas que viajan en \u00f3rbitas distintas, pero, \u00bfqu\u00e9 pasar\u00eda si de repente cambiasen las trayectorias y entraran en ruta de colisi\u00f3n?<\/p>\n<p>La obra Lo que queda de nosotros fue publicada en el 2.018.<\/p>\n<p><a href=\"https:\/\/tavapy.gov.py\/biblioteca\/wp-content\/uploads\/2023\/01\/MillerS-Lo-que-queda-de-nosotros.pdf\" target=\"_blank\" rel=\"attachment noopener wp-att-6421\"><img loading=\"lazy\" decoding=\"async\" class=\"size-full wp-image-6421 alignleft\" src=\"https:\/\/tavapy.gov.py\/biblioteca\/wp-content\/uploads\/2023\/01\/icono-PDF-copia-2-3.png\" alt=\"\" width=\"121\" height=\"140\" \/><\/a><\/p>\n","protected":false},"featured_media":6397,"comment_status":"open","ping_status":"closed","template":"","meta":{"spay_email":""},"product_cat":[57],"product_tag":[],"class_list":{"0":"post-6482","1":"product","2":"type-product","3":"status-publish","4":"has-post-thumbnail","6":"book_author-sam-p-miller","7":"product_cat-novela","8":"entry"},"_links":{"self":[{"href":"https:\/\/tavapy.gov.py\/biblioteca\/wp-json\/wp\/v2\/product\/6482","targetHints":{"allow":["GET"]}}],"collection":[{"href":"https:\/\/tavapy.gov.py\/biblioteca\/wp-json\/wp\/v2\/product"}],"about":[{"href":"https:\/\/tavapy.gov.py\/biblioteca\/wp-json\/wp\/v2\/types\/product"}],"replies":[{"embeddable":true,"href":"https:\/\/tavapy.gov.py\/biblioteca\/wp-json\/wp\/v2\/comments?post=6482"}],"wp:featuredmedia":[{"embeddable":true,"href":"https:\/\/tavapy.gov.py\/biblioteca\/wp-json\/wp\/v2\/media\/6397"}],"wp:attachment":[{"href":"https:\/\/tavapy.gov.py\/biblioteca\/wp-json\/wp\/v2\/media?parent=6482"}],"wp:term":[{"taxonomy":"product_cat","embeddable":true,"href":"https:\/\/tavapy.gov.py\/biblioteca\/wp-json\/wp\/v2\/product_cat?post=6482"},{"taxonomy":"product_tag","embeddable":true,"href":"https:\/\/tavapy.gov.py\/biblioteca\/wp-json\/wp\/v2\/product_tag?post=6482"}],"curies":[{"name":"wp","href":"https:\/\/api.w.org\/{rel}","templated":true}]}}