{"id":6484,"date":"2023-01-28T23:10:08","date_gmt":"2023-01-28T23:10:08","guid":{"rendered":"https:\/\/tavapy.gov.py\/biblioteca\/?post_type=product&#038;p=6484"},"modified":"2023-01-28T23:12:55","modified_gmt":"2023-01-28T23:12:55","slug":"el-origen-de-la-vida","status":"publish","type":"product","link":"https:\/\/tavapy.gov.py\/biblioteca\/product\/el-origen-de-la-vida\/","title":{"rendered":"EL ORIGEN DE LA VIDA."},"content":{"rendered":"","protected":false},"excerpt":{"rendered":"<p>La cuesti\u00f3n relativa al origen de la vida o aparici\u00f3n sobre la Tierra de los primeros seres vivientes pertenece al grupo de los problemas m\u00e1s importantes y b\u00e1sicos de las Ciencias Naturales. Toda persona, cualquiera que sea su nivel cultural, se plantea este problema m\u00e1s o menos conscientemente, y, de mejor o peor calidad, producir\u00e1 una respuesta, ya que sin ella no puede concebirse ni la m\u00e1s rudimentaria concepci\u00f3n del mundo.<\/p>\n<p>La Historia nos muestra que el problema del origen de la vida ha atra\u00eddo la atenci\u00f3n de la Humanidad ya desde los tiempos m\u00e1s remotos. No existe un solo sistema filos\u00f3fico o religioso, ni un solo pensador de talla, que no haya dedicado la m\u00e1xima atenci\u00f3n a este problema.<\/p>\n<p>Hacia comienzos de nuestro siglo, esta lucha no solamente amaina, sino que adquiere renovado vigor, ello debido a que las Ciencias Naturales de entonces eran incapaces de encontrar una soluci\u00f3n racional y cient\u00edfica al problema del origen de la vida, a pesar de que en otros terrenos se hab\u00edan logrado tan brillantes \u00e9xitos. Se hab\u00eda entrado, por as\u00ed decirlo, en un callej\u00f3n sin salida.<\/p>\n<p>El origen de la vida es la obra magna de Aleksandr Oparin, quien nos explica que los seres vivos no aparecieron de pronto, sino que se formaron lentamente durante millones de a\u00f1os; fueron cambiando de apariencia y se volvieron m\u00e1s complicados, hasta convertirse en los seres que hoy conocemos: plantas, \u00e1rboles, animales vertebrados, anfibios, reptiles, mam\u00edferos y el ser humano.<\/p>\n<p>La obra El origen de la vida fue publicada en 1.936.<\/p>\n<p><a href=\"https:\/\/tavapy.gov.py\/biblioteca\/wp-content\/uploads\/2023\/01\/OparinA-El-origen-de-la-vida.pdf\" target=\"_blank\" rel=\"attachment noopener wp-att-6421\"><img loading=\"lazy\" decoding=\"async\" class=\"size-full wp-image-6421 alignleft\" src=\"https:\/\/tavapy.gov.py\/biblioteca\/wp-content\/uploads\/2023\/01\/icono-PDF-copia-2-3.png\" alt=\"\" width=\"121\" height=\"140\" \/><\/a><\/p>\n","protected":false},"featured_media":6399,"comment_status":"open","ping_status":"closed","template":"","meta":{"spay_email":""},"product_cat":[177],"product_tag":[],"class_list":{"0":"post-6484","1":"product","2":"type-product","3":"status-publish","4":"has-post-thumbnail","6":"book_author-aleksandr-oparin","7":"product_cat-biologia-moderna","8":"entry"},"_links":{"self":[{"href":"https:\/\/tavapy.gov.py\/biblioteca\/wp-json\/wp\/v2\/product\/6484","targetHints":{"allow":["GET"]}}],"collection":[{"href":"https:\/\/tavapy.gov.py\/biblioteca\/wp-json\/wp\/v2\/product"}],"about":[{"href":"https:\/\/tavapy.gov.py\/biblioteca\/wp-json\/wp\/v2\/types\/product"}],"replies":[{"embeddable":true,"href":"https:\/\/tavapy.gov.py\/biblioteca\/wp-json\/wp\/v2\/comments?post=6484"}],"wp:featuredmedia":[{"embeddable":true,"href":"https:\/\/tavapy.gov.py\/biblioteca\/wp-json\/wp\/v2\/media\/6399"}],"wp:attachment":[{"href":"https:\/\/tavapy.gov.py\/biblioteca\/wp-json\/wp\/v2\/media?parent=6484"}],"wp:term":[{"taxonomy":"product_cat","embeddable":true,"href":"https:\/\/tavapy.gov.py\/biblioteca\/wp-json\/wp\/v2\/product_cat?post=6484"},{"taxonomy":"product_tag","embeddable":true,"href":"https:\/\/tavapy.gov.py\/biblioteca\/wp-json\/wp\/v2\/product_tag?post=6484"}],"curies":[{"name":"wp","href":"https:\/\/api.w.org\/{rel}","templated":true}]}}