{"id":6486,"date":"2023-01-29T11:59:43","date_gmt":"2023-01-29T11:59:43","guid":{"rendered":"https:\/\/tavapy.gov.py\/biblioteca\/?post_type=product&#038;p=6486"},"modified":"2023-01-29T11:59:43","modified_gmt":"2023-01-29T11:59:43","slug":"como-ser-un-estoico-utilizar-la-filosofia-antigua-para-vivir-una-vida-moderna","status":"publish","type":"product","link":"https:\/\/tavapy.gov.py\/biblioteca\/product\/como-ser-un-estoico-utilizar-la-filosofia-antigua-para-vivir-una-vida-moderna\/","title":{"rendered":"COMO SER UN ESTOICO: UTILIZAR LA FILOSOFIA ANTIGUA PARA VIVIR UNA VIDA MODERNA."},"content":{"rendered":"","protected":false},"excerpt":{"rendered":"<p>Esta obra publicada en el 2.017 es una gu\u00eda esencial para vivir mejor a modo de conversaci\u00f3n con el antiguo esclavo convertido en maestro que fue Epicteto.<\/p>\n<p>Pese a lo que se suele pensar, el estoicismo no consiste en suprimir u ocultar nuestras emociones, sino en reconocerlas, reflexionar sobre lo que las causa y reconducirlas para nuestro propio bien. Lo que lo convierte claramente en una filosof\u00eda pr\u00e1ctica. Porque en la b\u00fasqueda de respuestas a las preguntas m\u00e1s importantes de la vida el estoicismo nos proporciona muchas respuestas.<\/p>\n<p>Massimo Pigliucci nos ofrece algunos ejercicios espirituales pr\u00e1cticos para alcanzar la sabidur\u00eda y la serenidad, as\u00ed como mantenernos fieles a nosotros mismos, con el objetivo de conducirnos correctamente por la vida a trav\u00e9s del control racional de las pasiones y los impulsos m\u00e1s mundanos.<\/p>\n<p><a href=\"https:\/\/tavapy.gov.py\/biblioteca\/wp-content\/uploads\/2023\/01\/PigliucciM-Como-ser-un-estoico.pdf\" target=\"_blank\" rel=\"attachment noopener wp-att-6421\"><img loading=\"lazy\" decoding=\"async\" class=\"size-full wp-image-6421 alignleft\" src=\"https:\/\/tavapy.gov.py\/biblioteca\/wp-content\/uploads\/2023\/01\/icono-PDF-copia-2-3.png\" alt=\"\" width=\"121\" height=\"140\" \/><\/a><\/p>\n","protected":false},"featured_media":6405,"comment_status":"open","ping_status":"closed","template":"","meta":{"spay_email":""},"product_cat":[817],"product_tag":[],"class_list":{"0":"post-6486","1":"product","2":"type-product","3":"status-publish","4":"has-post-thumbnail","6":"book_author-massimo-pigliucci","7":"product_cat-autoayuda-filosofia-antigua","8":"entry"},"_links":{"self":[{"href":"https:\/\/tavapy.gov.py\/biblioteca\/wp-json\/wp\/v2\/product\/6486","targetHints":{"allow":["GET"]}}],"collection":[{"href":"https:\/\/tavapy.gov.py\/biblioteca\/wp-json\/wp\/v2\/product"}],"about":[{"href":"https:\/\/tavapy.gov.py\/biblioteca\/wp-json\/wp\/v2\/types\/product"}],"replies":[{"embeddable":true,"href":"https:\/\/tavapy.gov.py\/biblioteca\/wp-json\/wp\/v2\/comments?post=6486"}],"wp:featuredmedia":[{"embeddable":true,"href":"https:\/\/tavapy.gov.py\/biblioteca\/wp-json\/wp\/v2\/media\/6405"}],"wp:attachment":[{"href":"https:\/\/tavapy.gov.py\/biblioteca\/wp-json\/wp\/v2\/media?parent=6486"}],"wp:term":[{"taxonomy":"product_cat","embeddable":true,"href":"https:\/\/tavapy.gov.py\/biblioteca\/wp-json\/wp\/v2\/product_cat?post=6486"},{"taxonomy":"product_tag","embeddable":true,"href":"https:\/\/tavapy.gov.py\/biblioteca\/wp-json\/wp\/v2\/product_tag?post=6486"}],"curies":[{"name":"wp","href":"https:\/\/api.w.org\/{rel}","templated":true}]}}