{"id":6487,"date":"2023-01-29T12:16:31","date_gmt":"2023-01-29T12:16:31","guid":{"rendered":"https:\/\/tavapy.gov.py\/biblioteca\/?post_type=product&#038;p=6487"},"modified":"2023-01-29T12:16:32","modified_gmt":"2023-01-29T12:16:32","slug":"delirio","status":"publish","type":"product","link":"https:\/\/tavapy.gov.py\/biblioteca\/product\/delirio\/","title":{"rendered":"DELIRIO."},"content":{"rendered":"","protected":false},"excerpt":{"rendered":"<p>\u00abTodos los secretos est\u00e1n guardados en un mismo caj\u00f3n, el caj\u00f3n de los secretos, y si develas uno, corres el riesgo de que pase lo mismo con los dem\u00e1s.\u00bb<\/p>\n<p>Un hombre regresa a casa despu\u00e9s de un corto viaje de negocios y encuentra que su esposa ha enloquecido completamente. No tiene idea de qu\u00e9 le ha podido ocurrir durante los tres d\u00edas de su ausencia, y con el fin de ayudarla a salir de la crisis empieza a investigar, s\u00f3lo para descubrir lo poco que sabe sobre las profundas perturbaciones escondidas en el pasado de la mujer que ama.<\/p>\n<p>Narrada con talento y emoci\u00f3n, la historia principal de esta novela se fragmenta en otras que se anudan a trav\u00e9s de personajes llenos de matices, y se cierra con un final bello y esperanzador, digno de un libro intenso y hermoso.<\/p>\n<p>La obra Delirio de Laura Restrepo fue publicada en el 2.004.<\/p>\n<p><a href=\"https:\/\/tavapy.gov.py\/biblioteca\/wp-content\/uploads\/2023\/01\/RestrepoL-Delirio.pdf\" target=\"_blank\" rel=\"attachment noopener wp-att-6421\"><img loading=\"lazy\" decoding=\"async\" class=\"size-full wp-image-6421 alignleft\" src=\"https:\/\/tavapy.gov.py\/biblioteca\/wp-content\/uploads\/2023\/01\/icono-PDF-copia-2-3.png\" alt=\"\" width=\"121\" height=\"140\" \/><\/a><\/p>\n","protected":false},"featured_media":6408,"comment_status":"open","ping_status":"closed","template":"","meta":{"spay_email":""},"product_cat":[819],"product_tag":[],"class_list":{"0":"post-6487","1":"product","2":"type-product","3":"status-publish","4":"has-post-thumbnail","6":"book_author-laura-restrepo","7":"product_cat-novela-psicologica","8":"entry"},"_links":{"self":[{"href":"https:\/\/tavapy.gov.py\/biblioteca\/wp-json\/wp\/v2\/product\/6487","targetHints":{"allow":["GET"]}}],"collection":[{"href":"https:\/\/tavapy.gov.py\/biblioteca\/wp-json\/wp\/v2\/product"}],"about":[{"href":"https:\/\/tavapy.gov.py\/biblioteca\/wp-json\/wp\/v2\/types\/product"}],"replies":[{"embeddable":true,"href":"https:\/\/tavapy.gov.py\/biblioteca\/wp-json\/wp\/v2\/comments?post=6487"}],"wp:featuredmedia":[{"embeddable":true,"href":"https:\/\/tavapy.gov.py\/biblioteca\/wp-json\/wp\/v2\/media\/6408"}],"wp:attachment":[{"href":"https:\/\/tavapy.gov.py\/biblioteca\/wp-json\/wp\/v2\/media?parent=6487"}],"wp:term":[{"taxonomy":"product_cat","embeddable":true,"href":"https:\/\/tavapy.gov.py\/biblioteca\/wp-json\/wp\/v2\/product_cat?post=6487"},{"taxonomy":"product_tag","embeddable":true,"href":"https:\/\/tavapy.gov.py\/biblioteca\/wp-json\/wp\/v2\/product_tag?post=6487"}],"curies":[{"name":"wp","href":"https:\/\/api.w.org\/{rel}","templated":true}]}}