{"id":6488,"date":"2023-01-29T12:21:48","date_gmt":"2023-01-29T12:21:48","guid":{"rendered":"https:\/\/tavapy.gov.py\/biblioteca\/?post_type=product&#038;p=6488"},"modified":"2023-01-29T12:21:48","modified_gmt":"2023-01-29T12:21:48","slug":"la-multitud-errante","status":"publish","type":"product","link":"https:\/\/tavapy.gov.py\/biblioteca\/product\/la-multitud-errante\/","title":{"rendered":"LA MULTITUD ERRANTE."},"content":{"rendered":"","protected":false},"excerpt":{"rendered":"<p>\u00bfC\u00f3mo puedo yo decirle que nunca la va a encontrar, si ha gastado la vida busc\u00e1ndola? Es el interrogante del cual arranca Laura Restrepo en esta novela -periodismo de los sue\u00f1os o reportaje alucinado- sobre el peregrinaje y la b\u00fasqueda, eterna cadena a la cual la autora se atreve a a\u00f1adirle un nuevo eslab\u00f3n: la sobrecogedora posibilidad del encuentro.<\/p>\n<p>En un albergue para caminantes, en el \u00faltimo rinc\u00f3n del planeta, se anuda un intenso tri\u00e1ngulo de pasiones contenidas entre una mujer desaparecida en los tr\u00e1fagos de la guerra, un hombre que por amor se dedica a buscarla y una extranjera, vinculada a alg\u00fan organismo de derechos humanos, que a medida que lo ayuda a buscarla se va acercando cada vez m\u00e1s a \u00e9l.<\/p>\n<p>Sobre el tel\u00f3n de fondo se deslizan en procesi\u00f3n fantasmag\u00f3rica los millones de seres humanos que en su desplazamiento forzado protagonizan el m\u00e1s grande de los dramas del mundo contempor\u00e1neo, pero que adem\u00e1s son, desde tiempos inmemoriales, la temeraria avanzada de cada nueva civilizaci\u00f3n que se asienta sobre el planeta.<\/p>\n<p>La obra La multitud errante fue publicada en el 2.001.<\/p>\n<p><a href=\"https:\/\/tavapy.gov.py\/biblioteca\/wp-content\/uploads\/2023\/01\/RestrepoL-La-multitud-errante.pdf\" target=\"_blank\" rel=\"attachment noopener wp-att-6421\"><img loading=\"lazy\" decoding=\"async\" class=\"size-full wp-image-6421 alignleft\" src=\"https:\/\/tavapy.gov.py\/biblioteca\/wp-content\/uploads\/2023\/01\/icono-PDF-copia-2-3.png\" alt=\"\" width=\"121\" height=\"140\" \/><\/a><\/p>\n","protected":false},"featured_media":6411,"comment_status":"open","ping_status":"closed","template":"","meta":{"spay_email":""},"product_cat":[808],"product_tag":[],"class_list":{"0":"post-6488","1":"product","2":"type-product","3":"status-publish","4":"has-post-thumbnail","6":"book_author-laura-restrepo","7":"product_cat-novela-de-ficcion","8":"entry"},"_links":{"self":[{"href":"https:\/\/tavapy.gov.py\/biblioteca\/wp-json\/wp\/v2\/product\/6488","targetHints":{"allow":["GET"]}}],"collection":[{"href":"https:\/\/tavapy.gov.py\/biblioteca\/wp-json\/wp\/v2\/product"}],"about":[{"href":"https:\/\/tavapy.gov.py\/biblioteca\/wp-json\/wp\/v2\/types\/product"}],"replies":[{"embeddable":true,"href":"https:\/\/tavapy.gov.py\/biblioteca\/wp-json\/wp\/v2\/comments?post=6488"}],"wp:featuredmedia":[{"embeddable":true,"href":"https:\/\/tavapy.gov.py\/biblioteca\/wp-json\/wp\/v2\/media\/6411"}],"wp:attachment":[{"href":"https:\/\/tavapy.gov.py\/biblioteca\/wp-json\/wp\/v2\/media?parent=6488"}],"wp:term":[{"taxonomy":"product_cat","embeddable":true,"href":"https:\/\/tavapy.gov.py\/biblioteca\/wp-json\/wp\/v2\/product_cat?post=6488"},{"taxonomy":"product_tag","embeddable":true,"href":"https:\/\/tavapy.gov.py\/biblioteca\/wp-json\/wp\/v2\/product_tag?post=6488"}],"curies":[{"name":"wp","href":"https:\/\/api.w.org\/{rel}","templated":true}]}}