{"id":6489,"date":"2023-01-29T12:29:11","date_gmt":"2023-01-29T12:29:11","guid":{"rendered":"https:\/\/tavapy.gov.py\/biblioteca\/?post_type=product&#038;p=6489"},"modified":"2023-01-29T12:29:11","modified_gmt":"2023-01-29T12:29:11","slug":"pecado","status":"publish","type":"product","link":"https:\/\/tavapy.gov.py\/biblioteca\/product\/pecado\/","title":{"rendered":"PECADO."},"content":{"rendered":"","protected":false},"excerpt":{"rendered":"<p>Virtudes y cr\u00edmenes son intercambiables entre s\u00ed y reversibles: la naturaleza desdoblada del pecado, sus varias caras de poliedro.<br \/>\nComo sacados de un cuadro de El Bosco, los protagonistas de este libro son Arc\u00e1ngel, el adolescente asesino; Luis B. Campoc\u00e9, el ejecutivo ad\u00faltero; Emma, la descuartizadora; una pareja incestuosa; un verdugo apodado La Viuda; las Susanas, tres hermanas indiferentes o vanidosas, y el Sir\u00edaco, profeta soberbio.<br \/>\nLa perturbadora y ambigua idea de pecado se encarna en todos ellos. El jard\u00edn de las delicias ha dejado de estar colgado en el museo y se muestra m\u00e1s real que nunca, vivido por estos personajes de carne y hueso que nos confiesan al o\u00eddo su particular relaci\u00f3n con el mal. \u00bfHasta qu\u00e9 punto son culpables? Sobre el lector recaer\u00e1 el reto moral de condenarlos o, tal vez, de indultarlos.<br \/>\nCon la fuerza y la sensibilidad que caracterizan su literatura, Laura Restrepo indaga en la complejidad \u00e9tica de la transgresi\u00f3n a trav\u00e9s de una narraci\u00f3n inquietante, original, por momentos aterradora y al mismo tiempo dulcemente humana. Cada pecado trae consigo su correspondiente culpa, pero tambi\u00e9n su gota de alivio.<br \/>\nLa obra de Laura Restrepo Pecado fue publicada en el 2.016.<\/p>\n<p><a href=\"https:\/\/tavapy.gov.py\/biblioteca\/wp-content\/uploads\/2023\/01\/RestrepoL-Pecado.pdf\" target=\"_blank\" rel=\"attachment noopener wp-att-6421\"><img loading=\"lazy\" decoding=\"async\" class=\"size-full wp-image-6421 alignleft\" src=\"https:\/\/tavapy.gov.py\/biblioteca\/wp-content\/uploads\/2023\/01\/icono-PDF-copia-2-3.png\" alt=\"\" width=\"121\" height=\"140\" \/><\/a><\/p>\n","protected":false},"featured_media":6413,"comment_status":"open","ping_status":"closed","template":"","meta":{"spay_email":""},"product_cat":[57],"product_tag":[],"class_list":{"0":"post-6489","1":"product","2":"type-product","3":"status-publish","4":"has-post-thumbnail","6":"book_author-laura-restrepo","7":"product_cat-novela","8":"entry"},"_links":{"self":[{"href":"https:\/\/tavapy.gov.py\/biblioteca\/wp-json\/wp\/v2\/product\/6489","targetHints":{"allow":["GET"]}}],"collection":[{"href":"https:\/\/tavapy.gov.py\/biblioteca\/wp-json\/wp\/v2\/product"}],"about":[{"href":"https:\/\/tavapy.gov.py\/biblioteca\/wp-json\/wp\/v2\/types\/product"}],"replies":[{"embeddable":true,"href":"https:\/\/tavapy.gov.py\/biblioteca\/wp-json\/wp\/v2\/comments?post=6489"}],"wp:featuredmedia":[{"embeddable":true,"href":"https:\/\/tavapy.gov.py\/biblioteca\/wp-json\/wp\/v2\/media\/6413"}],"wp:attachment":[{"href":"https:\/\/tavapy.gov.py\/biblioteca\/wp-json\/wp\/v2\/media?parent=6489"}],"wp:term":[{"taxonomy":"product_cat","embeddable":true,"href":"https:\/\/tavapy.gov.py\/biblioteca\/wp-json\/wp\/v2\/product_cat?post=6489"},{"taxonomy":"product_tag","embeddable":true,"href":"https:\/\/tavapy.gov.py\/biblioteca\/wp-json\/wp\/v2\/product_tag?post=6489"}],"curies":[{"name":"wp","href":"https:\/\/api.w.org\/{rel}","templated":true}]}}