{"id":6490,"date":"2023-01-29T12:34:08","date_gmt":"2023-01-29T12:34:08","guid":{"rendered":"https:\/\/tavapy.gov.py\/biblioteca\/?post_type=product&#038;p=6490"},"modified":"2023-01-29T12:37:24","modified_gmt":"2023-01-29T12:37:24","slug":"con-miedo-a-amar-como-la-primera-vez","status":"publish","type":"product","link":"https:\/\/tavapy.gov.py\/biblioteca\/product\/con-miedo-a-amar-como-la-primera-vez\/","title":{"rendered":"CON MIEDO A AMAR."},"content":{"rendered":"","protected":false},"excerpt":{"rendered":"<p>Cuando alguien muere lloras, vives el duelo. Cuando tienes miedo, te escondes. Cuando tienes roto el coraz\u00f3n a veces lo ocultas, a nadie le gusta verse vulnerable. Pero cuando est\u00e1s devastado sin nada a lo que asirte, entonces, el miedo parece la mejor elecci\u00f3n.<\/p>\n<p>\u00bfCu\u00e1nto tiempo es suficiente para poder sentirse seguro? \u00bfCu\u00e1ndo esperas que el amor sea para siempre y se te es arrebatado, qu\u00e9 puedes hacer? Si escoges el miedo entonces, levantas muros, \u00bfpero puedes vivir Con miedo a amar como la primera vez?<\/p>\n<p>La obra Con miedo a amar fue publicada en el 2.020.<\/p>\n<p><a href=\"https:\/\/tavapy.gov.py\/biblioteca\/wp-content\/uploads\/2023\/01\/RichardsonE-Con-miedo-a-amar.pdf\" target=\"_blank\" rel=\"attachment noopener wp-att-6421\"><img loading=\"lazy\" decoding=\"async\" class=\"size-full wp-image-6421 alignleft\" src=\"https:\/\/tavapy.gov.py\/biblioteca\/wp-content\/uploads\/2023\/01\/icono-PDF-copia-2-3.png\" alt=\"\" width=\"121\" height=\"140\" \/><\/a><\/p>\n","protected":false},"featured_media":6415,"comment_status":"open","ping_status":"closed","template":"","meta":{"spay_email":""},"product_cat":[57],"product_tag":[],"class_list":{"0":"post-6490","1":"product","2":"type-product","3":"status-publish","4":"has-post-thumbnail","6":"book_author-emma-richardson","7":"product_cat-novela","8":"entry"},"_links":{"self":[{"href":"https:\/\/tavapy.gov.py\/biblioteca\/wp-json\/wp\/v2\/product\/6490","targetHints":{"allow":["GET"]}}],"collection":[{"href":"https:\/\/tavapy.gov.py\/biblioteca\/wp-json\/wp\/v2\/product"}],"about":[{"href":"https:\/\/tavapy.gov.py\/biblioteca\/wp-json\/wp\/v2\/types\/product"}],"replies":[{"embeddable":true,"href":"https:\/\/tavapy.gov.py\/biblioteca\/wp-json\/wp\/v2\/comments?post=6490"}],"wp:featuredmedia":[{"embeddable":true,"href":"https:\/\/tavapy.gov.py\/biblioteca\/wp-json\/wp\/v2\/media\/6415"}],"wp:attachment":[{"href":"https:\/\/tavapy.gov.py\/biblioteca\/wp-json\/wp\/v2\/media?parent=6490"}],"wp:term":[{"taxonomy":"product_cat","embeddable":true,"href":"https:\/\/tavapy.gov.py\/biblioteca\/wp-json\/wp\/v2\/product_cat?post=6490"},{"taxonomy":"product_tag","embeddable":true,"href":"https:\/\/tavapy.gov.py\/biblioteca\/wp-json\/wp\/v2\/product_tag?post=6490"}],"curies":[{"name":"wp","href":"https:\/\/api.w.org\/{rel}","templated":true}]}}