{"id":6495,"date":"2023-01-30T16:45:21","date_gmt":"2023-01-30T16:45:21","guid":{"rendered":"https:\/\/tavapy.gov.py\/biblioteca\/?post_type=product&#038;p=6495"},"modified":"2023-01-30T16:45:21","modified_gmt":"2023-01-30T16:45:21","slug":"una-nacion-dos-culturas","status":"publish","type":"product","link":"https:\/\/tavapy.gov.py\/biblioteca\/product\/una-nacion-dos-culturas\/","title":{"rendered":"UNA NACI\u00d3N, DOS CULTURAS."},"content":{"rendered":"","protected":false},"excerpt":{"rendered":"<p>Esta obra publicada en 1.997 aborda la problem\u00e1tica antropol\u00f3gica de lo guaran\u00ed en la cultura paraguaya. Un tema que tiene todav\u00eda por delante un largo camino que recorrer, pero que Meli\u00e0 lo estudia con la maestr\u00eda que lo caracteriza.<\/p>\n<p>Bartomeu Meli\u00e0, incansable estudioso del mundo guaran\u00ed, nos ofrece en este volumen una serie de notas que ayudar\u00e1n sin duda a reflexionar y a ir avanzando en este vasto mundo. Una naci\u00f3n, dos culturas es una compilaci\u00f3n de art\u00edculos que, desde el punto de vista etnol\u00f3gico, hist\u00f3rico o ling\u00fc\u00edstico, van se\u00f1alando interesantes vetas de investigaci\u00f3n.<\/p>\n<p><a href=\"https:\/\/tavapy.gov.py\/biblioteca\/wp-content\/uploads\/2023\/01\/MeliaB-Una_nacion_dos_culturas-1.pdf\" target=\"_blank\" rel=\"attachment noopener wp-att-6421\"><img loading=\"lazy\" decoding=\"async\" class=\"size-full wp-image-6421 alignleft\" src=\"https:\/\/tavapy.gov.py\/biblioteca\/wp-content\/uploads\/2023\/01\/icono-PDF-copia-2-3.png\" alt=\"\" width=\"121\" height=\"140\" \/><\/a><\/p>\n","protected":false},"featured_media":6393,"comment_status":"open","ping_status":"closed","template":"","meta":{"spay_email":""},"product_cat":[822],"product_tag":[],"class_list":{"0":"post-6495","1":"product","2":"type-product","3":"status-publish","4":"has-post-thumbnail","6":"book_author-bartomeu-melia","7":"product_cat-antropologia-social-y-cultural-etnologia-linguistica","8":"entry"},"_links":{"self":[{"href":"https:\/\/tavapy.gov.py\/biblioteca\/wp-json\/wp\/v2\/product\/6495","targetHints":{"allow":["GET"]}}],"collection":[{"href":"https:\/\/tavapy.gov.py\/biblioteca\/wp-json\/wp\/v2\/product"}],"about":[{"href":"https:\/\/tavapy.gov.py\/biblioteca\/wp-json\/wp\/v2\/types\/product"}],"replies":[{"embeddable":true,"href":"https:\/\/tavapy.gov.py\/biblioteca\/wp-json\/wp\/v2\/comments?post=6495"}],"wp:featuredmedia":[{"embeddable":true,"href":"https:\/\/tavapy.gov.py\/biblioteca\/wp-json\/wp\/v2\/media\/6393"}],"wp:attachment":[{"href":"https:\/\/tavapy.gov.py\/biblioteca\/wp-json\/wp\/v2\/media?parent=6495"}],"wp:term":[{"taxonomy":"product_cat","embeddable":true,"href":"https:\/\/tavapy.gov.py\/biblioteca\/wp-json\/wp\/v2\/product_cat?post=6495"},{"taxonomy":"product_tag","embeddable":true,"href":"https:\/\/tavapy.gov.py\/biblioteca\/wp-json\/wp\/v2\/product_tag?post=6495"}],"curies":[{"name":"wp","href":"https:\/\/api.w.org\/{rel}","templated":true}]}}