{"id":6496,"date":"2023-01-30T16:56:49","date_gmt":"2023-01-30T16:56:49","guid":{"rendered":"https:\/\/tavapy.gov.py\/biblioteca\/?post_type=product&#038;p=6496"},"modified":"2023-01-30T16:59:39","modified_gmt":"2023-01-30T16:59:39","slug":"maldito-amor-guia-para-entender-a-tu-corazon","status":"publish","type":"product","link":"https:\/\/tavapy.gov.py\/biblioteca\/product\/maldito-amor-guia-para-entender-a-tu-corazon\/","title":{"rendered":"MALDITO AMOR. GU\u00cdA PARA ENTENDER A TU CORAZ\u00d3N."},"content":{"rendered":"","protected":false},"excerpt":{"rendered":"<p>Definitivamente, nuestro coraz\u00f3n es m\u00e1s complejo de lo que pensamos. Diez relatos de amor que se centran, cada uno de ellos, en un aspecto relevante de las relaciones sentimentales y las emociones amorosas: celos, enamoramiento, infidelidad, dependencia, incomunicaci\u00f3n, desamor, compromiso, ruptura, pasi\u00f3n\u2026<\/p>\n<p>Cada relato va acompa\u00f1ado de un an\u00e1lisis hecho por una especialista en inteligencia emocional.<\/p>\n<p>La obra Maldito amor. Gu\u00eda para entender a tu coraz\u00f3n fue publicada en el 2.012.<\/p>\n<p><a href=\"https:\/\/tavapy.gov.py\/biblioteca\/wp-content\/uploads\/2023\/01\/Rivera-de-la-CruzM-Maldito-amor.-Guia-para-entender-a-tu-corazon-1.pdf\" target=\"_blank\" rel=\"attachment noopener wp-att-6421\"><img loading=\"lazy\" decoding=\"async\" class=\"size-full wp-image-6421 alignleft\" src=\"https:\/\/tavapy.gov.py\/biblioteca\/wp-content\/uploads\/2023\/01\/icono-PDF-copia-2-3.png\" alt=\"\" width=\"121\" height=\"140\" \/><\/a><\/p>\n","protected":false},"featured_media":6418,"comment_status":"open","ping_status":"closed","template":"","meta":{"spay_email":""},"product_cat":[522],"product_tag":[],"class_list":{"0":"post-6496","1":"product","2":"type-product","3":"status-publish","4":"has-post-thumbnail","6":"book_author-marta-rivera-de-la-cruz","7":"product_cat-autoayuda-espiritualidad","8":"entry"},"_links":{"self":[{"href":"https:\/\/tavapy.gov.py\/biblioteca\/wp-json\/wp\/v2\/product\/6496","targetHints":{"allow":["GET"]}}],"collection":[{"href":"https:\/\/tavapy.gov.py\/biblioteca\/wp-json\/wp\/v2\/product"}],"about":[{"href":"https:\/\/tavapy.gov.py\/biblioteca\/wp-json\/wp\/v2\/types\/product"}],"replies":[{"embeddable":true,"href":"https:\/\/tavapy.gov.py\/biblioteca\/wp-json\/wp\/v2\/comments?post=6496"}],"wp:featuredmedia":[{"embeddable":true,"href":"https:\/\/tavapy.gov.py\/biblioteca\/wp-json\/wp\/v2\/media\/6418"}],"wp:attachment":[{"href":"https:\/\/tavapy.gov.py\/biblioteca\/wp-json\/wp\/v2\/media?parent=6496"}],"wp:term":[{"taxonomy":"product_cat","embeddable":true,"href":"https:\/\/tavapy.gov.py\/biblioteca\/wp-json\/wp\/v2\/product_cat?post=6496"},{"taxonomy":"product_tag","embeddable":true,"href":"https:\/\/tavapy.gov.py\/biblioteca\/wp-json\/wp\/v2\/product_tag?post=6496"}],"curies":[{"name":"wp","href":"https:\/\/api.w.org\/{rel}","templated":true}]}}