{"id":6503,"date":"2023-01-30T17:18:33","date_gmt":"2023-01-30T17:18:33","guid":{"rendered":"https:\/\/tavapy.gov.py\/biblioteca\/?post_type=product&#038;p=6503"},"modified":"2023-01-30T17:18:34","modified_gmt":"2023-01-30T17:18:34","slug":"el-amante-uruguayo-una-historia-real","status":"publish","type":"product","link":"https:\/\/tavapy.gov.py\/biblioteca\/product\/el-amante-uruguayo-una-historia-real\/","title":{"rendered":"EL AMANTE URUGUAYO: UNA HISTORIA REAL."},"content":{"rendered":"","protected":false},"excerpt":{"rendered":"<p>Tras una monumental investigaci\u00f3n por el Buenos Aires de los a\u00f1os treinta, la Guerra Civil Espa\u00f1ola y el Par\u00eds de la posguerra, Santiago Roncagliolo desvela la intimidad de los grandes genios del arte del siglo XX, mostr\u00e1ndonos sus celos, rivalidades, amores y miserias como nadie lo hab\u00eda hecho hasta ahora.<\/p>\n<p>Para ello, toma prestados los ojos del camale\u00f3nico Enrique Amorim: millonario y comunista, homosexual y casado, uruguayo y argentino, Amorim fue capaz de seducir a las mentes m\u00e1s deslumbrantes del siglo. Y con Garc\u00eda Lorca en particular vivi\u00f3 una misteriosa historia de amor, un amor capaz de desafiar incluso a la muerte.<\/p>\n<p>La obra El amante uruguayo: una historia real fue publicada en el 2.012.<\/p>\n<p><a href=\"https:\/\/tavapy.gov.py\/biblioteca\/wp-content\/uploads\/2023\/01\/RoncaglioloS-El-amante-uruguayo.pdf\" target=\"_blank\" rel=\"attachment noopener wp-att-6421\"><img loading=\"lazy\" decoding=\"async\" class=\"size-full wp-image-6421 alignleft\" src=\"https:\/\/tavapy.gov.py\/biblioteca\/wp-content\/uploads\/2023\/01\/icono-PDF-copia-2-3.png\" alt=\"\" width=\"121\" height=\"140\" \/><\/a><\/p>\n","protected":false},"featured_media":6420,"comment_status":"open","ping_status":"closed","template":"","meta":{"spay_email":""},"product_cat":[826],"product_tag":[],"class_list":{"0":"post-6503","1":"product","2":"type-product","3":"status-publish","4":"has-post-thumbnail","6":"book_author-santiago-roncagliolo","7":"product_cat-estudios-literarios-biografias-y-estudios-de-escritores","8":"entry"},"_links":{"self":[{"href":"https:\/\/tavapy.gov.py\/biblioteca\/wp-json\/wp\/v2\/product\/6503","targetHints":{"allow":["GET"]}}],"collection":[{"href":"https:\/\/tavapy.gov.py\/biblioteca\/wp-json\/wp\/v2\/product"}],"about":[{"href":"https:\/\/tavapy.gov.py\/biblioteca\/wp-json\/wp\/v2\/types\/product"}],"replies":[{"embeddable":true,"href":"https:\/\/tavapy.gov.py\/biblioteca\/wp-json\/wp\/v2\/comments?post=6503"}],"wp:featuredmedia":[{"embeddable":true,"href":"https:\/\/tavapy.gov.py\/biblioteca\/wp-json\/wp\/v2\/media\/6420"}],"wp:attachment":[{"href":"https:\/\/tavapy.gov.py\/biblioteca\/wp-json\/wp\/v2\/media?parent=6503"}],"wp:term":[{"taxonomy":"product_cat","embeddable":true,"href":"https:\/\/tavapy.gov.py\/biblioteca\/wp-json\/wp\/v2\/product_cat?post=6503"},{"taxonomy":"product_tag","embeddable":true,"href":"https:\/\/tavapy.gov.py\/biblioteca\/wp-json\/wp\/v2\/product_tag?post=6503"}],"curies":[{"name":"wp","href":"https:\/\/api.w.org\/{rel}","templated":true}]}}