{"id":6507,"date":"2023-01-30T17:33:07","date_gmt":"2023-01-30T17:33:07","guid":{"rendered":"https:\/\/tavapy.gov.py\/biblioteca\/?post_type=product&#038;p=6507"},"modified":"2023-01-30T17:35:20","modified_gmt":"2023-01-30T17:35:20","slug":"la-tentacion","status":"publish","type":"product","link":"https:\/\/tavapy.gov.py\/biblioteca\/product\/la-tentacion\/","title":{"rendered":"LA TENTACI\u00d3N."},"content":{"rendered":"","protected":false},"excerpt":{"rendered":"<p>\u00bfTe atreves a cruzar el l\u00edmite de lo prohibido?<\/p>\n<p>Montevideo, Uruguay. A\u00f1o 1961.<\/p>\n<p>Leonor \u00c1vila acaba de salir del internado y se dispone a entrar en la escuela de arte dram\u00e1tico para cumplir el sue\u00f1o de ser actriz. Sus padres se oponen e intentan que regrese a Espa\u00f1a usando un se\u00f1uelo que creen infalible: Felipe, su novio de la infancia.<\/p>\n<p>El destino de Leonor parece estar sellado, hasta que el comisario Hugo Villanueva se interpone en su camino. Un par de grilletes y un fin de semana en el calabozo le dan la completa certeza de que el amor y el deseo nada tienen que ver con las tibias emociones que Felipe le provoca.<\/p>\n<p>Mil cosas separan a Villanueva de Leonor: el color de la piel, la posici\u00f3n social, la diferencia de edad&#8230; Pero una fuerza extra\u00f1a que todo lo puede los une irremediablemente.<\/p>\n<p>La tentaci\u00f3n es grande, y caer en ella puede destruirlos. \u00bfTriunfar\u00e1n los sentimientos por encima de los prejuicios? \u00bfPodr\u00e1 Leonor ser feliz a costa de sus sue\u00f1os rotos? Una manzana de chocolate y una dulce joven dispuesta a probar su sabor. El fin de la inocencia, el comienzo del amor&#8230;<\/p>\n<p>La obra La tentaci\u00f3n fue publicada en el 2.015.<\/p>\n<p><a href=\"https:\/\/tavapy.gov.py\/biblioteca\/wp-content\/uploads\/2023\/01\/RuggieriM-La-Tentacion.pdf\" target=\"_blank\" rel=\"attachment noopener wp-att-6421\"><img loading=\"lazy\" decoding=\"async\" class=\"size-full wp-image-6421 alignleft\" src=\"https:\/\/tavapy.gov.py\/biblioteca\/wp-content\/uploads\/2023\/01\/icono-PDF-copia-2-3.png\" alt=\"\" width=\"121\" height=\"140\" \/><\/a><\/p>\n","protected":false},"featured_media":6508,"comment_status":"open","ping_status":"closed","template":"","meta":{"spay_email":""},"product_cat":[829],"product_tag":[],"class_list":{"0":"post-6507","1":"product","2":"type-product","3":"status-publish","4":"has-post-thumbnail","6":"book_author-mariel-ruggieri","7":"product_cat-novela-erotica","8":"entry"},"_links":{"self":[{"href":"https:\/\/tavapy.gov.py\/biblioteca\/wp-json\/wp\/v2\/product\/6507","targetHints":{"allow":["GET"]}}],"collection":[{"href":"https:\/\/tavapy.gov.py\/biblioteca\/wp-json\/wp\/v2\/product"}],"about":[{"href":"https:\/\/tavapy.gov.py\/biblioteca\/wp-json\/wp\/v2\/types\/product"}],"replies":[{"embeddable":true,"href":"https:\/\/tavapy.gov.py\/biblioteca\/wp-json\/wp\/v2\/comments?post=6507"}],"wp:featuredmedia":[{"embeddable":true,"href":"https:\/\/tavapy.gov.py\/biblioteca\/wp-json\/wp\/v2\/media\/6508"}],"wp:attachment":[{"href":"https:\/\/tavapy.gov.py\/biblioteca\/wp-json\/wp\/v2\/media?parent=6507"}],"wp:term":[{"taxonomy":"product_cat","embeddable":true,"href":"https:\/\/tavapy.gov.py\/biblioteca\/wp-json\/wp\/v2\/product_cat?post=6507"},{"taxonomy":"product_tag","embeddable":true,"href":"https:\/\/tavapy.gov.py\/biblioteca\/wp-json\/wp\/v2\/product_tag?post=6507"}],"curies":[{"name":"wp","href":"https:\/\/api.w.org\/{rel}","templated":true}]}}