{"id":6514,"date":"2023-01-30T17:41:26","date_gmt":"2023-01-30T17:41:26","guid":{"rendered":"https:\/\/tavapy.gov.py\/biblioteca\/?post_type=product&#038;p=6514"},"modified":"2023-01-30T17:41:27","modified_gmt":"2023-01-30T17:41:27","slug":"el-arte-de-pensar-como-los-grandes-filosofos-pueden-estimular-nuestro-pensamiento-critico","status":"publish","type":"product","link":"https:\/\/tavapy.gov.py\/biblioteca\/product\/el-arte-de-pensar-como-los-grandes-filosofos-pueden-estimular-nuestro-pensamiento-critico\/","title":{"rendered":"EL ARTE DE PENSAR: C\u00d3MO LOS GRANDES FIL\u00d3SOFOS PUEDEN ESTIMULAR NUESTRO PENSAMIENTO CR\u00cdTICO."},"content":{"rendered":"","protected":false},"excerpt":{"rendered":"<p>\u00abHay muchos libros de autoayuda en el mercado, unos para decirnos que podemos conseguir cualquier meta que nos propongamos, incluida la felicidad, y nos indican como hacerlo. Otros para afrontar el sufrimiento que nos invade cuando no lo logramos.<\/p>\n<p>Sin embargo, la verdadera ayuda no consiste en hacer lo que otros nos dicen que tenemos que hacer, sino en aprender a desarrollar el pensamiento cr\u00edtico por nosotros mismos, desde nuestras circunstancias, con nuestra perspectiva y tomar las decisiones que m\u00e1s convengan teniendo siempre en cuenta el contexto. Porque el arte de saber pensar cr\u00edticamente se reduce a conocer las circunstancias que nos rodean tanto a nosotros como a los dem\u00e1s y saber interpretar adecuadamente el contexto.<\/p>\n<p>Una vez conocidos y dominados estos dos instrumentos, las decisiones en torno al proyecto de vida que queramos plantearnos tendr\u00e1n m\u00e1s probabilidades de \u00e9xito\u00bb.<\/p>\n<p>La obra El arte de pensar: c\u00f3mo los grandes fil\u00f3sofos pueden estimular nuestro pensamiento cr\u00edtico fue publicada en el 2.018.<\/p>\n<p><a href=\"https:\/\/tavapy.gov.py\/biblioteca\/wp-content\/uploads\/2023\/01\/RuizJCEl-arte-de-pensar.pdf\" target=\"_blank\" rel=\"attachment noopener wp-att-6421\"><img loading=\"lazy\" decoding=\"async\" class=\"size-full wp-image-6421 alignleft\" src=\"https:\/\/tavapy.gov.py\/biblioteca\/wp-content\/uploads\/2023\/01\/icono-PDF-copia-2-3.png\" alt=\"\" width=\"121\" height=\"140\" \/><\/a><\/p>\n","protected":false},"featured_media":6511,"comment_status":"open","ping_status":"closed","template":"","meta":{"spay_email":""},"product_cat":[767],"product_tag":[],"class_list":{"0":"post-6514","1":"product","2":"type-product","3":"status-publish","4":"has-post-thumbnail","6":"book_author-jose-carlos-ruiz","7":"product_cat-filosofia-contemporanea","8":"entry"},"_links":{"self":[{"href":"https:\/\/tavapy.gov.py\/biblioteca\/wp-json\/wp\/v2\/product\/6514","targetHints":{"allow":["GET"]}}],"collection":[{"href":"https:\/\/tavapy.gov.py\/biblioteca\/wp-json\/wp\/v2\/product"}],"about":[{"href":"https:\/\/tavapy.gov.py\/biblioteca\/wp-json\/wp\/v2\/types\/product"}],"replies":[{"embeddable":true,"href":"https:\/\/tavapy.gov.py\/biblioteca\/wp-json\/wp\/v2\/comments?post=6514"}],"wp:featuredmedia":[{"embeddable":true,"href":"https:\/\/tavapy.gov.py\/biblioteca\/wp-json\/wp\/v2\/media\/6511"}],"wp:attachment":[{"href":"https:\/\/tavapy.gov.py\/biblioteca\/wp-json\/wp\/v2\/media?parent=6514"}],"wp:term":[{"taxonomy":"product_cat","embeddable":true,"href":"https:\/\/tavapy.gov.py\/biblioteca\/wp-json\/wp\/v2\/product_cat?post=6514"},{"taxonomy":"product_tag","embeddable":true,"href":"https:\/\/tavapy.gov.py\/biblioteca\/wp-json\/wp\/v2\/product_tag?post=6514"}],"curies":[{"name":"wp","href":"https:\/\/api.w.org\/{rel}","templated":true}]}}