{"id":6517,"date":"2023-01-30T17:52:58","date_gmt":"2023-01-30T17:52:58","guid":{"rendered":"https:\/\/tavapy.gov.py\/biblioteca\/?post_type=product&#038;p=6517"},"modified":"2023-01-30T17:52:59","modified_gmt":"2023-01-30T17:52:59","slug":"6517","status":"publish","type":"product","link":"https:\/\/tavapy.gov.py\/biblioteca\/product\/6517\/","title":{"rendered":""},"content":{"rendered":"","protected":false},"excerpt":{"rendered":"<p>Educar a ni\u00f1os felices y sanos emocionalmente es el objetivo de cualquier padre. Para conseguirlo se hace necesaria la formaci\u00f3n de personas equilibradas. Esta obra, que pretende ser una gu\u00eda, adem\u00e1s de pr\u00e1ctica, capaz de llevar a los lectores a un nivel superior de compresi\u00f3n sobre las dificultades que nos vamos a encontrar por el camino, nos muestra no solo las herramientas necesarias para llevar a cabo de forma exitosa esta tarea, sino que nos traslada a las fuentes de los grandes pensadores de la historia en las que se basan.<\/p>\n<p>Para conseguir nuestro objetivo lo primero que hay que entender es qu\u00e9 es la felicidad. En este libro mostraremos modelos de actuaci\u00f3n basados en el sentido com\u00fan. De la mano de los grandes fil\u00f3sofos de la historia e incluso de los superh\u00e9roes m\u00e1s importantes, aprenderemos c\u00f3mo educar a \u00abpersonas equilibradas\u00bb, que sean capaces de desarrollar todo su potencial y vivir en el mundo actual siendo conscientes de su propia felicidad.<\/p>\n<p>Aprender a entender y hacer entender qu\u00e9 hay m\u00e1s all\u00e1 de los actos que se realizan, contar con un aparato cr\u00edtico que les ayude a tomar decisiones por s\u00ed mismos en el d\u00eda a d\u00eda de manera correcta, saber c\u00f3mo salir de su propia \u00abzona de confort\u00bb sin que eso suponga perder su propia autonom\u00eda estos y muchos otros son los objetivos que este libro te ayudar\u00e1 a conseguir para otorgar a nuestros hijos la necesaria madurez emocional. Arist\u00f3teles, Cicer\u00f3n, John Locke, Kant, S\u00f3crates, Hume o Plat\u00f3n; Superman, Wonder Woman, Batman, Spiderman o el Capit\u00e1n Am\u00e9rica nos acompa\u00f1ar\u00e1n en este viaje para conseguir que nuestros hijos sepan ser felices a lo largo de su vida.<\/p>\n<p>La obra De Plat\u00f3n a Batman: manual para educar con sabidur\u00eda y valores fue publicada en el 2.017.<\/p>\n<p><a href=\"https:\/\/tavapy.gov.py\/biblioteca\/wp-content\/uploads\/2023\/01\/RuizJC-De-Platon-a-Batman.pdf\" target=\"_blank\" rel=\"attachment noopener wp-att-6421\"><img loading=\"lazy\" decoding=\"async\" class=\"size-full wp-image-6421 alignleft\" src=\"https:\/\/tavapy.gov.py\/biblioteca\/wp-content\/uploads\/2023\/01\/icono-PDF-copia-2-3.png\" alt=\"\" width=\"121\" height=\"140\" \/><\/a><\/p>\n","protected":false},"featured_media":6515,"comment_status":"open","ping_status":"closed","template":"","meta":{"spay_email":""},"product_cat":[831],"product_tag":[],"class_list":{"0":"post-6517","1":"product","2":"type-product","3":"status-publish","4":"has-post-thumbnail","6":"book_author-jose-carlos-ruiz","7":"product_cat-filosofia-psicologia-pedagogia","8":"entry"},"_links":{"self":[{"href":"https:\/\/tavapy.gov.py\/biblioteca\/wp-json\/wp\/v2\/product\/6517","targetHints":{"allow":["GET"]}}],"collection":[{"href":"https:\/\/tavapy.gov.py\/biblioteca\/wp-json\/wp\/v2\/product"}],"about":[{"href":"https:\/\/tavapy.gov.py\/biblioteca\/wp-json\/wp\/v2\/types\/product"}],"replies":[{"embeddable":true,"href":"https:\/\/tavapy.gov.py\/biblioteca\/wp-json\/wp\/v2\/comments?post=6517"}],"wp:featuredmedia":[{"embeddable":true,"href":"https:\/\/tavapy.gov.py\/biblioteca\/wp-json\/wp\/v2\/media\/6515"}],"wp:attachment":[{"href":"https:\/\/tavapy.gov.py\/biblioteca\/wp-json\/wp\/v2\/media?parent=6517"}],"wp:term":[{"taxonomy":"product_cat","embeddable":true,"href":"https:\/\/tavapy.gov.py\/biblioteca\/wp-json\/wp\/v2\/product_cat?post=6517"},{"taxonomy":"product_tag","embeddable":true,"href":"https:\/\/tavapy.gov.py\/biblioteca\/wp-json\/wp\/v2\/product_tag?post=6517"}],"curies":[{"name":"wp","href":"https:\/\/api.w.org\/{rel}","templated":true}]}}