{"id":6518,"date":"2023-01-30T17:58:55","date_gmt":"2023-01-30T17:58:55","guid":{"rendered":"https:\/\/tavapy.gov.py\/biblioteca\/?post_type=product&#038;p=6518"},"modified":"2023-01-30T17:59:25","modified_gmt":"2023-01-30T17:59:25","slug":"la-conquista-de-la-felicidad","status":"publish","type":"product","link":"https:\/\/tavapy.gov.py\/biblioteca\/product\/la-conquista-de-la-felicidad\/","title":{"rendered":"LA CONQUISTA DE LA FELICIDAD."},"content":{"rendered":"","protected":false},"excerpt":{"rendered":"<p>La felicidad \u00bfes un estado o una b\u00fasqueda?<\/p>\n<p>Esta obra afirma que lo segundo: el ser humano se debe mostrar activo en la eliminaci\u00f3n de las trabas al despliegue de la felicidad, comenzando por eliminar esas pasiones egoc\u00e9ntricas que son la envidia, el miedo o la conciencia de pecado y reforzando las que impulsan hacia fuera de s\u00ed mismo, que invitan a sentirse parte de la corriente de la vida: \u00abCuantas m\u00e1s cosas interesen a alguien, m\u00e1s oportunidades de felicidad tendr\u00e1\u00bb, afirma, para concluir que el ser feliz es el que se siente ciudadano del universo \u00aby goza libremente del espect\u00e1culo que le ofrece y de las alegr\u00edas que le brinda\u00bb.<\/p>\n<p>Una obra de autoayuda&#8230; si no fuera porque se trata de un proyecto, de raigambre estoica, de repensar el ser humano y su posici\u00f3n en el mundo.<\/p>\n<p>La obra La conquista de la felicidad fue publicada en 1.930.<\/p>\n<p><a href=\"https:\/\/tavapy.gov.py\/biblioteca\/wp-content\/uploads\/2023\/01\/RussellB-La-conquista-de-la-felicidad.pdf\" target=\"_blank\" rel=\"attachment noopener wp-att-6421\"><img loading=\"lazy\" decoding=\"async\" class=\"size-full wp-image-6421 alignleft\" src=\"https:\/\/tavapy.gov.py\/biblioteca\/wp-content\/uploads\/2023\/01\/icono-PDF-copia-2-3.png\" alt=\"\" width=\"121\" height=\"140\" \/><\/a><\/p>\n","protected":false},"featured_media":6519,"comment_status":"open","ping_status":"closed","template":"","meta":{"spay_email":""},"product_cat":[767],"product_tag":[],"class_list":{"0":"post-6518","1":"product","2":"type-product","3":"status-publish","4":"has-post-thumbnail","6":"book_author-bertrand-russell","7":"product_cat-filosofia-contemporanea","8":"entry"},"_links":{"self":[{"href":"https:\/\/tavapy.gov.py\/biblioteca\/wp-json\/wp\/v2\/product\/6518","targetHints":{"allow":["GET"]}}],"collection":[{"href":"https:\/\/tavapy.gov.py\/biblioteca\/wp-json\/wp\/v2\/product"}],"about":[{"href":"https:\/\/tavapy.gov.py\/biblioteca\/wp-json\/wp\/v2\/types\/product"}],"replies":[{"embeddable":true,"href":"https:\/\/tavapy.gov.py\/biblioteca\/wp-json\/wp\/v2\/comments?post=6518"}],"wp:featuredmedia":[{"embeddable":true,"href":"https:\/\/tavapy.gov.py\/biblioteca\/wp-json\/wp\/v2\/media\/6519"}],"wp:attachment":[{"href":"https:\/\/tavapy.gov.py\/biblioteca\/wp-json\/wp\/v2\/media?parent=6518"}],"wp:term":[{"taxonomy":"product_cat","embeddable":true,"href":"https:\/\/tavapy.gov.py\/biblioteca\/wp-json\/wp\/v2\/product_cat?post=6518"},{"taxonomy":"product_tag","embeddable":true,"href":"https:\/\/tavapy.gov.py\/biblioteca\/wp-json\/wp\/v2\/product_tag?post=6518"}],"curies":[{"name":"wp","href":"https:\/\/api.w.org\/{rel}","templated":true}]}}