{"id":6521,"date":"2023-01-30T18:04:35","date_gmt":"2023-01-30T18:04:35","guid":{"rendered":"https:\/\/tavapy.gov.py\/biblioteca\/?post_type=product&#038;p=6521"},"modified":"2023-02-08T16:29:33","modified_gmt":"2023-02-08T16:29:33","slug":"por-que-no-soy-cristiano","status":"publish","type":"product","link":"https:\/\/tavapy.gov.py\/biblioteca\/product\/por-que-no-soy-cristiano\/","title":{"rendered":"POR QU\u00c9 NO SOY CRISTIANO."},"content":{"rendered":"","protected":false},"excerpt":{"rendered":"<p>En esta obra lord Bertrand Russell, uno de los pensadores m\u00e1s l\u00facidos e influyentes que ha dado el siglo XX, re\u00fane catorce ensayos escritos. En ellos expone y desarrolla los motivos de su agnoticismo, rebate los argumentos tradicionales del cristianismo, identifica el miedo como uno de los fundamentos principales de la religi\u00f3n cuestiona las contribuciones de la religi\u00f3n a la felicidad del ser humano y critica muy duramente los planteamientos del cristianismo en cuestiones sexuales.<\/p>\n<p>Por qu\u00e9 no soy cristiano es una de las m\u00e1s conmovedoras y convincentes defensas del no creyente que se han escrito desde los d\u00edas de Hume y Voltaire.<\/p>\n<p>La obra Por qu\u00e9 no soy cristiano fue publicada en 1.927.<\/p>\n<p><a href=\"https:\/\/tavapy.gov.py\/biblioteca\/wp-content\/uploads\/2023\/01\/RussellB-Por-que-no-soy-cristiano.pdf\" target=\"_blank\" rel=\"attachment noopener wp-att-6421\"><img loading=\"lazy\" decoding=\"async\" class=\"size-full wp-image-6421 alignleft\" src=\"https:\/\/tavapy.gov.py\/biblioteca\/wp-content\/uploads\/2023\/01\/icono-PDF-copia-2-3.png\" alt=\"\" width=\"121\" height=\"140\" \/><\/a><\/p>\n","protected":false},"featured_media":6522,"comment_status":"open","ping_status":"closed","template":"","meta":{"spay_email":""},"product_cat":[832],"product_tag":[],"class_list":{"0":"post-6521","1":"product","2":"type-product","3":"status-publish","4":"has-post-thumbnail","6":"book_author-bertrand-russell","7":"product_cat-ensayo-filosofia-religion","8":"entry"},"_links":{"self":[{"href":"https:\/\/tavapy.gov.py\/biblioteca\/wp-json\/wp\/v2\/product\/6521","targetHints":{"allow":["GET"]}}],"collection":[{"href":"https:\/\/tavapy.gov.py\/biblioteca\/wp-json\/wp\/v2\/product"}],"about":[{"href":"https:\/\/tavapy.gov.py\/biblioteca\/wp-json\/wp\/v2\/types\/product"}],"replies":[{"embeddable":true,"href":"https:\/\/tavapy.gov.py\/biblioteca\/wp-json\/wp\/v2\/comments?post=6521"}],"wp:featuredmedia":[{"embeddable":true,"href":"https:\/\/tavapy.gov.py\/biblioteca\/wp-json\/wp\/v2\/media\/6522"}],"wp:attachment":[{"href":"https:\/\/tavapy.gov.py\/biblioteca\/wp-json\/wp\/v2\/media?parent=6521"}],"wp:term":[{"taxonomy":"product_cat","embeddable":true,"href":"https:\/\/tavapy.gov.py\/biblioteca\/wp-json\/wp\/v2\/product_cat?post=6521"},{"taxonomy":"product_tag","embeddable":true,"href":"https:\/\/tavapy.gov.py\/biblioteca\/wp-json\/wp\/v2\/product_tag?post=6521"}],"curies":[{"name":"wp","href":"https:\/\/api.w.org\/{rel}","templated":true}]}}