{"id":6526,"date":"2023-01-30T18:10:16","date_gmt":"2023-01-30T18:10:16","guid":{"rendered":"https:\/\/tavapy.gov.py\/biblioteca\/?post_type=product&#038;p=6526"},"modified":"2023-01-30T18:10:17","modified_gmt":"2023-01-30T18:10:17","slug":"ciencia-y-religion","status":"publish","type":"product","link":"https:\/\/tavapy.gov.py\/biblioteca\/product\/ciencia-y-religion\/","title":{"rendered":"CIENCIA Y RELIGI\u00d3N."},"content":{"rendered":"","protected":false},"excerpt":{"rendered":"<p>En el presente libro, Religi\u00f3n y ciencia, el autor Bertrand Russell expone los principales conflictos en que, a trav\u00e9s de la historia, se han visto envueltas la ciencia y la religi\u00f3n.<\/p>\n<p>Fruto de esas luchas que se han arrastrado siglos, ha sido la separaci\u00f3n de los campos, y hoy en no pocos esp\u00edritus religiosos se infiltra la idea de considerar a una y otra como dos maneras diferentes de comprender los problemas fundamentales del hombre y de la vida en general.<\/p>\n<p>El libro Ciencia y religi\u00f3n fue publicado en 1.935.<\/p>\n<p><a href=\"https:\/\/tavapy.gov.py\/biblioteca\/wp-content\/uploads\/2023\/01\/RussellB-Religion-y-ciencia.pdf\" target=\"_blank\" rel=\"attachment noopener wp-att-6421\"><img loading=\"lazy\" decoding=\"async\" class=\"size-full wp-image-6421 alignleft\" src=\"https:\/\/tavapy.gov.py\/biblioteca\/wp-content\/uploads\/2023\/01\/icono-PDF-copia-2-3.png\" alt=\"\" width=\"121\" height=\"140\" \/><\/a><\/p>\n","protected":false},"featured_media":6524,"comment_status":"open","ping_status":"closed","template":"","meta":{"spay_email":""},"product_cat":[542],"product_tag":[],"class_list":{"0":"post-6526","1":"product","2":"type-product","3":"status-publish","4":"has-post-thumbnail","6":"book_author-bertrand-russell","7":"product_cat-ciencia-religion-filosofia","8":"entry"},"_links":{"self":[{"href":"https:\/\/tavapy.gov.py\/biblioteca\/wp-json\/wp\/v2\/product\/6526","targetHints":{"allow":["GET"]}}],"collection":[{"href":"https:\/\/tavapy.gov.py\/biblioteca\/wp-json\/wp\/v2\/product"}],"about":[{"href":"https:\/\/tavapy.gov.py\/biblioteca\/wp-json\/wp\/v2\/types\/product"}],"replies":[{"embeddable":true,"href":"https:\/\/tavapy.gov.py\/biblioteca\/wp-json\/wp\/v2\/comments?post=6526"}],"wp:featuredmedia":[{"embeddable":true,"href":"https:\/\/tavapy.gov.py\/biblioteca\/wp-json\/wp\/v2\/media\/6524"}],"wp:attachment":[{"href":"https:\/\/tavapy.gov.py\/biblioteca\/wp-json\/wp\/v2\/media?parent=6526"}],"wp:term":[{"taxonomy":"product_cat","embeddable":true,"href":"https:\/\/tavapy.gov.py\/biblioteca\/wp-json\/wp\/v2\/product_cat?post=6526"},{"taxonomy":"product_tag","embeddable":true,"href":"https:\/\/tavapy.gov.py\/biblioteca\/wp-json\/wp\/v2\/product_tag?post=6526"}],"curies":[{"name":"wp","href":"https:\/\/api.w.org\/{rel}","templated":true}]}}