{"id":6534,"date":"2023-01-30T18:19:11","date_gmt":"2023-01-30T18:19:11","guid":{"rendered":"https:\/\/tavapy.gov.py\/biblioteca\/?post_type=product&#038;p=6534"},"modified":"2023-01-30T18:19:40","modified_gmt":"2023-01-30T18:19:40","slug":"el-arte-de-no-amargarse-la-vida-las-claves-del-cambio-psicologico-y-la-transformacion-personal","status":"publish","type":"product","link":"https:\/\/tavapy.gov.py\/biblioteca\/product\/el-arte-de-no-amargarse-la-vida-las-claves-del-cambio-psicologico-y-la-transformacion-personal\/","title":{"rendered":"EL ARTE DE NO AMARGARSE LA VIDA.LAS CLAVES DEL CAMBIO PSICOL\u00d3GICO Y LA TRANSFORMACI\u00d3N PERSONAL."},"content":{"rendered":"","protected":false},"excerpt":{"rendered":"<p>La vida es para disfrutarla: amar, aprender, descubrir&#8230; y eso s\u00f3lo lo podremos hacer cuando hayamos superado nuestros miedos y descubramos El arte de no amargarse la vida.<\/p>\n<p>En la l\u00ednea de los grandes libros de psicolog\u00eda para el gran p\u00fablico Rafael Santandreu, expone en esta obra un m\u00e9todo pr\u00e1ctico, claro y cient\u00edficamente demostrado, para caminar hacia el cambio psicol\u00f3gico. Nuestro destino es convertirnos en personas m\u00e1s fuertes y felices.<\/p>\n<p>Con an\u00e9cdotas extra\u00eddas tanto de su consulta como de su historia personal, el autor nos muestra c\u00f3mo transformar nuestra forma de pensar y actuar. De deprimidos, ansiosos o \u201ccascarrabias\u201d podemos convertirnos en hombres y mujeres serenos, alegres y optimistas, con la ayuda de un terapeuta o \u00a1por nosotros mismos!<\/p>\n<p>El arte de no amargarse la vida, obra publicada en el 2.011, \u00a0nos ofrece las \u00faltimas herramientas de la m\u00e1s poderosa psicolog\u00eda cognitiva, la escuela terap\u00e9utica m\u00e1s importante del mundo, con miles de estudios que avalan su eficacia.<\/p>\n<p><a href=\"https:\/\/tavapy.gov.py\/biblioteca\/wp-content\/uploads\/2023\/01\/SantandreuR-El-arte-de-no-amargarse-la-vida.pdf\" target=\"_blank\" rel=\"attachment noopener wp-att-6421\"><img loading=\"lazy\" decoding=\"async\" class=\"size-full wp-image-6421 alignleft\" src=\"https:\/\/tavapy.gov.py\/biblioteca\/wp-content\/uploads\/2023\/01\/icono-PDF-copia-2-3.png\" alt=\"\" width=\"121\" height=\"140\" \/><\/a><\/p>\n","protected":false},"featured_media":6538,"comment_status":"open","ping_status":"closed","template":"","meta":{"spay_email":""},"product_cat":[408],"product_tag":[],"class_list":{"0":"post-6534","1":"product","2":"type-product","3":"status-publish","4":"has-post-thumbnail","6":"book_author-rafael-santandreu","7":"product_cat-autoayuda-psicologia-espiritualidad","8":"entry"},"_links":{"self":[{"href":"https:\/\/tavapy.gov.py\/biblioteca\/wp-json\/wp\/v2\/product\/6534","targetHints":{"allow":["GET"]}}],"collection":[{"href":"https:\/\/tavapy.gov.py\/biblioteca\/wp-json\/wp\/v2\/product"}],"about":[{"href":"https:\/\/tavapy.gov.py\/biblioteca\/wp-json\/wp\/v2\/types\/product"}],"replies":[{"embeddable":true,"href":"https:\/\/tavapy.gov.py\/biblioteca\/wp-json\/wp\/v2\/comments?post=6534"}],"wp:featuredmedia":[{"embeddable":true,"href":"https:\/\/tavapy.gov.py\/biblioteca\/wp-json\/wp\/v2\/media\/6538"}],"wp:attachment":[{"href":"https:\/\/tavapy.gov.py\/biblioteca\/wp-json\/wp\/v2\/media?parent=6534"}],"wp:term":[{"taxonomy":"product_cat","embeddable":true,"href":"https:\/\/tavapy.gov.py\/biblioteca\/wp-json\/wp\/v2\/product_cat?post=6534"},{"taxonomy":"product_tag","embeddable":true,"href":"https:\/\/tavapy.gov.py\/biblioteca\/wp-json\/wp\/v2\/product_tag?post=6534"}],"curies":[{"name":"wp","href":"https:\/\/api.w.org\/{rel}","templated":true}]}}