{"id":6541,"date":"2023-01-30T18:26:34","date_gmt":"2023-01-30T18:26:34","guid":{"rendered":"https:\/\/tavapy.gov.py\/biblioteca\/?post_type=product&#038;p=6541"},"modified":"2023-01-30T18:27:08","modified_gmt":"2023-01-30T18:27:08","slug":"el-arte-de-hacerse-respetar","status":"publish","type":"product","link":"https:\/\/tavapy.gov.py\/biblioteca\/product\/el-arte-de-hacerse-respetar\/","title":{"rendered":"EL ARTE DE HACERSE RESPETAR."},"content":{"rendered":"","protected":false},"excerpt":{"rendered":"<p>Al igual que &#8216;El arte de tener raz\u00f3n&#8217;, &#8216;El arte de hacerse respetar&#8217; &#8211; o, como lo llamaba el propio Arthur Schopenhauer &#8216;Tratado sobre el honor&#8217; se presenta como un prontuario cuya intenci\u00f3n, m\u00e1s que puramente especulativa o te\u00f3rica, es la de proponer un instrumento de sabidur\u00eda pr\u00e1ctica.<\/p>\n<p>Inspirado a menudo en episodios vividos por el propio fil\u00f3sofo y redactado con una mordacidad que a ratos lo aproxima a su coet\u00e1neo<\/p>\n<p>Schopenhauer se revela en este op\u00fasculo como palad\u00edn de los derechos de la raz\u00f3n frente al oscurantismo y el conservadurismo que impiden consolidarla en la sociedad.<\/p>\n<p><a href=\"https:\/\/tavapy.gov.py\/biblioteca\/wp-content\/uploads\/2023\/01\/SchopenhauerA-El-arte-de-hacerse-respetar.pdf\" target=\"_blank\" rel=\"attachment noopener wp-att-6421\"><img loading=\"lazy\" decoding=\"async\" class=\"size-full wp-image-6421 alignleft\" src=\"https:\/\/tavapy.gov.py\/biblioteca\/wp-content\/uploads\/2023\/01\/icono-PDF-copia-2-3.png\" alt=\"\" width=\"121\" height=\"140\" \/><\/a><\/p>\n","protected":false},"featured_media":6542,"comment_status":"open","ping_status":"closed","template":"","meta":{"spay_email":""},"product_cat":[59],"product_tag":[],"class_list":{"0":"post-6541","1":"product","2":"type-product","3":"status-publish","4":"has-post-thumbnail","6":"book_author-arthur-schopenhauer","7":"product_cat-filosofia","8":"entry"},"_links":{"self":[{"href":"https:\/\/tavapy.gov.py\/biblioteca\/wp-json\/wp\/v2\/product\/6541","targetHints":{"allow":["GET"]}}],"collection":[{"href":"https:\/\/tavapy.gov.py\/biblioteca\/wp-json\/wp\/v2\/product"}],"about":[{"href":"https:\/\/tavapy.gov.py\/biblioteca\/wp-json\/wp\/v2\/types\/product"}],"replies":[{"embeddable":true,"href":"https:\/\/tavapy.gov.py\/biblioteca\/wp-json\/wp\/v2\/comments?post=6541"}],"wp:featuredmedia":[{"embeddable":true,"href":"https:\/\/tavapy.gov.py\/biblioteca\/wp-json\/wp\/v2\/media\/6542"}],"wp:attachment":[{"href":"https:\/\/tavapy.gov.py\/biblioteca\/wp-json\/wp\/v2\/media?parent=6541"}],"wp:term":[{"taxonomy":"product_cat","embeddable":true,"href":"https:\/\/tavapy.gov.py\/biblioteca\/wp-json\/wp\/v2\/product_cat?post=6541"},{"taxonomy":"product_tag","embeddable":true,"href":"https:\/\/tavapy.gov.py\/biblioteca\/wp-json\/wp\/v2\/product_tag?post=6541"}],"curies":[{"name":"wp","href":"https:\/\/api.w.org\/{rel}","templated":true}]}}