{"id":6546,"date":"2023-01-30T18:32:41","date_gmt":"2023-01-30T18:32:41","guid":{"rendered":"https:\/\/tavapy.gov.py\/biblioteca\/?post_type=product&#038;p=6546"},"modified":"2023-01-30T18:32:41","modified_gmt":"2023-01-30T18:32:41","slug":"el-arte-de-ser-feliz-2","status":"publish","type":"product","link":"https:\/\/tavapy.gov.py\/biblioteca\/product\/el-arte-de-ser-feliz-2\/","title":{"rendered":"EL ARTE DE SER FELIZ."},"content":{"rendered":"","protected":false},"excerpt":{"rendered":"<p>Arthur Schopenhauer sol\u00eda dedicarse a la redacci\u00f3n de peque\u00f1os tratados como este, a los que conceb\u00eda como textos para su uso pr\u00e1ctico personal. gracias a la intensa dedicaci\u00f3n a los cl\u00e1sicos griegos y latinos, a los grandes fil\u00f3sofos de todos los tiempos -a los que le\u00eda como magistri vitae &#8211; y al estudio de la sabidur\u00eda india, Schopenhauer lleg\u00f3 a apreciar la filosof\u00eda no solo como saber teor\u00e9tico, sino tambi\u00e9n como forma de vida y ejercicios mental; no solo como conocimiento puro y separado del mundo, sino tambi\u00e9n como ense\u00f1anza pr\u00e1ctica y sabidur\u00eda para la vida.<\/p>\n<p>Pero, \u00bfqu\u00e9 tipo de consejos sobre la felicidad puede brindarnos el fil\u00f3sofo que ha pasado a la historia como maestro del pesimismo? Se trata de encontrar reglas de conducta y de vida que nos ayuden a evitar las penurias y los golpes del destino, con la esperanza de que, si bien la felicidad perfecta es inalcanzable, podamos llegar a esa felicidad relativa que consiste en la ausencia del dolor.<\/p>\n<p>La obra El arte de ser feliz fue publicada en 1.851.<\/p>\n<p><a href=\"https:\/\/tavapy.gov.py\/biblioteca\/wp-content\/uploads\/2023\/01\/SchopenhauerA-El-arte-de-ser-feliz.pdf\" target=\"_blank\" rel=\"attachment noopener wp-att-6421\"><img loading=\"lazy\" decoding=\"async\" class=\"size-full wp-image-6421 alignleft\" src=\"https:\/\/tavapy.gov.py\/biblioteca\/wp-content\/uploads\/2023\/01\/icono-PDF-copia-2-3.png\" alt=\"\" width=\"121\" height=\"140\" \/><\/a><\/p>\n","protected":false},"featured_media":6544,"comment_status":"open","ping_status":"closed","template":"","meta":{"spay_email":""},"product_cat":[59],"product_tag":[],"class_list":{"0":"post-6546","1":"product","2":"type-product","3":"status-publish","4":"has-post-thumbnail","6":"book_author-arthur-schopenhauer","7":"product_cat-filosofia","8":"entry"},"_links":{"self":[{"href":"https:\/\/tavapy.gov.py\/biblioteca\/wp-json\/wp\/v2\/product\/6546","targetHints":{"allow":["GET"]}}],"collection":[{"href":"https:\/\/tavapy.gov.py\/biblioteca\/wp-json\/wp\/v2\/product"}],"about":[{"href":"https:\/\/tavapy.gov.py\/biblioteca\/wp-json\/wp\/v2\/types\/product"}],"replies":[{"embeddable":true,"href":"https:\/\/tavapy.gov.py\/biblioteca\/wp-json\/wp\/v2\/comments?post=6546"}],"wp:featuredmedia":[{"embeddable":true,"href":"https:\/\/tavapy.gov.py\/biblioteca\/wp-json\/wp\/v2\/media\/6544"}],"wp:attachment":[{"href":"https:\/\/tavapy.gov.py\/biblioteca\/wp-json\/wp\/v2\/media?parent=6546"}],"wp:term":[{"taxonomy":"product_cat","embeddable":true,"href":"https:\/\/tavapy.gov.py\/biblioteca\/wp-json\/wp\/v2\/product_cat?post=6546"},{"taxonomy":"product_tag","embeddable":true,"href":"https:\/\/tavapy.gov.py\/biblioteca\/wp-json\/wp\/v2\/product_tag?post=6546"}],"curies":[{"name":"wp","href":"https:\/\/api.w.org\/{rel}","templated":true}]}}