{"id":6553,"date":"2023-01-30T18:43:52","date_gmt":"2023-01-30T18:43:52","guid":{"rendered":"https:\/\/tavapy.gov.py\/biblioteca\/?post_type=product&#038;p=6553"},"modified":"2023-01-30T18:43:53","modified_gmt":"2023-01-30T18:43:53","slug":"el-lider-que-no-tenia-cargo-una-fabula-moderna-sobre-el-liderazgo-en-la-empresa-y-en-la-vida","status":"publish","type":"product","link":"https:\/\/tavapy.gov.py\/biblioteca\/product\/el-lider-que-no-tenia-cargo-una-fabula-moderna-sobre-el-liderazgo-en-la-empresa-y-en-la-vida\/","title":{"rendered":"EL L\u00cdDER QUE NO TEN\u00cdA CARGO: UNA F\u00c1BULA MODERNA SOBRE EL LIDERAZGO EN LA EMPRESA Y EN LA VIDA."},"content":{"rendered":"","protected":false},"excerpt":{"rendered":"<p>Robin Sharma ha compartido durante m\u00e1s de quince a\u00f1os su f\u00f3rmula para el \u00e9xito con las empresas l\u00edderes de Fortune 500 y personajes destacados en todo el mundo, una receta que le ha convertido en uno de los asesores de liderazgo m\u00e1s solicitados internacionalmente. Ahora, por primera vez, Sharma comparte sus conocimientos excepcionales con todos sus lectores. Siguiendo sus consejos podr\u00e1s realizarte como el mejor en tu campo a la vez que contribuir\u00e1s con tu talento a que tu empresa alcance las metas m\u00e1s altas, algo que resulta esencial en los tiempos turbulentos que estamos viviendo.<\/p>\n<p>El l\u00edder que no ten\u00eda cargo, obra publicada en el 2.010 te ense\u00f1ar\u00e1 a: Influir en los dem\u00e1s y trabajar con ellos como si fueras una estrella, sea cual sea tu posici\u00f3n laboral. Reconocer y aprovechar las oportunidades que se presentan en \u00e9pocas de cambios radicales. Descubrir los secretos de la innovaci\u00f3n profunda. Encontrar una estrategia instant\u00e1nea para crear un equipo de trabajo y convertirte en un vendedor que impacte a sus clientes. Desarrollar t\u00e1cticas que te doten de poder mental y f\u00edsico para ser l\u00edder en tu territorio. Emplear t\u00e9cnicas pr\u00e1cticas para desterrar el estr\u00e9s, desarrollar una mentalidad invencible, canalizar tu energ\u00eda y alcanzar el equilibrio en tu vida personal.<\/p>\n<p>No importa el lugar que ocupes en el organigrama empresarial o cu\u00e1les sean tus circunstancias personales. Lo fundamental es que tienes capacidad para demostrar que eres un l\u00edder. Est\u00e9s donde est\u00e9s en tu profesi\u00f3n o en tu vida, siempre debes dar el m\u00e1ximo. Este libro te ense\u00f1ar\u00e1 a apoderarte de esta fuerza extraordinaria a la vez que transformas tu vida y el mundo a tu alrededor.<\/p>\n<p><a href=\"https:\/\/tavapy.gov.py\/biblioteca\/wp-content\/uploads\/2023\/01\/SharmaR-El-lider-que-no-tenia-cargo.pdf\" target=\"_blank\" rel=\"attachment noopener wp-att-6421\"><img loading=\"lazy\" decoding=\"async\" class=\"size-full wp-image-6421 alignleft\" src=\"https:\/\/tavapy.gov.py\/biblioteca\/wp-content\/uploads\/2023\/01\/icono-PDF-copia-2-3.png\" alt=\"\" width=\"121\" height=\"140\" \/><\/a><\/p>\n","protected":false},"featured_media":6550,"comment_status":"open","ping_status":"closed","template":"","meta":{"spay_email":""},"product_cat":[835],"product_tag":[],"class_list":{"0":"post-6553","1":"product","2":"type-product","3":"status-publish","4":"has-post-thumbnail","6":"book_author-robin-s-sharma","7":"product_cat-empresas-liderazgo-gestion-empresarial","8":"entry"},"_links":{"self":[{"href":"https:\/\/tavapy.gov.py\/biblioteca\/wp-json\/wp\/v2\/product\/6553","targetHints":{"allow":["GET"]}}],"collection":[{"href":"https:\/\/tavapy.gov.py\/biblioteca\/wp-json\/wp\/v2\/product"}],"about":[{"href":"https:\/\/tavapy.gov.py\/biblioteca\/wp-json\/wp\/v2\/types\/product"}],"replies":[{"embeddable":true,"href":"https:\/\/tavapy.gov.py\/biblioteca\/wp-json\/wp\/v2\/comments?post=6553"}],"wp:featuredmedia":[{"embeddable":true,"href":"https:\/\/tavapy.gov.py\/biblioteca\/wp-json\/wp\/v2\/media\/6550"}],"wp:attachment":[{"href":"https:\/\/tavapy.gov.py\/biblioteca\/wp-json\/wp\/v2\/media?parent=6553"}],"wp:term":[{"taxonomy":"product_cat","embeddable":true,"href":"https:\/\/tavapy.gov.py\/biblioteca\/wp-json\/wp\/v2\/product_cat?post=6553"},{"taxonomy":"product_tag","embeddable":true,"href":"https:\/\/tavapy.gov.py\/biblioteca\/wp-json\/wp\/v2\/product_tag?post=6553"}],"curies":[{"name":"wp","href":"https:\/\/api.w.org\/{rel}","templated":true}]}}