{"id":6556,"date":"2023-01-30T18:49:57","date_gmt":"2023-01-30T18:49:57","guid":{"rendered":"https:\/\/tavapy.gov.py\/biblioteca\/?post_type=product&#038;p=6556"},"modified":"2023-01-30T18:49:57","modified_gmt":"2023-01-30T18:49:57","slug":"el-club-de-las-5-de-la-manana-controla-tus-mananas-impulsa-tu-vida","status":"publish","type":"product","link":"https:\/\/tavapy.gov.py\/biblioteca\/product\/el-club-de-las-5-de-la-manana-controla-tus-mananas-impulsa-tu-vida\/","title":{"rendered":"EL CLUB DE LAS 5 DE LA MA\u00d1ANA: CONTROLA TUS MA\u00d1ANAS, IMPULSA TU VIDA."},"content":{"rendered":"","protected":false},"excerpt":{"rendered":"<p>Robin Sharma es uno de los mayores expertos mundiales en liderazgo y desempe\u00f1o. Desarroll\u00f3 el concepto del Club de las 5 de la ma\u00f1ana hace m\u00e1s de veinte a\u00f1os a partir de los revolucionarios h\u00e1bitos que han permitido a sus clientes incrementar su productividad, mejorar su salud y afrontar con serenidad la extremadamente compleja \u00e9poca en que vivimos.<\/p>\n<p>Este libro, de profundo impacto personal, nos descubrir\u00e1 las rutinas que han hecho posible que muchas personas alcancen grandes resultados al tiempo que nuestra felicidad y vitalidad aumenta.<\/p>\n<p>A trav\u00e9s de una entretenida historia de dos personas que conocen al mismo tiempo a un exc\u00e9ntrico magnate que termina por convertirse en su mentor, El Club de las 5 de la ma\u00f1ana nos muestra:<\/p>\n<p>&#8211; Una forma de aprovechar las ma\u00f1anas para conseguir unos resultados extraordinarios.<\/p>\n<p>&#8211; Una f\u00f3rmula poco conocida para despertarse temprano con buen \u00e1nimo y la energ\u00eda necesaria para aprovechar el d\u00eda al m\u00e1ximo.<\/p>\n<p>&#8211; Un m\u00e9todo para dedicar las horas m\u00e1s tranquilas del d\u00eda a hacer ejercicio, renovarse y crecer como persona.<\/p>\n<p>&#8211; Un h\u00e1bito cient\u00edficamente probado que nos permitir\u00e1 levantarnos mientras los dem\u00e1s siguen durmiendo y disponer as\u00ed de unas horas preciosas para pensar, potenciar nuestra creatividad y empezar el d\u00eda con calma y sin prisas.<\/p>\n<p>&#8211; Unas t\u00e1cticas poco conocidas para proteger nuestro talento de la distracci\u00f3n digital.<\/p>\n<p>El libro El club de la cinco de la ma\u00f1ana fue publicado en el 2.018.<\/p>\n<p><a href=\"https:\/\/tavapy.gov.py\/biblioteca\/wp-content\/uploads\/2023\/01\/SharmaR-El-club-de-las-5-de-la-manana.pdf\" target=\"_blank\" rel=\"attachment noopener wp-att-6421\"><img loading=\"lazy\" decoding=\"async\" class=\"size-full wp-image-6421 alignleft\" src=\"https:\/\/tavapy.gov.py\/biblioteca\/wp-content\/uploads\/2023\/01\/icono-PDF-copia-2-3.png\" alt=\"\" width=\"121\" height=\"140\" \/><\/a><\/p>\n","protected":false},"featured_media":6554,"comment_status":"open","ping_status":"closed","template":"","meta":{"spay_email":""},"product_cat":[205],"product_tag":[],"class_list":{"0":"post-6556","1":"product","2":"type-product","3":"status-publish","4":"has-post-thumbnail","6":"book_author-robin-s-sharma","7":"product_cat-autoayuda-desarrollo-humano","8":"entry"},"_links":{"self":[{"href":"https:\/\/tavapy.gov.py\/biblioteca\/wp-json\/wp\/v2\/product\/6556","targetHints":{"allow":["GET"]}}],"collection":[{"href":"https:\/\/tavapy.gov.py\/biblioteca\/wp-json\/wp\/v2\/product"}],"about":[{"href":"https:\/\/tavapy.gov.py\/biblioteca\/wp-json\/wp\/v2\/types\/product"}],"replies":[{"embeddable":true,"href":"https:\/\/tavapy.gov.py\/biblioteca\/wp-json\/wp\/v2\/comments?post=6556"}],"wp:featuredmedia":[{"embeddable":true,"href":"https:\/\/tavapy.gov.py\/biblioteca\/wp-json\/wp\/v2\/media\/6554"}],"wp:attachment":[{"href":"https:\/\/tavapy.gov.py\/biblioteca\/wp-json\/wp\/v2\/media?parent=6556"}],"wp:term":[{"taxonomy":"product_cat","embeddable":true,"href":"https:\/\/tavapy.gov.py\/biblioteca\/wp-json\/wp\/v2\/product_cat?post=6556"},{"taxonomy":"product_tag","embeddable":true,"href":"https:\/\/tavapy.gov.py\/biblioteca\/wp-json\/wp\/v2\/product_tag?post=6556"}],"curies":[{"name":"wp","href":"https:\/\/api.w.org\/{rel}","templated":true}]}}