{"id":6559,"date":"2023-01-30T18:56:44","date_gmt":"2023-01-30T18:56:44","guid":{"rendered":"https:\/\/tavapy.gov.py\/biblioteca\/?post_type=product&#038;p=6559"},"modified":"2023-01-30T18:56:45","modified_gmt":"2023-01-30T18:56:45","slug":"el-monje-que-vendio-su-ferrari-una-fabula-espiritual","status":"publish","type":"product","link":"https:\/\/tavapy.gov.py\/biblioteca\/product\/el-monje-que-vendio-su-ferrari-una-fabula-espiritual\/","title":{"rendered":"EL MONJE QUE VENDI\u00d3 SU FERRARI: UNA F\u00c1BULA ESPIRITUAL."},"content":{"rendered":"","protected":false},"excerpt":{"rendered":"<p>A traves de sus p\u00e1ginas, conocemos la extraordinaria historia de Julian Mantle, un abogado de exito que, tras sufrir un ataque al coraz\u00f3n, debe afrontar el gran vac\u00edo de su existencia. Inmerso en esta crisis existencial, Julian toma la radical decisi\u00f3n de vender todas sus pertenencias y viajar a la India. Es en un monasterio del Himalaya donde aprende las sabias y profundas lecciones de los monjes sobre la felicidad, el coraje, el equilibrio y la paz interior.<\/p>\n<p>Con esta historia tan especial e inolvidable, Robin Sharma nos ense\u00f1a, paso a paso, una nueva manera de enfocar la vida personal, profesional y familiar. Nos muestra lo importante que es emprender un recorrido vital con una direcci\u00f3n clara, con pasi\u00f3n y armon\u00eda interior.<\/p>\n<p>La obra El monje que vendi\u00f3 su Ferrari: una f\u00e1bula espiritual fue publicada en 1.996.<\/p>\n<p><a href=\"https:\/\/tavapy.gov.py\/biblioteca\/wp-content\/uploads\/2023\/01\/Sharma-R-El-monje-que-vendio-su-Ferrari.pdf\" target=\"_blank\" rel=\"attachment noopener wp-att-6421\"><img loading=\"lazy\" decoding=\"async\" class=\"size-full wp-image-6421 alignleft\" src=\"https:\/\/tavapy.gov.py\/biblioteca\/wp-content\/uploads\/2023\/01\/icono-PDF-copia-2-3.png\" alt=\"\" width=\"121\" height=\"140\" \/><\/a><\/p>\n","protected":false},"featured_media":6557,"comment_status":"open","ping_status":"closed","template":"","meta":{"spay_email":""},"product_cat":[836],"product_tag":[],"class_list":{"0":"post-6559","1":"product","2":"type-product","3":"status-publish","4":"has-post-thumbnail","6":"book_author-robin-s-sharma","7":"product_cat-autoayuda-fabula-espiritualidad","8":"entry"},"_links":{"self":[{"href":"https:\/\/tavapy.gov.py\/biblioteca\/wp-json\/wp\/v2\/product\/6559","targetHints":{"allow":["GET"]}}],"collection":[{"href":"https:\/\/tavapy.gov.py\/biblioteca\/wp-json\/wp\/v2\/product"}],"about":[{"href":"https:\/\/tavapy.gov.py\/biblioteca\/wp-json\/wp\/v2\/types\/product"}],"replies":[{"embeddable":true,"href":"https:\/\/tavapy.gov.py\/biblioteca\/wp-json\/wp\/v2\/comments?post=6559"}],"wp:featuredmedia":[{"embeddable":true,"href":"https:\/\/tavapy.gov.py\/biblioteca\/wp-json\/wp\/v2\/media\/6557"}],"wp:attachment":[{"href":"https:\/\/tavapy.gov.py\/biblioteca\/wp-json\/wp\/v2\/media?parent=6559"}],"wp:term":[{"taxonomy":"product_cat","embeddable":true,"href":"https:\/\/tavapy.gov.py\/biblioteca\/wp-json\/wp\/v2\/product_cat?post=6559"},{"taxonomy":"product_tag","embeddable":true,"href":"https:\/\/tavapy.gov.py\/biblioteca\/wp-json\/wp\/v2\/product_tag?post=6559"}],"curies":[{"name":"wp","href":"https:\/\/api.w.org\/{rel}","templated":true}]}}