{"id":6566,"date":"2023-01-30T19:08:14","date_gmt":"2023-01-30T19:08:14","guid":{"rendered":"https:\/\/tavapy.gov.py\/biblioteca\/?post_type=product&#038;p=6566"},"modified":"2023-01-30T19:08:15","modified_gmt":"2023-01-30T19:08:15","slug":"tormenta-cerebral-el-poder-y-el-proposito-del-cerebro-adolescente","status":"publish","type":"product","link":"https:\/\/tavapy.gov.py\/biblioteca\/product\/tormenta-cerebral-el-poder-y-el-proposito-del-cerebro-adolescente\/","title":{"rendered":"TORMENTA CEREBRAL: EL PODER Y EL PROP\u00d3SITO DEL CEREBRO ADOLESCENTE."},"content":{"rendered":"","protected":false},"excerpt":{"rendered":"<p>Entre los 12 y los 24 a\u00f1os el cerebro se transforma de manera decisiva y, con frecuencia, complicada. En Tormenta cerebral Daniel J. Siegel desmantela una serie de mitos populares sobre la adolescencia \u2013por ejemplo, que es una simple fase de \u00abinmadurez\u00bb llena de comportamientos a menudo \u00abenloquecidos\u00bb\u2013 para descubrir c\u00f3mo, en realidad, es una etapa trascendental de nuestras vidas a la hora de trazar la trayectoria del adulto que acabaremos siendo.<\/p>\n<p>Bas\u00e1ndose en s\u00f3lidas investigaciones recientes en el campo de la neurobiolog\u00eda interpersonal, explora emocionantes caminos en los que entender c\u00f3mo funciona el cerebro puede mejorar las vidas de los adolescentes y hacer sus relaciones m\u00e1s satisfactorias y menos solitarias y perturbadoras a ambos lados de la brecha generacional.<\/p>\n<p>La obra Tormenta cerebral fue publicada en el 2.013.<\/p>\n<p><a href=\"https:\/\/tavapy.gov.py\/biblioteca\/wp-content\/uploads\/2023\/01\/SiegelD-Tormenta-cerebral.pdf\" target=\"_blank\" rel=\"attachment noopener wp-att-6421\"><img loading=\"lazy\" decoding=\"async\" class=\"size-full wp-image-6421 alignleft\" src=\"https:\/\/tavapy.gov.py\/biblioteca\/wp-content\/uploads\/2023\/01\/icono-PDF-copia-2-3.png\" alt=\"\" width=\"121\" height=\"140\" \/><\/a><\/p>\n","protected":false},"featured_media":6564,"comment_status":"open","ping_status":"closed","template":"","meta":{"spay_email":""},"product_cat":[495],"product_tag":[],"class_list":{"0":"post-6566","1":"product","2":"type-product","3":"status-publish","4":"has-post-thumbnail","6":"book_author-daniel-siegel","7":"product_cat-psicologia-infantil-pedagogia","8":"entry"},"_links":{"self":[{"href":"https:\/\/tavapy.gov.py\/biblioteca\/wp-json\/wp\/v2\/product\/6566","targetHints":{"allow":["GET"]}}],"collection":[{"href":"https:\/\/tavapy.gov.py\/biblioteca\/wp-json\/wp\/v2\/product"}],"about":[{"href":"https:\/\/tavapy.gov.py\/biblioteca\/wp-json\/wp\/v2\/types\/product"}],"replies":[{"embeddable":true,"href":"https:\/\/tavapy.gov.py\/biblioteca\/wp-json\/wp\/v2\/comments?post=6566"}],"wp:featuredmedia":[{"embeddable":true,"href":"https:\/\/tavapy.gov.py\/biblioteca\/wp-json\/wp\/v2\/media\/6564"}],"wp:attachment":[{"href":"https:\/\/tavapy.gov.py\/biblioteca\/wp-json\/wp\/v2\/media?parent=6566"}],"wp:term":[{"taxonomy":"product_cat","embeddable":true,"href":"https:\/\/tavapy.gov.py\/biblioteca\/wp-json\/wp\/v2\/product_cat?post=6566"},{"taxonomy":"product_tag","embeddable":true,"href":"https:\/\/tavapy.gov.py\/biblioteca\/wp-json\/wp\/v2\/product_tag?post=6566"}],"curies":[{"name":"wp","href":"https:\/\/api.w.org\/{rel}","templated":true}]}}