{"id":6569,"date":"2023-01-30T19:19:59","date_gmt":"2023-01-30T19:19:59","guid":{"rendered":"https:\/\/tavapy.gov.py\/biblioteca\/?post_type=product&#038;p=6569"},"modified":"2023-01-30T19:20:00","modified_gmt":"2023-01-30T19:20:00","slug":"viaje-al-centro-de-la-mente-lo-que-significa-ser-humano","status":"publish","type":"product","link":"https:\/\/tavapy.gov.py\/biblioteca\/product\/viaje-al-centro-de-la-mente-lo-que-significa-ser-humano\/","title":{"rendered":"VIAJE AL CENTRO DE LA MENTE: LO QUE SIGNIFICA SER HUMANO"},"content":{"rendered":"","protected":false},"excerpt":{"rendered":"<p>\u00bfQu\u00e9 es la mente? \u00bfDe qu\u00e9 est\u00e1 hecha realmente la experiencia del yo? \u00bfEn qu\u00e9 difieren mente y cerebro? Los contenidos de la mente \u2015emociones, pensamientos y recuerdos\u2015 se describen con frecuencia, pero rara vez se define su esencia.<\/p>\n<p>En este libro, Siegel hace uso de su sensibilidad tan caracter\u00edstica y de su formaci\u00f3n interdisciplinaria para ofrecer una definici\u00f3n de la mente que esclarezca el c\u00f3mo, el qu\u00e9, el cu\u00e1ndo, el d\u00f3nde e incluso el porqu\u00e9 de quienes somos, de lo que es la mente, y del potencial que puede lograr nuestro yo mental.<\/p>\n<p>Viaje al centro de la mente sumerge al lector en un profundo viaje personal y cient\u00edfico al interior de la conciencia, la experiencia subjetiva y el procesamiento de informaci\u00f3n, revelando las propiedades de autoorganizaci\u00f3n de la mente que surgen del cuerpo y de las relaciones que mantenemos con los dem\u00e1s y con el mundo que nos rodea.<\/p>\n<p>Adem\u00e1s de presentar una gran variedad de ciencias de una manera apasionante y asequible \u2015de la neurobiolog\u00eda a la f\u00edsica cu\u00e1ntica, de la antropolog\u00eda a la psicolog\u00eda\u2015 este libro ofrece una experiencia que aborda algunas de nuestras preguntas personales y globales m\u00e1s acuciantes sobre la identidad, la conexi\u00f3n y el cultivo de bienestar en nuestra vida.<\/p>\n<p>La obra Viaje al centro de la mente fue publicada en el 2.016.<\/p>\n<p><a href=\"https:\/\/tavapy.gov.py\/biblioteca\/wp-content\/uploads\/2023\/01\/SiegelD-Viaje-al-centro-de-la-mente.pdf\" target=\"_blank\" rel=\"attachment noopener wp-att-6421\"><img loading=\"lazy\" decoding=\"async\" class=\"size-full wp-image-6421 alignleft\" src=\"https:\/\/tavapy.gov.py\/biblioteca\/wp-content\/uploads\/2023\/01\/icono-PDF-copia-2-3.png\" alt=\"\" width=\"121\" height=\"140\" \/><\/a><\/p>\n","protected":false},"featured_media":6567,"comment_status":"open","ping_status":"closed","template":"","meta":{"spay_email":""},"product_cat":[603],"product_tag":[],"class_list":{"0":"post-6569","1":"product","2":"type-product","3":"status-publish","4":"has-post-thumbnail","6":"book_author-daniel-siegel","7":"product_cat-psicologia-neurociencia","8":"entry"},"_links":{"self":[{"href":"https:\/\/tavapy.gov.py\/biblioteca\/wp-json\/wp\/v2\/product\/6569","targetHints":{"allow":["GET"]}}],"collection":[{"href":"https:\/\/tavapy.gov.py\/biblioteca\/wp-json\/wp\/v2\/product"}],"about":[{"href":"https:\/\/tavapy.gov.py\/biblioteca\/wp-json\/wp\/v2\/types\/product"}],"replies":[{"embeddable":true,"href":"https:\/\/tavapy.gov.py\/biblioteca\/wp-json\/wp\/v2\/comments?post=6569"}],"wp:featuredmedia":[{"embeddable":true,"href":"https:\/\/tavapy.gov.py\/biblioteca\/wp-json\/wp\/v2\/media\/6567"}],"wp:attachment":[{"href":"https:\/\/tavapy.gov.py\/biblioteca\/wp-json\/wp\/v2\/media?parent=6569"}],"wp:term":[{"taxonomy":"product_cat","embeddable":true,"href":"https:\/\/tavapy.gov.py\/biblioteca\/wp-json\/wp\/v2\/product_cat?post=6569"},{"taxonomy":"product_tag","embeddable":true,"href":"https:\/\/tavapy.gov.py\/biblioteca\/wp-json\/wp\/v2\/product_tag?post=6569"}],"curies":[{"name":"wp","href":"https:\/\/api.w.org\/{rel}","templated":true}]}}