{"id":6580,"date":"2023-01-30T19:43:53","date_gmt":"2023-01-30T19:43:53","guid":{"rendered":"https:\/\/tavapy.gov.py\/biblioteca\/?post_type=product&#038;p=6580"},"modified":"2023-01-30T19:45:00","modified_gmt":"2023-01-30T19:45:00","slug":"6580","status":"publish","type":"product","link":"https:\/\/tavapy.gov.py\/biblioteca\/product\/6580\/","title":{"rendered":"LA NATURALEZA DEL AMOR: DE PLAT\u00d3N A LUTERO \u2013 VOL. I."},"content":{"rendered":"","protected":false},"excerpt":{"rendered":"<p>En este primer volumen, el autor plantea los diferentes conceptos del amor desde la Antig \u0327edad hasta fines de la Edad Media. Analiza la tradici\u00f3n cl\u00e1sica a trav\u00e9s de la obra de fil\u00f3sofos tales como Plat\u00f3n, Arist\u00f3teles, Plotino, y de poetas como Ovidio y Lucrecio.<\/p>\n<p>La obra La naturaleza del amor: de Plat\u00f3n a Lutero fue publicada en 1.966.<\/p>\n<p><a href=\"https:\/\/tavapy.gov.py\/biblioteca\/wp-content\/uploads\/2023\/01\/SingerI-De-Platon-a-Lutero.pdf\" target=\"_blank\" rel=\"attachment noopener wp-att-6421\"><img loading=\"lazy\" decoding=\"async\" class=\"size-full wp-image-6421 alignleft\" src=\"https:\/\/tavapy.gov.py\/biblioteca\/wp-content\/uploads\/2023\/01\/icono-PDF-copia-2-3.png\" alt=\"\" width=\"121\" height=\"140\" \/><\/a><\/p>\n","protected":false},"featured_media":6578,"comment_status":"open","ping_status":"closed","template":"","meta":{"spay_email":""},"product_cat":[838],"product_tag":[],"class_list":{"0":"post-6580","1":"product","2":"type-product","3":"status-publish","4":"has-post-thumbnail","6":"book_author-irving-singer","7":"product_cat-filosofia-historia","8":"entry"},"_links":{"self":[{"href":"https:\/\/tavapy.gov.py\/biblioteca\/wp-json\/wp\/v2\/product\/6580","targetHints":{"allow":["GET"]}}],"collection":[{"href":"https:\/\/tavapy.gov.py\/biblioteca\/wp-json\/wp\/v2\/product"}],"about":[{"href":"https:\/\/tavapy.gov.py\/biblioteca\/wp-json\/wp\/v2\/types\/product"}],"replies":[{"embeddable":true,"href":"https:\/\/tavapy.gov.py\/biblioteca\/wp-json\/wp\/v2\/comments?post=6580"}],"wp:featuredmedia":[{"embeddable":true,"href":"https:\/\/tavapy.gov.py\/biblioteca\/wp-json\/wp\/v2\/media\/6578"}],"wp:attachment":[{"href":"https:\/\/tavapy.gov.py\/biblioteca\/wp-json\/wp\/v2\/media?parent=6580"}],"wp:term":[{"taxonomy":"product_cat","embeddable":true,"href":"https:\/\/tavapy.gov.py\/biblioteca\/wp-json\/wp\/v2\/product_cat?post=6580"},{"taxonomy":"product_tag","embeddable":true,"href":"https:\/\/tavapy.gov.py\/biblioteca\/wp-json\/wp\/v2\/product_tag?post=6580"}],"curies":[{"name":"wp","href":"https:\/\/api.w.org\/{rel}","templated":true}]}}