{"id":6584,"date":"2023-01-30T19:56:28","date_gmt":"2023-01-30T19:56:28","guid":{"rendered":"https:\/\/tavapy.gov.py\/biblioteca\/?post_type=product&#038;p=6584"},"modified":"2023-01-30T19:56:29","modified_gmt":"2023-01-30T19:56:29","slug":"celos-una-historia-cultural","status":"publish","type":"product","link":"https:\/\/tavapy.gov.py\/biblioteca\/product\/celos-una-historia-cultural\/","title":{"rendered":"CELOS: UNA HISTORIA CULTURAL."},"content":{"rendered":"","protected":false},"excerpt":{"rendered":"<p>Hablar de celos, sean los propios o los ajenos, requiere valor y tambi\u00e9n honestidad. Hay celos en el miedo a ser decepcionado, y un presentimiento de que ese a quien tanto amamos, podr\u00eda amar a cualquier otro por igual. Los celos no son una pasi\u00f3n cruel e insignificante ni el s\u00edntoma de una baja autoestima.<\/p>\n<p>Todos aquellos que hayan experimentado esta pasi\u00f3n bien saben que no es algo \u00ednfimo ni superficial, delirante o rid\u00edculo. Pero todo apunta a que los celos son una pasi\u00f3n inconfesable. \u00bfQu\u00e9 hacer entonces? \u00bfEs necesario callarlos o, por el contrario, recurrir a las hero\u00ednas de la tragedia griega para reivindicarlos?<\/p>\n<p>A trav\u00e9s de un recorrido por la historia de las ideas, Giulia Sissa nos revela que, tras los celos, se encuentra la intensa naturaleza del amor.<\/p>\n<p>La obra Celos: una historia cultural fue publicada en el 2.018.<\/p>\n<p><a href=\"https:\/\/tavapy.gov.py\/biblioteca\/wp-content\/uploads\/2023\/01\/SissaG-Celos.-Una-historia-cultural.pdf\" target=\"_blank\" rel=\"attachment noopener wp-att-6421\"><img loading=\"lazy\" decoding=\"async\" class=\"size-full wp-image-6421 alignleft\" src=\"https:\/\/tavapy.gov.py\/biblioteca\/wp-content\/uploads\/2023\/01\/icono-PDF-copia-2-3.png\" alt=\"\" width=\"121\" height=\"140\" \/><\/a><\/p>\n","protected":false},"featured_media":6581,"comment_status":"open","ping_status":"closed","template":"","meta":{"spay_email":""},"product_cat":[838],"product_tag":[],"class_list":{"0":"post-6584","1":"product","2":"type-product","3":"status-publish","4":"has-post-thumbnail","6":"book_author-giulia-sissa","7":"product_cat-filosofia-historia","8":"entry"},"_links":{"self":[{"href":"https:\/\/tavapy.gov.py\/biblioteca\/wp-json\/wp\/v2\/product\/6584","targetHints":{"allow":["GET"]}}],"collection":[{"href":"https:\/\/tavapy.gov.py\/biblioteca\/wp-json\/wp\/v2\/product"}],"about":[{"href":"https:\/\/tavapy.gov.py\/biblioteca\/wp-json\/wp\/v2\/types\/product"}],"replies":[{"embeddable":true,"href":"https:\/\/tavapy.gov.py\/biblioteca\/wp-json\/wp\/v2\/comments?post=6584"}],"wp:featuredmedia":[{"embeddable":true,"href":"https:\/\/tavapy.gov.py\/biblioteca\/wp-json\/wp\/v2\/media\/6581"}],"wp:attachment":[{"href":"https:\/\/tavapy.gov.py\/biblioteca\/wp-json\/wp\/v2\/media?parent=6584"}],"wp:term":[{"taxonomy":"product_cat","embeddable":true,"href":"https:\/\/tavapy.gov.py\/biblioteca\/wp-json\/wp\/v2\/product_cat?post=6584"},{"taxonomy":"product_tag","embeddable":true,"href":"https:\/\/tavapy.gov.py\/biblioteca\/wp-json\/wp\/v2\/product_tag?post=6584"}],"curies":[{"name":"wp","href":"https:\/\/api.w.org\/{rel}","templated":true}]}}