{"id":6588,"date":"2023-01-30T20:08:29","date_gmt":"2023-01-30T20:08:29","guid":{"rendered":"https:\/\/tavapy.gov.py\/biblioteca\/?post_type=product&#038;p=6588"},"modified":"2023-01-31T11:26:04","modified_gmt":"2023-01-31T11:26:04","slug":"un-ataque-de-lucidez","status":"publish","type":"product","link":"https:\/\/tavapy.gov.py\/biblioteca\/product\/un-ataque-de-lucidez\/","title":{"rendered":"UN ATAQUE DE LUCIDEZ."},"content":{"rendered":"","protected":false},"excerpt":{"rendered":"<p>Una inspiradora exploraci\u00f3n de la conciencia humana y sus posibilidades.<\/p>\n<p>Una ma\u00f1ana, la neuroanatomista Jill Taylor descubri\u00f3 que estaba teniendo un derrame cerebral masivo. Amante del funcionamiento del cerebro, Jill presenci\u00f3 fascinada c\u00f3mo sus capacidades mentales la iban abandonando una a una, y fue capaz de recordar el proceso.<\/p>\n<p>Tras una recuperaci\u00f3n que dur\u00f3 ocho a\u00f1os, Jill pudo escribir sobre el derrame, lo que aprendi\u00f3 gracias a \u00e9l y c\u00f3mo lo super\u00f3.<\/p>\n<p>Una historia poderosa sobre c\u00f3mo nuestro cerebro nos define y c\u00f3mo nos conecta con el mundo.<\/p>\n<p>La obra Un ataque de lucidez fue publicada en el 2.009.<\/p>\n<p><a href=\"https:\/\/tavapy.gov.py\/biblioteca\/wp-content\/uploads\/2023\/01\/TaylorJ-Un-ataque-de-lucidez.pdf\" target=\"_blank\" rel=\"attachment noopener wp-att-6421\"><img loading=\"lazy\" decoding=\"async\" class=\"size-full wp-image-6421 alignleft\" src=\"https:\/\/tavapy.gov.py\/biblioteca\/wp-content\/uploads\/2023\/01\/icono-PDF-copia-2-3.png\" alt=\"\" width=\"121\" height=\"140\" \/><\/a><\/p>\n<p>&nbsp;<\/p>\n","protected":false},"featured_media":6585,"comment_status":"open","ping_status":"closed","template":"","meta":{"spay_email":""},"product_cat":[841],"product_tag":[],"class_list":{"0":"post-6588","1":"product","2":"type-product","3":"status-publish","4":"has-post-thumbnail","6":"book_author-jill-taylor","7":"product_cat-neurociencia-narrativa-personal","8":"entry"},"_links":{"self":[{"href":"https:\/\/tavapy.gov.py\/biblioteca\/wp-json\/wp\/v2\/product\/6588","targetHints":{"allow":["GET"]}}],"collection":[{"href":"https:\/\/tavapy.gov.py\/biblioteca\/wp-json\/wp\/v2\/product"}],"about":[{"href":"https:\/\/tavapy.gov.py\/biblioteca\/wp-json\/wp\/v2\/types\/product"}],"replies":[{"embeddable":true,"href":"https:\/\/tavapy.gov.py\/biblioteca\/wp-json\/wp\/v2\/comments?post=6588"}],"wp:featuredmedia":[{"embeddable":true,"href":"https:\/\/tavapy.gov.py\/biblioteca\/wp-json\/wp\/v2\/media\/6585"}],"wp:attachment":[{"href":"https:\/\/tavapy.gov.py\/biblioteca\/wp-json\/wp\/v2\/media?parent=6588"}],"wp:term":[{"taxonomy":"product_cat","embeddable":true,"href":"https:\/\/tavapy.gov.py\/biblioteca\/wp-json\/wp\/v2\/product_cat?post=6588"},{"taxonomy":"product_tag","embeddable":true,"href":"https:\/\/tavapy.gov.py\/biblioteca\/wp-json\/wp\/v2\/product_tag?post=6588"}],"curies":[{"name":"wp","href":"https:\/\/api.w.org\/{rel}","templated":true}]}}