{"id":6592,"date":"2023-01-30T20:21:42","date_gmt":"2023-01-30T20:21:42","guid":{"rendered":"https:\/\/tavapy.gov.py\/biblioteca\/?post_type=product&#038;p=6592"},"modified":"2023-01-30T20:21:42","modified_gmt":"2023-01-30T20:21:42","slug":"el-odio-que-das","status":"publish","type":"product","link":"https:\/\/tavapy.gov.py\/biblioteca\/product\/el-odio-que-das\/","title":{"rendered":"EL ODIO QUE DAS."},"content":{"rendered":"","protected":false},"excerpt":{"rendered":"<p>\u00abEsta historia es necesaria. Esta historia es importante.\u00bb<\/p>\n<p>Starr es una chica de diecis\u00e9is a\u00f1os que vive entre dos mundos: el barrio pobre de gente negra donde naci\u00f3, y su escuela situada en un elegante distrito residencial blanco. El dif\u00edcil equilibrio entre ambos se hace a\u00f1icos cuando ella se convierte en testigo de la muerte a tiros de su mejor amigo, Khalil, a manos de un polic\u00eda.<\/p>\n<p>A partir de ese momento, todo lo que Starr diga acerca de la aterradora noche que cambi\u00f3 su vida podr\u00e1 ser usado de excusa por unos y como arma por otros. Y lo peor de todo es que ambos bandos esperan que d\u00e9 un paso en falso para poner fin a su vida.<\/p>\n<p>Inspirado por el movimiento Black Lives Matter, el debut de Angie Thomas sobre una chica normal sometida a tan dif\u00edciles circunstancias aborda cuestiones de racismo y violencia policial con inteligencia, coraz\u00f3n y una honestidad inquebrantable.<\/p>\n<p>La obra El odio que das fue publicada en el 2.017.<\/p>\n<p><a href=\"https:\/\/tavapy.gov.py\/biblioteca\/wp-content\/uploads\/2023\/01\/ThomasA-El-odio-que-das.pdf\" target=\"_blank\" rel=\"attachment noopener wp-att-6421\"><img loading=\"lazy\" decoding=\"async\" class=\"size-full wp-image-6421 alignleft\" src=\"https:\/\/tavapy.gov.py\/biblioteca\/wp-content\/uploads\/2023\/01\/icono-PDF-copia-2-3.png\" alt=\"\" width=\"121\" height=\"140\" \/><\/a><\/p>\n","protected":false},"featured_media":6589,"comment_status":"open","ping_status":"closed","template":"","meta":{"spay_email":""},"product_cat":[843],"product_tag":[],"class_list":{"0":"post-6592","1":"product","2":"type-product","3":"status-publish","4":"has-post-thumbnail","6":"book_author-angie-thomas","7":"product_cat-novela-ficcion-urbana","8":"entry"},"_links":{"self":[{"href":"https:\/\/tavapy.gov.py\/biblioteca\/wp-json\/wp\/v2\/product\/6592","targetHints":{"allow":["GET"]}}],"collection":[{"href":"https:\/\/tavapy.gov.py\/biblioteca\/wp-json\/wp\/v2\/product"}],"about":[{"href":"https:\/\/tavapy.gov.py\/biblioteca\/wp-json\/wp\/v2\/types\/product"}],"replies":[{"embeddable":true,"href":"https:\/\/tavapy.gov.py\/biblioteca\/wp-json\/wp\/v2\/comments?post=6592"}],"wp:featuredmedia":[{"embeddable":true,"href":"https:\/\/tavapy.gov.py\/biblioteca\/wp-json\/wp\/v2\/media\/6589"}],"wp:attachment":[{"href":"https:\/\/tavapy.gov.py\/biblioteca\/wp-json\/wp\/v2\/media?parent=6592"}],"wp:term":[{"taxonomy":"product_cat","embeddable":true,"href":"https:\/\/tavapy.gov.py\/biblioteca\/wp-json\/wp\/v2\/product_cat?post=6592"},{"taxonomy":"product_tag","embeddable":true,"href":"https:\/\/tavapy.gov.py\/biblioteca\/wp-json\/wp\/v2\/product_tag?post=6592"}],"curies":[{"name":"wp","href":"https:\/\/api.w.org\/{rel}","templated":true}]}}