{"id":6599,"date":"2023-01-30T20:34:46","date_gmt":"2023-01-30T20:34:46","guid":{"rendered":"https:\/\/tavapy.gov.py\/biblioteca\/?post_type=product&#038;p=6599"},"modified":"2026-02-16T16:12:37","modified_gmt":"2026-02-16T16:12:37","slug":"el-arte-de-negociar","status":"publish","type":"product","link":"https:\/\/tavapy.gov.py\/biblioteca\/product\/el-arte-de-negociar\/","title":{"rendered":"EL ARTE DE NEGOCIAR."},"content":{"rendered":"","protected":false},"excerpt":{"rendered":"<p>Jos\u00e9 Tortosa publica este libro donde intenta recopilar m\u00e1s de 15 a\u00f1os de experiencia en negociaciones con todo tipo de clientes, ya sean peque\u00f1os, PYMES o grandes cuentas. \u00bfSabes enfrentarte a todas ellas? En la vida cotidiana nos vemos en situaciones muy similares en las cuales debemos tener el control.<\/p>\n<p>Este libro contiene una parte explicativa, donde cuenta errores y victorias de negociaciones vividas en primera persona por el autor, otra parte te\u00f3rica en la que recopila los apuntes de m\u00e1steres y ponencias y una tercera, de colaboraci\u00f3n por parte de los @marketerosnocturnos (twitter), donde se realiz\u00f3 un resumen de los mejores expertos en la materia sobre EL ARTE DE NEGOCIAR.<\/p>\n<p>De esta forma el autor pretende tener muchos puntos de vista, el vivido, la teor\u00eda y el de terceros. Un libro de f\u00e1cil lectura, sencillo, pr\u00e1ctico, con experiencias, y \u00fatil para el d\u00eda a d\u00eda. Recuerda, \u00abdebemos saber escuchar el doble y hablar menos\u00bb. \u00abLo m\u00e1s importante de una negociaci\u00f3n es escuchar lo que no se dice\u00bb Peter Drucker.<\/p>\n<p>La obra El arte de negociar fue publicada en el 2.015.<\/p>\n<p><a href=\"https:\/\/tavapy.gov.py\/biblioteca\/wp-content\/uploads\/2023\/01\/TortosaJ-El-arte-de-negociar.pdf\" target=\"_blank\" rel=\"attachment noopener wp-att-7418\"><img loading=\"lazy\" decoding=\"async\" class=\"size-full wp-image-7418 alignleft\" src=\"https:\/\/tavapy.gov.py\/biblioteca\/wp-content\/uploads\/2023\/03\/icono-PDF-copia-2.png\" alt=\"\" width=\"121\" height=\"140\" \/><\/a><\/p>\n","protected":false},"featured_media":6596,"comment_status":"open","ping_status":"closed","template":"","meta":{"spay_email":""},"product_cat":[742],"product_tag":[],"class_list":{"0":"post-6599","1":"product","2":"type-product","3":"status-publish","4":"has-post-thumbnail","6":"book_author-jose-tortosa","7":"product_cat-empresas-gestion-empresarial","8":"entry"},"_links":{"self":[{"href":"https:\/\/tavapy.gov.py\/biblioteca\/wp-json\/wp\/v2\/product\/6599","targetHints":{"allow":["GET"]}}],"collection":[{"href":"https:\/\/tavapy.gov.py\/biblioteca\/wp-json\/wp\/v2\/product"}],"about":[{"href":"https:\/\/tavapy.gov.py\/biblioteca\/wp-json\/wp\/v2\/types\/product"}],"replies":[{"embeddable":true,"href":"https:\/\/tavapy.gov.py\/biblioteca\/wp-json\/wp\/v2\/comments?post=6599"}],"wp:featuredmedia":[{"embeddable":true,"href":"https:\/\/tavapy.gov.py\/biblioteca\/wp-json\/wp\/v2\/media\/6596"}],"wp:attachment":[{"href":"https:\/\/tavapy.gov.py\/biblioteca\/wp-json\/wp\/v2\/media?parent=6599"}],"wp:term":[{"taxonomy":"product_cat","embeddable":true,"href":"https:\/\/tavapy.gov.py\/biblioteca\/wp-json\/wp\/v2\/product_cat?post=6599"},{"taxonomy":"product_tag","embeddable":true,"href":"https:\/\/tavapy.gov.py\/biblioteca\/wp-json\/wp\/v2\/product_tag?post=6599"}],"curies":[{"name":"wp","href":"https:\/\/api.w.org\/{rel}","templated":true}]}}