{"id":6607,"date":"2023-01-30T20:51:31","date_gmt":"2023-01-30T20:51:31","guid":{"rendered":"https:\/\/tavapy.gov.py\/biblioteca\/?post_type=product&#038;p=6607"},"modified":"2023-01-30T20:53:19","modified_gmt":"2023-01-30T20:53:19","slug":"si-me-escogieras","status":"publish","type":"product","link":"https:\/\/tavapy.gov.py\/biblioteca\/product\/si-me-escogieras\/","title":{"rendered":"SI ME ESCOGIERAS."},"content":{"rendered":"","protected":false},"excerpt":{"rendered":"<p>\u00bfQu\u00e9 puede hacer una mujer cuando casi ha perdido la esperanza que el hombre que aprecia se d\u00e9 cuenta de que existe?<\/p>\n<p>Una apasionante novela ambientada en Escocia en el a\u00f1o 1900. Amor, pasi\u00f3n y deseo de mano de Elizabeth Urian. Una celebraci\u00f3n para encontrar esposa al joven McDougall. Rostros conocidos en un grupo reducido. Es imposible que nada vaya mal&#8230; Aun as\u00ed, un invitado sorpresa, una familia muy especial, un incidente fortuito y una mujer \u00fanica conseguir\u00e1n alterar el curso de los acontecimientos.<\/p>\n<p>\u00bfEst\u00e1 preparado Ewan para enamorarse?<\/p>\n<p>En la Escocia de mil novecientos, Ewan McDougall se prepara para actuar con entendimiento. Por este motivo, pide ayuda a la m\u00e1s indicada para hacer realidad sus planes: su madre.<\/p>\n<p>Los invitados est\u00e1n a punto de llegar al hogar de los McDougall, un castillo ancestral, donde podr\u00e1 decidir si Marian Elizabeth y \u00e9l son compatibles; una decisi\u00f3n que ahora le parece de lo m\u00e1s sencilla.<\/p>\n<p>La obra Si me escogieras fue publicada en el 2.019.<\/p>\n<p><a href=\"https:\/\/tavapy.gov.py\/biblioteca\/wp-content\/uploads\/2023\/01\/UrianE-Si-me-escogieras.pdf\" target=\"_blank\" rel=\"attachment noopener wp-att-6421\"><img loading=\"lazy\" decoding=\"async\" class=\"size-full wp-image-6421 alignleft\" src=\"https:\/\/tavapy.gov.py\/biblioteca\/wp-content\/uploads\/2023\/01\/icono-PDF-copia-2-3.png\" alt=\"\" width=\"121\" height=\"140\" \/><\/a><\/p>\n","protected":false},"featured_media":6604,"comment_status":"open","ping_status":"closed","template":"","meta":{"spay_email":""},"product_cat":[783],"product_tag":[],"class_list":{"0":"post-6607","1":"product","2":"type-product","3":"status-publish","4":"has-post-thumbnail","6":"book_author-elizabeth-urian","7":"product_cat-novela-romantica","8":"entry"},"_links":{"self":[{"href":"https:\/\/tavapy.gov.py\/biblioteca\/wp-json\/wp\/v2\/product\/6607","targetHints":{"allow":["GET"]}}],"collection":[{"href":"https:\/\/tavapy.gov.py\/biblioteca\/wp-json\/wp\/v2\/product"}],"about":[{"href":"https:\/\/tavapy.gov.py\/biblioteca\/wp-json\/wp\/v2\/types\/product"}],"replies":[{"embeddable":true,"href":"https:\/\/tavapy.gov.py\/biblioteca\/wp-json\/wp\/v2\/comments?post=6607"}],"wp:featuredmedia":[{"embeddable":true,"href":"https:\/\/tavapy.gov.py\/biblioteca\/wp-json\/wp\/v2\/media\/6604"}],"wp:attachment":[{"href":"https:\/\/tavapy.gov.py\/biblioteca\/wp-json\/wp\/v2\/media?parent=6607"}],"wp:term":[{"taxonomy":"product_cat","embeddable":true,"href":"https:\/\/tavapy.gov.py\/biblioteca\/wp-json\/wp\/v2\/product_cat?post=6607"},{"taxonomy":"product_tag","embeddable":true,"href":"https:\/\/tavapy.gov.py\/biblioteca\/wp-json\/wp\/v2\/product_tag?post=6607"}],"curies":[{"name":"wp","href":"https:\/\/api.w.org\/{rel}","templated":true}]}}