{"id":6611,"date":"2023-01-30T21:02:53","date_gmt":"2023-01-30T21:02:53","guid":{"rendered":"https:\/\/tavapy.gov.py\/biblioteca\/?post_type=product&#038;p=6611"},"modified":"2023-01-30T21:03:35","modified_gmt":"2023-01-30T21:03:35","slug":"6611","status":"publish","type":"product","link":"https:\/\/tavapy.gov.py\/biblioteca\/product\/6611\/","title":{"rendered":"EL PEQUE\u00d1O DICTADOR CRECE. PADRES E HIJOS EN CONFLICTO."},"content":{"rendered":"","protected":false},"excerpt":{"rendered":"<p>Este libro recorre lo que ocurre cuando estos hijos tiranos se convierten en adolescentes y adultos que siguen siendo dictadores<\/p>\n<p>El peque\u00f1o dictador ha crecido. Ese hijo tirano al que Javier Urra ya dedic\u00f3 un libro de gran \u00e9xito, que adem\u00e1s rompi\u00f3 un tab\u00fa y abri\u00f3 los ojos a una realidad complicada, tiene ahora algunos a\u00f1os m\u00e1s, un poder mayor y un contexto vital muy diferente, entre otras cosas por el auge de las nuevas tecnolog\u00edas.<\/p>\n<p>Las situaciones que entonces se daban como un hecho aislado son hoy alarmantes por su frecuencia. \u00bfQu\u00e9 est\u00e1 pasando en nuestra sociedad? En estas p\u00e1ginas se habla de padres que gritan en silencio e hijos que tambi\u00e9n sufren; del manejo inadecuado de las emociones que conduce a relaciones destructivas; de lo que se piensa que est\u00e1 bien y est\u00e1 mal, tambaleando cualquier tipo de autoridad; de conductas violentas, falta de tiempo para convivir, mentiras y riesgos\u2026<\/p>\n<p>Sin embargo, defiende el autor, hay esperanza. Si sabemos desterrar el mito de la armon\u00eda de la familia, entendemos que la soluci\u00f3n ha de provenir de su seno y que el proceso es largo y lleno de incertidumbres, esta obra nos ayudar\u00e1 porque elude los consabidos consejos del \u00abhay que\u00bb para explicar el \u00abc\u00f3mo\u00bb lograr el entendimiento mutuo entre padres e hijos.<\/p>\n<p>La obra El peque\u00f1o dictador crece: padres e hijos en conflicto fue publicada en el 2.015.<\/p>\n<p><a href=\"https:\/\/tavapy.gov.py\/biblioteca\/wp-content\/uploads\/2023\/01\/UrraJ-El-pequeno-dictador-crece.-Padres-e-hijos-en-conflicto.pdf\" target=\"_blank\" rel=\"attachment noopener wp-att-6421\"><img loading=\"lazy\" decoding=\"async\" class=\"size-full wp-image-6421 alignleft\" src=\"https:\/\/tavapy.gov.py\/biblioteca\/wp-content\/uploads\/2023\/01\/icono-PDF-copia-2-3.png\" alt=\"\" width=\"121\" height=\"140\" \/><\/a><\/p>\n","protected":false},"featured_media":6608,"comment_status":"open","ping_status":"closed","template":"","meta":{"spay_email":""},"product_cat":[849],"product_tag":[],"class_list":{"0":"post-6611","1":"product","2":"type-product","3":"status-publish","4":"has-post-thumbnail","6":"book_author-javier-urra","7":"product_cat-psicologia-evolutiva-y-del-desarrollo","8":"entry"},"_links":{"self":[{"href":"https:\/\/tavapy.gov.py\/biblioteca\/wp-json\/wp\/v2\/product\/6611","targetHints":{"allow":["GET"]}}],"collection":[{"href":"https:\/\/tavapy.gov.py\/biblioteca\/wp-json\/wp\/v2\/product"}],"about":[{"href":"https:\/\/tavapy.gov.py\/biblioteca\/wp-json\/wp\/v2\/types\/product"}],"replies":[{"embeddable":true,"href":"https:\/\/tavapy.gov.py\/biblioteca\/wp-json\/wp\/v2\/comments?post=6611"}],"wp:featuredmedia":[{"embeddable":true,"href":"https:\/\/tavapy.gov.py\/biblioteca\/wp-json\/wp\/v2\/media\/6608"}],"wp:attachment":[{"href":"https:\/\/tavapy.gov.py\/biblioteca\/wp-json\/wp\/v2\/media?parent=6611"}],"wp:term":[{"taxonomy":"product_cat","embeddable":true,"href":"https:\/\/tavapy.gov.py\/biblioteca\/wp-json\/wp\/v2\/product_cat?post=6611"},{"taxonomy":"product_tag","embeddable":true,"href":"https:\/\/tavapy.gov.py\/biblioteca\/wp-json\/wp\/v2\/product_tag?post=6611"}],"curies":[{"name":"wp","href":"https:\/\/api.w.org\/{rel}","templated":true}]}}